{"id":102214,"date":"2022-09-20T21:35:24","date_gmt":"2022-09-20T19:35:24","guid":{"rendered":"https:\/\/neu.sidispinnt.ch\/?page_id=102214"},"modified":"2026-03-12T21:19:20","modified_gmt":"2026-03-12T20:19:20","slug":"studio","status":"publish","type":"page","link":"https:\/\/sidispinnt.ch\/?page_id=102214&lang=en","title":{"rendered":"Studio"},"content":{"rendered":"<div class=\"wpb-content-wrapper\"><section class=\"vc_row wpb_row vc_row-fluid  vc_custom_1629704812573\"><div class=\"wpb_column vc_column_container col-xs-mobile-fullwidth vc_col-sm-12\"><div class=\"vc_column-inner\"><div class=\"wpb_wrapper\"><div class=\"special-content-block-1 block-style-1-1\"><div class=\"block-img\"><img loading=\"lazy\" decoding=\"async\" width=\"2560\" height=\"1711\" src=\"https:\/\/sidispinnt.ch\/wp-content\/uploads\/2022\/09\/AtelierWand-scaled.jpg\" class=\"\" alt=\"\" title=\"\" srcset=\"https:\/\/sidispinnt.ch\/wp-content\/uploads\/2022\/09\/AtelierWand-scaled.jpg 2560w, https:\/\/sidispinnt.ch\/wp-content\/uploads\/2022\/09\/AtelierWand-300x201.jpg 300w, https:\/\/sidispinnt.ch\/wp-content\/uploads\/2022\/09\/AtelierWand-1024x685.jpg 1024w, https:\/\/sidispinnt.ch\/wp-content\/uploads\/2022\/09\/AtelierWand-768x513.jpg 768w, https:\/\/sidispinnt.ch\/wp-content\/uploads\/2022\/09\/AtelierWand-1536x1027.jpg 1536w, https:\/\/sidispinnt.ch\/wp-content\/uploads\/2022\/09\/AtelierWand-2048x1369.jpg 2048w, https:\/\/sidispinnt.ch\/wp-content\/uploads\/2022\/09\/AtelierWand-84x56.jpg 84w, https:\/\/sidispinnt.ch\/wp-content\/uploads\/2022\/09\/AtelierWand-200x134.jpg 200w, https:\/\/sidispinnt.ch\/wp-content\/uploads\/2022\/09\/AtelierWand-450x301.jpg 450w, https:\/\/sidispinnt.ch\/wp-content\/uploads\/2022\/09\/AtelierWand-1182x790.jpg 1182w, https:\/\/sidispinnt.ch\/wp-content\/uploads\/2022\/09\/AtelierWand-800x535.jpg 800w, https:\/\/sidispinnt.ch\/wp-content\/uploads\/2022\/09\/AtelierWand-1000x668.jpg 1000w\" sizes=\"auto, (max-width: 2560px) 100vw, 2560px\" \/><\/div><div class=\"block-content\"><div class=\"hongo-content hongo_font_1773346758597\"><p><strong>Opening hours<\/strong><br \/>\nEvery Tuesday from 9.00 to 11.00 AM.<br \/>\nOnline orders are always sent a few times per week.<\/p>\n<p><strong>Christmas holidays<br \/>\n<\/strong>The studio will be closed from Mach 17, 2026, to April 5, 2026. The online shop is closed from March 23, 2026 to April 5, 2026.<\/p>\n<p><strong>Address<\/strong><br \/>\nKirchstrasse 8i<br \/>\n3097 Liebefeld<\/p>\n<p>You will find us on the upper floor of the Steinh\u00f6lzlim\u00e4rit in Liebefeld \/ Bern<\/p>\n<\/div><\/div><\/div><\/div><\/div><\/div><\/section><section data-vc-full-width=\"true\" data-vc-full-width-init=\"false\" data-vc-stretch-content=\"true\" class=\"vc_row wpb_row vc_row-fluid  vc_custom_1629705026616   hongo-stretch-content vc_row-no-padding hongo-stretch-content-fluid vc_row-o-equal-height vc_row-flex\"><div class=\"wpb_column vc_column_container col-xs-mobile-fullwidth vc_col-sm-12 vc_col-md-6 wow fadeInLeft\" data-wow-duration= 1200ms><div class=\"vc_column-inner no-column-padding\"><div class=\"wpb_wrapper\"><div id=\"hongo-gmap-1\" class=\"google-map hongo-gmap-1 hongo-gmap-style-1\"><iframe loading=\"lazy\" src=\"https:\/\/www.google.com\/maps\/embed?pb=!1m18!1m12!1m3!1d2724.607045441575!2d7.425712551374178!3d46.93010704235354!2m3!1f0!2f0!3f0!3m2!1i1024!2i768!4f13.1!3m3!1m2!1s0x478e384dd00ecfc9%3A0xd75781ca738bb16c!2sSidispinnt!5e0!3m2!1sde!2sch!4v1609415062266!5m2!1sde!2sch\" width=\"600\" height=\"450\" frameborder=\"0\" style=\"border:0;\" allowfullscreen=\"\" aria-hidden=\"false\" tabindex=\"0\"><\/iframe><\/div><\/div><\/div><\/div><div class=\"wpb_column vc_column_container vc_col-has-fill col-xs-mobile-fullwidth vc_col-sm-12 vc_col-md-6 wow fadeInRight\" data-wow-delay= 200ms data-wow-duration= 1200ms><div class=\"vc_column-inner vc_custom_1629705861739 no-column-padding\"><div class=\"wpb_wrapper\"><div class=\"alt-font heading-style-6 vc_custom_1663702451684 heading-1 hongo-section-heading hongo_font_1663702451681\"><span>HOW TO FIND US<\/span><\/div><blockquote class=\"blockquote-style-1 hongo-blockquote-1-1\"><div class=\"blockquote-content hongo_font_1663702505438 alt-font\"><p><strong>By public transport<\/strong><br \/>\nFrom the main train station take line 19 in the direction of Blinzern and get off at the Steinh\u00f6lzli stop. Continue in the direction of travel until after the traffic circle, then change sides of the road. Approx. 200m straight ahead into the main entrance of Steinh\u00f6lzlim\u00e4rit.<br \/>\nTake the elevator or stairs to the upper floor and then turn left. It is also signposted everywhere.<\/p>\n<p><strong>By car<\/strong><br \/>\nFreeway exit 12 Bern-B\u00fcmpliz<br \/>\nThere is a parking garage in the Steinh\u00f6lzlim\u00e4rit for the Coop shopping center and also all around the quarter you can park in the blue zone.<\/p>\n<\/div><\/blockquote><\/div><\/div><\/div><\/section><div class=\"vc_row-full-width vc_clearfix\"><\/div>\n<\/div>","protected":false},"excerpt":{"rendered":"Opening hours Every Tuesday from 9.00 to 11.00 AM. Online orders are always sent a few times per week. Christmas holidays The studio will be closed from Mach 17, 2026, to April 5, 2026. The online shop is closed from March 23, 2026 to April 5, 2026. Address Kirchstrasse 8i 3097 Liebefeld You will find us on the upper floor of the Steinh\u00f6lzlim\u00e4rit in Liebefeld \/ Bern HOW TO FIND USBy public transport From the main train station take line 19 in the direction of Blinzern and get off at the Steinh\u00f6lzli stop. Continue in the direction of travel until after the traffic circle, then change sides of the road. Approx. 200m straight ahead into the main entrance of Steinh\u00f6lzlim\u00e4rit. Take the elevator or stairs to the upper floor and then turn left. It is also signposted everywhere. By car Freeway exit 12 Bern-B\u00fcmpliz There is a parking garage in the Steinh\u00f6lzlim\u00e4rit for the Coop shopping center and also all around the quarter you can park in the blue zone.","protected":false},"author":1,"featured_media":0,"parent":0,"menu_order":0,"comment_status":"closed","ping_status":"closed","template":"","meta":{"footnotes":""},"class_list":["post-102214","page","type-page","status-publish","hentry"],"_links":{"self":[{"href":"https:\/\/sidispinnt.ch\/index.php?rest_route=\/wp\/v2\/pages\/102214","targetHints":{"allow":["GET"]}}],"collection":[{"href":"https:\/\/sidispinnt.ch\/index.php?rest_route=\/wp\/v2\/pages"}],"about":[{"href":"https:\/\/sidispinnt.ch\/index.php?rest_route=\/wp\/v2\/types\/page"}],"author":[{"embeddable":true,"href":"https:\/\/sidispinnt.ch\/index.php?rest_route=\/wp\/v2\/users\/1"}],"replies":[{"embeddable":true,"href":"https:\/\/sidispinnt.ch\/index.php?rest_route=%2Fwp%2Fv2%2Fcomments&post=102214"}],"version-history":[{"count":10,"href":"https:\/\/sidispinnt.ch\/index.php?rest_route=\/wp\/v2\/pages\/102214\/revisions"}],"predecessor-version":[{"id":112004,"href":"https:\/\/sidispinnt.ch\/index.php?rest_route=\/wp\/v2\/pages\/102214\/revisions\/112004"}],"wp:attachment":[{"href":"https:\/\/sidispinnt.ch\/index.php?rest_route=%2Fwp%2Fv2%2Fmedia&parent=102214"}],"curies":[{"name":"wp","href":"https:\/\/api.w.org\/{rel}","templated":true}]}}