{"id":105815,"date":"2022-10-15T16:22:31","date_gmt":"2022-10-15T14:22:31","guid":{"rendered":"https:\/\/sidispinnt.ch\/?page_id=105815"},"modified":"2022-11-10T10:51:49","modified_gmt":"2022-11-10T09:51:49","slug":"datenschutzerklaerung","status":"publish","type":"page","link":"https:\/\/sidispinnt.ch\/?page_id=105815","title":{"rendered":"Datenschutzerkl\u00e4rung"},"content":{"rendered":"<div class=\"wpb-content-wrapper\"><section class=\"vc_row wpb_row vc_row-fluid  vc_custom_1666358131313\"><div class=\"wpb_column vc_column_container col-xs-mobile-fullwidth vc_col-sm-12\"><div class=\"vc_column-inner\"><div class=\"wpb_wrapper\"><ul class=\"list-style list-style-9 list-style9-1\"><li><div class=\"alt-font hongo_font_1668073924978\">Wer wir sind<\/div><p class=\"\">Die Adresse unserer Website ist: https:\/\/sidispinnt.ch.<\/p><\/li><li><div class=\"alt-font hongo_font_1668073924978\">Kommentare<\/div><p class=\"\">Wenn Besucher Kommentare auf der Website schreiben, sammeln wir die Daten, die im Kommentar-Formular angezeigt werden, au\u00dferdem die IP-Adresse des Besuchers und den User-Agent-String (damit wird der Browser identifiziert), um die Erkennung von Spam zu unterst\u00fctzen.<\/p><\/li><li><div class=\"alt-font hongo_font_1668073924978\">Cookies<\/div><p class=\"\">Wenn du einen Kommentar auf unserer Website schreibst, kann das eine Einwilligung sein, deinen Namen, E-Mail-Adresse und Website in Cookies zu speichern. Dies ist eine Komfortfunktion, damit du nicht, wenn du einen weiteren Kommentar schreibst, all diese Daten erneut eingeben musst. Diese Cookies werden ein Jahr lang gespeichert.\n\nFalls du ein Konto hast und dich auf dieser Website anmeldest, werden wir ein tempor\u00e4res Cookie setzen, um festzustellen, ob dein Browser Cookies akzeptiert. Dieses Cookie enth\u00e4lt keine personenbezogenen Daten und wird verworfen, wenn du deinen Browser schlie\u00dft.\n\nWenn du dich anmeldest, werden wir einige Cookies einrichten, um deine Anmeldeinformationen und Anzeigeoptionen zu speichern. Anmelde-Cookies verfallen nach zwei Tagen und Cookies f\u00fcr die Anzeigeoptionen nach einem Jahr. Falls du bei der Anmeldung \u201eAngemeldet bleiben\u201c ausw\u00e4hlst, wird deine Anmeldung zwei Wochen lang aufrechterhalten. Mit der Abmeldung aus deinem Konto werden die Anmelde-Cookies gel\u00f6scht.\n\nWenn du einen Artikel bearbeitest oder ver\u00f6ffentlichst, wird ein zus\u00e4tzlicher Cookie in deinem Browser gespeichert. Dieser Cookie enth\u00e4lt keine personenbezogenen Daten und verweist nur auf die Beitrags-ID des Artikels, den du gerade bearbeitet hast. Der Cookie verf\u00e4llt nach einem Tag.<\/p><\/li><li><div class=\"alt-font hongo_font_1668073924978\">Was wir sammeln und speichern<\/div><p class=\"\">Wenn du eine Zur\u00fccksetzung des Passworts beantragst, wird deine IP-Adresse in der E-Mail zur Zur\u00fccksetzung enthalten sein.\n<\/br>\n\nWir sammeln Informationen \u00fcber Dich w\u00e4hrend des Bestellvorgangs in unserem Shop.\n\nWas wir sammeln und speichern\n<\/br>\nW\u00e4hrend du unsere Website besuchst, zeichnen wir auf:\n\nAngesehene Produkte: Hier zeigen wir dir Produkte, die du vor Kurzem angesehen hast.\nStandort, IP-Adresse und Browser-Typ: Wir verwenden dies f\u00fcr Zwecke wie die Sch\u00e4tzung von Steuern und Versandkosten\nVersandadresse: Wir werden dich auffordern, diese anzugeben, um beispielsweise die Versandkosten bestimmen zu k\u00f6nnen, bevor du eine Bestellung aufgibst, und dir die Bestellung zusenden zu k\u00f6nnen.\n\nWir nutzen auch Cookies, um den Inhalt deines Warenkorbs zu verfolgen, w\u00e4hrend du unsere Website besuchst.\n\nWenn du bei uns einkaufst, werden wir dich auffordern, Informationen wie deinen Namen, deine Rechnungs- und Versandadresse, deine E-Mail-Adresse und deine Telefonnummer, Kreditkartendaten\/Zahlungsdetails sowie optionale Kontoinformationen wie Benutzername und Kennwort anzugeben. Wir nutzen diese Informationen f\u00fcr folgende Zwecke:\n\nZusenden von Informationen \u00fcber dein Konto und Bestellung\nAntwort auf deine Anfragen, inklusive Erstattungen und Beschwerden\nBearbeitung von Zahlungsvorg\u00e4ngen und Verhinderung von Betrug\nRichten Sie Ihr Konto f\u00fcr unseren Shop ein\nEinhaltung aller rechtlichen Verpflichtungen, beispielsweise die Steuerberechnung\nVerbesserung unsere Shop-Angebote\nSenden von Marketing-Nachrichten, wenn du diese erhalten m\u00f6chtest\n\nWenn du ein Konto bei uns erstellst, speichern wir deinen Namen, deine Adresse, deine E-Mail-Adresse und deine Telefonnummer. Diese Angaben werden bei k\u00fcnftigen Bestellungen zum Ausf\u00fcllen der Bezahlinformationen verwendet.\n\nWir speichern Informationen \u00fcber dich \u00fcblicherweise so lange, wie wir sie f\u00fcr den Zweck der Erfassung und Nutzung ben\u00f6tigen und verpflichtet sind, sie zu speichern. Beispielsweise speichern wir Bestellinformationen f\u00fcr 10 Jahre aus Steuer- und Abrechnungsgr\u00fcnden. Dazu geh\u00f6rt dein Name, deine E-Mail-Adresse sowie deine Rechnungs- und Versandadresse.\n\nWir speichern auch Kommentare oder Bewertungen, wenn du dich dazu entscheidest diese zu hinterlassen.<\/p><\/li><li><div class=\"alt-font hongo_font_1668073924978\">Wie lange wir deine Daten speichern<\/div><p class=\"\">Wenn du einen Kommentar schreibst, wird dieser inklusive Metadaten zeitlich unbegrenzt gespeichert. Auf diese Art k\u00f6nnen wir Folgekommentare automatisch erkennen und freigeben, anstatt sie in einer Moderations-Warteschlange festzuhalten.\n\nF\u00fcr Benutzer, die sich auf unserer Website registrieren, speichern wir zus\u00e4tzlich die pers\u00f6nlichen Informationen, die sie in ihren Benutzerprofilen angeben. Alle Benutzer k\u00f6nnen jederzeit ihre pers\u00f6nlichen Informationen einsehen, ver\u00e4ndern oder l\u00f6schen (der Benutzername kann nicht ver\u00e4ndert werden). Administratoren der Website k\u00f6nnen diese Informationen ebenfalls einsehen und ver\u00e4ndern.<\/p><\/li><li><div class=\"alt-font hongo_font_1668073924978\">Welche Rechte du an deinen Daten hast<\/div><p class=\"\">Wenn du ein Konto auf dieser Website besitzt oder Kommentare geschrieben hast, kannst du einen Export deiner personenbezogenen Daten bei uns anfordern, inklusive aller Daten, die du uns mitgeteilt hast. Dar\u00fcber hinaus kannst du die L\u00f6schung aller personenbezogenen Daten, die wir von dir gespeichert haben, anfordern. Dies umfasst nicht die Daten, die wir aufgrund administrativer, rechtlicher oder sicherheitsrelevanter Notwendigkeiten aufbewahren m\u00fcssen.<\/p><\/li><li><div class=\"alt-font hongo_font_1668073924978\">Wer aus unserem Team hat Zugang<\/div><p class=\"\">Mitglieder unseres Teams haben Zugang zu den Informationen, die du uns zur Verf\u00fcgung stellst. Zum Beispiel k\u00f6nnen sowohl Administratoren als auch Shop-Manager auf Folgendes zugreifen:\n\nBestellinformationen wie gekaufte Produkte, der Zeitpunkt des Kaufs sowie die Versandadresse und\nKundeninformationen wie dein Name, E-Mail-Adresse, sowie Rechnungs- und Versandinformationen.\n\nUnsere Teammitglieder haben Zugriff auf diese Informationen, um Bestellungen zu bearbeiten, R\u00fcckerstattungen vorzunehmen und Dich zu unterst\u00fctzen.\n\n<\/p><\/li><li><div class=\"alt-font hongo_font_1668073924978\">Was wir mit anderen teilen<\/div><p class=\"\">Wir teilen Informationen mit Dritten, die uns helfen, Ihnen unsere Bestellungen und Dienstleistungen anzubieten. Beispielsweise \n<\/br>\n<\/br>\n<b>Mailchimp<\/b>\n<\/br>\nWenn du einkaufst, speichern wir deine E-Mail und den Inhalt des Warenkorbs bis zu 30 Tage lang auf unserem Server. Dieser Datensatz wird aufbewahrt, um den Inhalt des Warenkorbs wieder aufzuf\u00fcllen, wenn das Ger\u00e4t gewechselt wird oder an einem anderen Tag wiederkommst. Lies dazu die Datenschutzrichtlinien von Mailchimp <a href=\"https:\/\/www.intuit.com\/privacy\/statement\">hier<\/a>.\n<\/p><\/li><li><div class=\"alt-font hongo_font_1668073924978\">Eingebettete Inhalte von anderen Websites<\/div><p class=\"\">Beitr\u00e4ge auf dieser Website k\u00f6nnen eingebettete Inhalte beinhalten (z. B. Videos, Bilder, Beitr\u00e4ge etc.). Eingebettete Inhalte von anderen Websites verhalten sich exakt so, als ob der Besucher die andere Website besucht h\u00e4tte.\n\nDiese Websites k\u00f6nnen Daten \u00fcber dich sammeln, Cookies benutzen, zus\u00e4tzliche Tracking-Dienste von Dritten einbetten und deine Interaktion mit diesem eingebetteten Inhalt aufzeichnen, inklusive deiner Interaktion mit dem eingebetteten Inhalt, falls du ein Konto hast und auf dieser Website angemeldet bist.<\/p><\/li><li><div class=\"alt-font hongo_font_1668073924978\">Zahlungen<\/div><p class=\"\">Wir akzeptieren Zahlungen mit PayPal. Bei der Zahlungsabwicklung werden einige deiner Daten an PayPal weitergegeben. Hierbei werden ausschliesslich erforderliche Informationen f\u00fcr die Verarbeitung oder Durchf\u00fchrung der Zahlung weitergegeben wie beispielsweise Gesamtkaufpreis und Zahlungsinformationen.\n\n<a href=\"https:\/\/www.paypal.com\/us\/webapps\/mpp\/ua\/privacy-full\">Hier<\/a> kannst du dir die PayPal Datenschutzerkl\u00e4rung ansehen.<\/p><\/li><li><div class=\"alt-font hongo_font_1668073924978\">reCAPTCHA<\/div><p class=\"\">Diese Website ist durch reCAPTCHA gesch\u00fctzt, dadurch wird die Google\n    <a href=\"https:\/\/policies.google.com\/privacy\">Privacy Policy<\/a> und\n    <a href=\"https:\/\/policies.google.com\/terms\">Terms of Service<\/a> angewendet.<\/p><\/li><\/ul><\/div><\/div><\/div><\/section>\n<\/div>","protected":false},"excerpt":{"rendered":"Wer wir sindDie Adresse unserer Website ist: https:\/\/sidispinnt.ch.KommentareWenn Besucher Kommentare auf der Website schreiben, sammeln wir die Daten, die im Kommentar-Formular angezeigt werden, au\u00dferdem die IP-Adresse des Besuchers und den User-Agent-String (damit wird der Browser identifiziert), um die Erkennung von Spam zu unterst\u00fctzen.CookiesWenn du einen Kommentar auf unserer Website schreibst, kann das eine Einwilligung sein, deinen Namen, E-Mail-Adresse und Website in Cookies zu speichern. Dies ist eine Komfortfunktion, damit du nicht, wenn du einen weiteren Kommentar schreibst, all diese Daten erneut eingeben musst. Diese Cookies werden ein Jahr lang gespeichert. Falls du ein Konto hast und dich auf dieser Website anmeldest, werden wir ein tempor\u00e4res Cookie setzen, um festzustellen, ob dein Browser Cookies akzeptiert. Dieses Cookie enth\u00e4lt keine personenbezogenen Daten und wird verworfen, wenn du deinen Browser schlie\u00dft. Wenn du dich anmeldest, werden wir einige Cookies einrichten, um deine Anmeldeinformationen und Anzeigeoptionen zu speichern. Anmelde-Cookies verfallen nach zwei Tagen und Cookies f\u00fcr die Anzeigeoptionen nach einem Jahr. Falls du bei der Anmeldung \u201eAngemeldet bleiben\u201c ausw\u00e4hlst, wird deine Anmeldung zwei Wochen lang aufrechterhalten. Mit der Abmeldung aus deinem Konto werden die Anmelde-Cookies gel\u00f6scht. Wenn du einen Artikel bearbeitest oder ver\u00f6ffentlichst, wird ein zus\u00e4tzlicher Cookie in deinem Browser gespeichert. Dieser Cookie enth\u00e4lt...","protected":false},"author":1,"featured_media":0,"parent":0,"menu_order":0,"comment_status":"closed","ping_status":"closed","template":"","meta":{"footnotes":""},"class_list":["post-105815","page","type-page","status-publish","hentry"],"_links":{"self":[{"href":"https:\/\/sidispinnt.ch\/index.php?rest_route=\/wp\/v2\/pages\/105815","targetHints":{"allow":["GET"]}}],"collection":[{"href":"https:\/\/sidispinnt.ch\/index.php?rest_route=\/wp\/v2\/pages"}],"about":[{"href":"https:\/\/sidispinnt.ch\/index.php?rest_route=\/wp\/v2\/types\/page"}],"author":[{"embeddable":true,"href":"https:\/\/sidispinnt.ch\/index.php?rest_route=\/wp\/v2\/users\/1"}],"replies":[{"embeddable":true,"href":"https:\/\/sidispinnt.ch\/index.php?rest_route=%2Fwp%2Fv2%2Fcomments&post=105815"}],"version-history":[{"count":16,"href":"https:\/\/sidispinnt.ch\/index.php?rest_route=\/wp\/v2\/pages\/105815\/revisions"}],"predecessor-version":[{"id":106168,"href":"https:\/\/sidispinnt.ch\/index.php?rest_route=\/wp\/v2\/pages\/105815\/revisions\/106168"}],"wp:attachment":[{"href":"https:\/\/sidispinnt.ch\/index.php?rest_route=%2Fwp%2Fv2%2Fmedia&parent=105815"}],"curies":[{"name":"wp","href":"https:\/\/api.w.org\/{rel}","templated":true}]}}