{"id":108295,"date":"2023-07-02T20:40:12","date_gmt":"2023-07-02T18:40:12","guid":{"rendered":"https:\/\/sidispinnt.ch\/?page_id=108295"},"modified":"2025-09-02T17:39:04","modified_gmt":"2025-09-02T15:39:04","slug":"kurse","status":"publish","type":"page","link":"https:\/\/sidispinnt.ch\/?page_id=108295","title":{"rendered":"Kurse"},"content":{"rendered":"<div class=\"wpb-content-wrapper\"><section class=\"vc_row wpb_row vc_row-fluid  vc_custom_1688323187908\"><div class=\"wpb_column vc_column_container col-xs-mobile-fullwidth vc_col-sm-12\"><div class=\"vc_column-inner\"><div class=\"wpb_wrapper\"><div class=\"woocommerce hongo-woocommerce-product-lists\"><div id=\"hongo-product-list-1\" class=\"hongo-product-category-lists hongo-product-list-1\"><div class=\"woocommerce columns-4 \"><ul class=\"products columns-4 hongo-shop-masonry hongo-shop-common-isotope hongo-product-list-common-wrap hongo-shop-col-4 hongo-shop-md-col-4 hongo-shop-sm-col-3 hongo-shop-xs-col-1 gutter-medium hongo-buttons-4 hongo-text-center\" data-col=\"4\">\n\t\t\t<li class=\"grid-sizer\"><\/li>\n\t\t<li class=\"product type-product post-108029 status-publish first instock product_cat-kurse product_tag-anfaenger product_tag-handspindel product_tag-kurs product_tag-spinnen has-post-thumbnail virtual purchasable product-type-simple\">\n\t\t\t<div class=\"product-thumb-wrap\">\n\t\t<a href=\"https:\/\/sidispinnt.ch\/?product=kurs-handspindel-fuer-anfaenger-20-05-2023\" class=\"woocommerce-LoopProduct-link woocommerce-loop-product__link\">\t<div class=\"sale-new-wrap\">\n\t\t\t\t\t\t\t\t\t\t\t\t<span class=\"new alt-font\">Neu<\/span>\t\t\t<\/div>\n<img loading=\"lazy\" decoding=\"async\" width=\"800\" height=\"533\" src=\"https:\/\/sidispinnt.ch\/wp-content\/uploads\/2023\/04\/IMG_20240910_093801-800x533.jpg\" class=\"attachment-woocommerce_thumbnail size-woocommerce_thumbnail\" alt=\"\" srcset=\"https:\/\/sidispinnt.ch\/wp-content\/uploads\/2023\/04\/IMG_20240910_093801-800x533.jpg 800w, https:\/\/sidispinnt.ch\/wp-content\/uploads\/2023\/04\/IMG_20240910_093801-300x200.jpg 300w, https:\/\/sidispinnt.ch\/wp-content\/uploads\/2023\/04\/IMG_20240910_093801-1024x683.jpg 1024w, https:\/\/sidispinnt.ch\/wp-content\/uploads\/2023\/04\/IMG_20240910_093801-768x512.jpg 768w, https:\/\/sidispinnt.ch\/wp-content\/uploads\/2023\/04\/IMG_20240910_093801-1536x1024.jpg 1536w, https:\/\/sidispinnt.ch\/wp-content\/uploads\/2023\/04\/IMG_20240910_093801-2048x1365.jpg 2048w, https:\/\/sidispinnt.ch\/wp-content\/uploads\/2023\/04\/IMG_20240910_093801-84x56.jpg 84w, https:\/\/sidispinnt.ch\/wp-content\/uploads\/2023\/04\/IMG_20240910_093801-200x133.jpg 200w, https:\/\/sidispinnt.ch\/wp-content\/uploads\/2023\/04\/IMG_20240910_093801-450x300.jpg 450w, https:\/\/sidispinnt.ch\/wp-content\/uploads\/2023\/04\/IMG_20240910_093801-1185x790.jpg 1185w, https:\/\/sidispinnt.ch\/wp-content\/uploads\/2023\/04\/IMG_20240910_093801-1000x667.jpg 1000w\" sizes=\"auto, (max-width: 800px) 100vw, 800px\" \/><div class=\"product-overlay\"><\/div><\/a>\t\t\t\t<div class=\"product-buttons-wrap\" data-tooltip-position=\"right\">\n\t\t\t\t\t<a href=\"\/index.php?rest_route=%2Fwp%2Fv2%2Fpages%2F108295&#038;add-to-cart=108029\" data-quantity=\"1\" class=\"alt-font hongo-loop-product-button button product_type_simple add_to_cart_button ajax_add_to_cart\" data-product_id=\"108029\" data-product_sku=\"\" aria-label=\"In den Warenkorb legen: \u201eKurs Handspindel f\u00fcr Anf\u00e4nger 19.05.2026\u201c\" rel=\"nofollow\" data-success_message=\"\u201eKurs Handspindel f\u00fcr Anf\u00e4nger 19.05.2026\u201c wurde deinem Warenkorb hinzugef\u00fcgt\" role=\"button\"><i class=\"icon-basket\" title=\"In den Warenkorb\"><\/i><span class=\"add-to-cart-text button-text\">In den Warenkorb<\/span><\/a><a rel=\"nofollow\" href=\"javascript:void(0);\" data-product_id=\"108029\" class=\"alt-font button hongo-quick-view\"><i class=\"icon-eye icons\" title=\"Quick View\"><\/i><span class=\"quick-view-text button-text\">Quick View<\/span><\/a><a rel=\"nofollow\" href=\"javascript:void(0);\" data-product_id=\"108029\" class=\"alt-font button product_type_simple hongo-wishlist hongo-wishlist-add\"><i class=\"icon-heart\" title=\"Add to Wishlist\"><\/i><span class=\"wish-list-text button-text\">Add to Wishlist<\/span><\/a>\n\t\t\t\t<\/div><!-- .product-buttons-wrap -->\n\t\t\t\t<\/div><!-- .product-thumb-wrap -->\n\t<div class=\"product-title-price-wrap\">\n\t\t<a href=\"https:\/\/sidispinnt.ch\/?product=kurs-handspindel-fuer-anfaenger-20-05-2023\" class=\"hongo-LoopProduct-link\">\n\t\t\t<h2 class=\"woocommerce-loop-product__title\">Kurs Handspindel f\u00fcr Anf\u00e4nger 19.05.2026<\/h2>\n\t\t<\/a>\n\t\t\n\t<span class=\"price\"><span class=\"woocommerce-Price-amount amount\"><bdi><span class=\"woocommerce-Price-currencySymbol\">&#67;&#72;&#70;<\/span>&nbsp;105.00<\/bdi><\/span><\/span>\n<div class=\"hongo-rich-snippet display-none\"><span class=\"entry-title\">Kurs Handspindel f\u00fcr Anf\u00e4nger 19.05.2026<\/span><span class=\"author vcard\"><a class=\"url fn n\" href=https:\/\/sidispinnt.ch\/?author=1>asita<\/a><\/span><span class=\"published\">3. April 2023<\/span><time class=\"updated\" datetime=\"2026-04-21T15:13:04+02:00\">21. April 2026<\/time><\/div>\t<\/div><!-- .product-title-price-wrap -->\n\t<\/li>\n\t<li class=\"product type-product post-110354 status-publish instock product_cat-kurse product_tag-kurs product_tag-spinnen has-post-thumbnail virtual purchasable product-type-simple\">\n\t\t\t<div class=\"product-thumb-wrap\">\n\t\t<a href=\"https:\/\/sidispinnt.ch\/?product=kurs-standspindel-spinnen\" class=\"woocommerce-LoopProduct-link woocommerce-loop-product__link\">\t<div class=\"sale-new-wrap\">\n\t\t\t\t\t\t\t\t\t\t\t\t<span class=\"new alt-font\">Neu<\/span>\t\t\t<\/div>\n<img loading=\"lazy\" decoding=\"async\" width=\"800\" height=\"533\" src=\"https:\/\/sidispinnt.ch\/wp-content\/uploads\/2024\/08\/KursStandspindel-800x533.jpg\" class=\"attachment-woocommerce_thumbnail size-woocommerce_thumbnail\" alt=\"\" srcset=\"https:\/\/sidispinnt.ch\/wp-content\/uploads\/2024\/08\/KursStandspindel-800x533.jpg 800w, https:\/\/sidispinnt.ch\/wp-content\/uploads\/2024\/08\/KursStandspindel-300x200.jpg 300w, https:\/\/sidispinnt.ch\/wp-content\/uploads\/2024\/08\/KursStandspindel-1024x683.jpg 1024w, https:\/\/sidispinnt.ch\/wp-content\/uploads\/2024\/08\/KursStandspindel-768x512.jpg 768w, https:\/\/sidispinnt.ch\/wp-content\/uploads\/2024\/08\/KursStandspindel-84x56.jpg 84w, https:\/\/sidispinnt.ch\/wp-content\/uploads\/2024\/08\/KursStandspindel-200x133.jpg 200w, https:\/\/sidispinnt.ch\/wp-content\/uploads\/2024\/08\/KursStandspindel-450x300.jpg 450w, https:\/\/sidispinnt.ch\/wp-content\/uploads\/2024\/08\/KursStandspindel-1185x790.jpg 1185w, https:\/\/sidispinnt.ch\/wp-content\/uploads\/2024\/08\/KursStandspindel-1000x667.jpg 1000w, https:\/\/sidispinnt.ch\/wp-content\/uploads\/2024\/08\/KursStandspindel.jpg 1200w\" sizes=\"auto, (max-width: 800px) 100vw, 800px\" \/><div class=\"product-overlay\"><\/div><\/a>\t\t\t\t<div class=\"product-buttons-wrap\" data-tooltip-position=\"right\">\n\t\t\t\t\t<a href=\"\/index.php?rest_route=%2Fwp%2Fv2%2Fpages%2F108295&#038;add-to-cart=110354\" data-quantity=\"1\" class=\"alt-font hongo-loop-product-button button product_type_simple add_to_cart_button ajax_add_to_cart\" data-product_id=\"110354\" data-product_sku=\"\" aria-label=\"In den Warenkorb legen: \u201eKurs Standspindel Spinnen 23.06.2026\u201c\" rel=\"nofollow\" data-success_message=\"\u201eKurs Standspindel Spinnen 23.06.2026\u201c wurde deinem Warenkorb hinzugef\u00fcgt\" role=\"button\"><i class=\"icon-basket\" title=\"In den Warenkorb\"><\/i><span class=\"add-to-cart-text button-text\">In den Warenkorb<\/span><\/a><a rel=\"nofollow\" href=\"javascript:void(0);\" data-product_id=\"110354\" class=\"alt-font button hongo-quick-view\"><i class=\"icon-eye icons\" title=\"Quick View\"><\/i><span class=\"quick-view-text button-text\">Quick View<\/span><\/a><a rel=\"nofollow\" href=\"javascript:void(0);\" data-product_id=\"110354\" class=\"alt-font button product_type_simple hongo-wishlist hongo-wishlist-add\"><i class=\"icon-heart\" title=\"Add to Wishlist\"><\/i><span class=\"wish-list-text button-text\">Add to Wishlist<\/span><\/a>\n\t\t\t\t<\/div><!-- .product-buttons-wrap -->\n\t\t\t\t<\/div><!-- .product-thumb-wrap -->\n\t<div class=\"product-title-price-wrap\">\n\t\t<a href=\"https:\/\/sidispinnt.ch\/?product=kurs-standspindel-spinnen\" class=\"hongo-LoopProduct-link\">\n\t\t\t<h2 class=\"woocommerce-loop-product__title\">Kurs Standspindel Spinnen 23.06.2026<\/h2>\n\t\t<\/a>\n\t\t\n\t<span class=\"price\"><span class=\"woocommerce-Price-amount amount\"><bdi><span class=\"woocommerce-Price-currencySymbol\">&#67;&#72;&#70;<\/span>&nbsp;105.00<\/bdi><\/span><\/span>\n<div class=\"hongo-rich-snippet display-none\"><span class=\"entry-title\">Kurs Standspindel Spinnen 23.06.2026<\/span><span class=\"author vcard\"><a class=\"url fn n\" href=https:\/\/sidispinnt.ch\/?author=1>asita<\/a><\/span><span class=\"published\">26. August 2024<\/span><time class=\"updated\" datetime=\"2026-04-21T18:15:02+02:00\">21. April 2026<\/time><\/div>\t<\/div><!-- .product-title-price-wrap -->\n\t<\/li>\n\t<li class=\"product type-product post-112089 status-publish instock product_cat-kurse product_tag-kurs product_tag-spinnen has-post-thumbnail virtual purchasable product-type-simple\">\n\t\t\t<div class=\"product-thumb-wrap\">\n\t\t<a href=\"https:\/\/sidispinnt.ch\/?product=kurs-zwirnarten-auf-der-handspindel-21-07-2026\" class=\"woocommerce-LoopProduct-link woocommerce-loop-product__link\">\t<div class=\"sale-new-wrap\">\n\t\t\t\t\t\t\t\t\t\t\t\t<span class=\"new alt-font\">Neu<\/span>\t\t\t<\/div>\n<img loading=\"lazy\" decoding=\"async\" width=\"800\" height=\"533\" src=\"https:\/\/sidispinnt.ch\/wp-content\/uploads\/2026\/04\/1000049869-800x533.jpg\" class=\"attachment-woocommerce_thumbnail size-woocommerce_thumbnail\" alt=\"\" srcset=\"https:\/\/sidispinnt.ch\/wp-content\/uploads\/2026\/04\/1000049869-800x533.jpg 800w, https:\/\/sidispinnt.ch\/wp-content\/uploads\/2026\/04\/1000049869-300x200.jpg 300w, https:\/\/sidispinnt.ch\/wp-content\/uploads\/2026\/04\/1000049869-1024x683.jpg 1024w, https:\/\/sidispinnt.ch\/wp-content\/uploads\/2026\/04\/1000049869-768x512.jpg 768w, https:\/\/sidispinnt.ch\/wp-content\/uploads\/2026\/04\/1000049869-1536x1024.jpg 1536w, https:\/\/sidispinnt.ch\/wp-content\/uploads\/2026\/04\/1000049869-84x56.jpg 84w, https:\/\/sidispinnt.ch\/wp-content\/uploads\/2026\/04\/1000049869-200x133.jpg 200w, https:\/\/sidispinnt.ch\/wp-content\/uploads\/2026\/04\/1000049869-450x300.jpg 450w, https:\/\/sidispinnt.ch\/wp-content\/uploads\/2026\/04\/1000049869-1185x790.jpg 1185w, https:\/\/sidispinnt.ch\/wp-content\/uploads\/2026\/04\/1000049869-1000x667.jpg 1000w, https:\/\/sidispinnt.ch\/wp-content\/uploads\/2026\/04\/1000049869.jpg 1920w\" sizes=\"auto, (max-width: 800px) 100vw, 800px\" \/><div class=\"product-overlay\"><\/div><\/a>\t\t\t\t<div class=\"product-buttons-wrap\" data-tooltip-position=\"right\">\n\t\t\t\t\t<a href=\"\/index.php?rest_route=%2Fwp%2Fv2%2Fpages%2F108295&#038;add-to-cart=112089\" data-quantity=\"1\" class=\"alt-font hongo-loop-product-button button product_type_simple add_to_cart_button ajax_add_to_cart\" data-product_id=\"112089\" data-product_sku=\"\" aria-label=\"In den Warenkorb legen: \u201eKurs Zwirnarten auf der Handspindel 21.07.2026\u201c\" rel=\"nofollow\" data-success_message=\"\u201eKurs Zwirnarten auf der Handspindel 21.07.2026\u201c wurde deinem Warenkorb hinzugef\u00fcgt\" role=\"button\"><i class=\"icon-basket\" title=\"In den Warenkorb\"><\/i><span class=\"add-to-cart-text button-text\">In den Warenkorb<\/span><\/a><a rel=\"nofollow\" href=\"javascript:void(0);\" data-product_id=\"112089\" class=\"alt-font button hongo-quick-view\"><i class=\"icon-eye icons\" title=\"Quick View\"><\/i><span class=\"quick-view-text button-text\">Quick View<\/span><\/a><a rel=\"nofollow\" href=\"javascript:void(0);\" data-product_id=\"112089\" class=\"alt-font button product_type_simple hongo-wishlist hongo-wishlist-add\"><i class=\"icon-heart\" title=\"Add to Wishlist\"><\/i><span class=\"wish-list-text button-text\">Add to Wishlist<\/span><\/a>\n\t\t\t\t<\/div><!-- .product-buttons-wrap -->\n\t\t\t\t<\/div><!-- .product-thumb-wrap -->\n\t<div class=\"product-title-price-wrap\">\n\t\t<a href=\"https:\/\/sidispinnt.ch\/?product=kurs-zwirnarten-auf-der-handspindel-21-07-2026\" class=\"hongo-LoopProduct-link\">\n\t\t\t<h2 class=\"woocommerce-loop-product__title\">Kurs Zwirnarten auf der Handspindel 21.07.2026<\/h2>\n\t\t<\/a>\n\t\t\n\t<span class=\"price\"><span class=\"woocommerce-Price-amount amount\"><bdi><span class=\"woocommerce-Price-currencySymbol\">&#67;&#72;&#70;<\/span>&nbsp;105.00<\/bdi><\/span><\/span>\n<div class=\"hongo-rich-snippet display-none\"><span class=\"entry-title\">Kurs Zwirnarten auf der Handspindel 21.07.2026<\/span><span class=\"author vcard\"><a class=\"url fn n\" href=https:\/\/sidispinnt.ch\/?author=1>asita<\/a><\/span><span class=\"published\">21. April 2026<\/span><time class=\"updated\" datetime=\"2026-04-21T18:15:02+02:00\">21. April 2026<\/time><\/div>\t<\/div><!-- .product-title-price-wrap -->\n\t<\/li>\n\t<\/ul>\n<\/div><\/div><\/div><\/div><\/div><\/div><\/section>\n<\/div>","protected":false},"excerpt":{"rendered":"Neu In den WarenkorbQuick ViewAdd to Wishlist Kurs Handspindel f\u00fcr Anf\u00e4nger 19.05.2026 &#67;&#72;&#70;&nbsp;105.00 Kurs Handspindel f\u00fcr Anf\u00e4nger 19.05.2026asita3. April 202321. April 2026 Neu In den WarenkorbQuick ViewAdd to Wishlist Kurs Standspindel Spinnen 23.06.2026 &#67;&#72;&#70;&nbsp;105.00 Kurs Standspindel Spinnen 23.06.2026asita26. August 202421. April 2026 Neu In den WarenkorbQuick ViewAdd to Wishlist Kurs Zwirnarten auf der Handspindel 21.07.2026 &#67;&#72;&#70;&nbsp;105.00 Kurs Zwirnarten auf der Handspindel 21.07.2026asita21. April 202621. April 2026","protected":false},"author":1,"featured_media":0,"parent":0,"menu_order":0,"comment_status":"closed","ping_status":"closed","template":"","meta":{"footnotes":""},"class_list":["post-108295","page","type-page","status-publish","hentry"],"_links":{"self":[{"href":"https:\/\/sidispinnt.ch\/index.php?rest_route=\/wp\/v2\/pages\/108295","targetHints":{"allow":["GET"]}}],"collection":[{"href":"https:\/\/sidispinnt.ch\/index.php?rest_route=\/wp\/v2\/pages"}],"about":[{"href":"https:\/\/sidispinnt.ch\/index.php?rest_route=\/wp\/v2\/types\/page"}],"author":[{"embeddable":true,"href":"https:\/\/sidispinnt.ch\/index.php?rest_route=\/wp\/v2\/users\/1"}],"replies":[{"embeddable":true,"href":"https:\/\/sidispinnt.ch\/index.php?rest_route=%2Fwp%2Fv2%2Fcomments&post=108295"}],"version-history":[{"count":6,"href":"https:\/\/sidispinnt.ch\/index.php?rest_route=\/wp\/v2\/pages\/108295\/revisions"}],"predecessor-version":[{"id":111314,"href":"https:\/\/sidispinnt.ch\/index.php?rest_route=\/wp\/v2\/pages\/108295\/revisions\/111314"}],"wp:attachment":[{"href":"https:\/\/sidispinnt.ch\/index.php?rest_route=%2Fwp%2Fv2%2Fmedia&parent=108295"}],"curies":[{"name":"wp","href":"https:\/\/api.w.org\/{rel}","templated":true}]}}