{"id":9327,"date":"2018-05-01T06:57:47","date_gmt":"2018-05-01T06:57:47","guid":{"rendered":"https:\/\/hongo.themezaa.com\/?page_id=9327"},"modified":"2022-10-21T15:14:16","modified_gmt":"2022-10-21T13:14:16","slug":"terms-and-conditions","status":"publish","type":"page","link":"https:\/\/sidispinnt.ch\/?page_id=9327","title":{"rendered":"AGBs &#038; Impressum"},"content":{"rendered":"<div class=\"wpb-content-wrapper\"><section class=\"vc_row wpb_row vc_row-fluid  vc_custom_1627900340923    hongo_responsive_1627900340927\"><div class=\"wpb_column vc_column_container col-xs-mobile-fullwidth vc_col-sm-6 text-left\"><div class=\"vc_column-inner vc_custom_1564119849834  hongo_responsive_1564119849838\"><div class=\"wpb_wrapper\"><ul class=\"list-style list-style-9 list-style9-1\"><li><div class=\"alt-font hongo_font_1665902439905\">Allgemeines <\/div><p class=\"\">Alle Leistungen, die von Sidispinnt www.sidispinnt.ch f\u00fcr den Kunden erbracht werden, erfolgen ausschliesslich auf der Grundlage der nachfolgenden Allgemeinen Gesch\u00e4ftsbedingungen.<\/p><\/li><li><div class=\"alt-font hongo_font_1665902439905\">Vertragsabschluss<\/div><p class=\"\">Dieser kommt durch die Bestellung des Kunden und die darauf folgende Auftragsbest\u00e4tigung per E-Mail von Sidispinnt zustande. <\/p><\/li><li><div class=\"alt-font hongo_font_1665902439905\">Produkte \/ Angebot<\/div><p class=\"\">S\u00e4mtliche Angaben zu den Artikeln im Shop sind unverbindlich. Es handelt sich um handgef\u00e4rbte und handgefertigte Artikel, bei denen Farbabweichungen auftreten k\u00f6nnen. Einzelne Farben k\u00f6nnen auf Wunsch nachgef\u00e4rbt werden; Sidispinnt kann jedoch keine Garantie daf\u00fcr \u00fcbernehmen, dass eine Nachf\u00e4rbung exakt den Farbton der Originalf\u00e4rbung ergibt. <\/p><\/li><li><div class=\"alt-font hongo_font_1665902439905\">Preise<\/div><p class=\"\">Es gelten die am Tag der Bestellung g\u00fcltigen Preise. Preis\u00e4nderungen vorbehalten.\n<\/p><\/li><li><div class=\"alt-font hongo_font_1665902439905\">Zahlung<\/div><p class=\"\">Barzahlung, Kredit- und Debitkarten sind bei Abholung m\u00f6glich. Ausgeschlossen Postkarte.\nBei Bestellung auf Rechnung unter CHF 300.- wird ein Einzahlungsschein beigelegt. Dieser ist zahlbar innert 30 Tagen. Bitte geben Sie bei Ihrer \u00dcberweisung als Verwendungszweck Ihren Namen und die Rechnungsnummer an, damit wir den Zahlungseingang Ihrer Bestellung zuordnen k\u00f6nnen.\nBei Bestellungen \u00fcber CHF 300.- wird eine Vorkasse verlangt.\n<\/p><\/li><\/ul><\/div><\/div><\/div><div class=\"wpb_column vc_column_container col-xs-mobile-fullwidth vc_col-sm-6\"><div class=\"vc_column-inner vc_custom_1563789431025  hongo_responsive_1563789431031\"><div class=\"wpb_wrapper\"><ul class=\"list-style list-style-9 list-style9-2\"><li><div class=\"alt-font hongo_font_1665902448821\">Lieferzeiten<\/div><p class=\"\">Alle Artikel werden umgehend, sofern ab Lager verf\u00fcgbar, ausgeliefert. Die Lieferzeit betr\u00e4gt innerhalb der Schweiz in der Regel bis zu 7 Werktage.\nSollte ein Artikel kurzfristig nicht verf\u00fcgbar sein, informieren wir Sie per E-Mail \u00fcber die zu erwartende Lieferzeit.\nEinige Artikel haben eine l\u00e4ngere Lieferzeit (z.B. Auftragsf\u00e4rbungen).\nBei Lieferungsverz\u00f6gerungen, die z.B. aufgrund h\u00f6herer Gewalt, Verkehrsst\u00f6rungen und\/oder Verf\u00fcgungen von \u00fcbergeordneter Stelle sowie durch andere, nicht von uns verursachte Ereignisse, besteht keinerlei Schadensersatzanspruch gegen\u00fcber Sidispinnt.<\/p><\/li><li><div class=\"alt-font hongo_font_1665902448821\">Versand<\/div><p class=\"\">F\u00fcr die Schweiz wird mit der normalen Post versendet.  Bei  grossen Abweichungen (z.B Briefsendung) wird Ihnen die Differenz auf der Rechnung abge\u00e4ndert.\nAuf Wunsch versenden wir Ihre Bestellung per A-Post. Die Kosten gehen zu Lasten des K\u00e4ufers.\nDie Lieferung erfolgt auf Gefahr des K\u00e4ufers, Transportsch\u00e4den sind sofort beim Zustelldienst anzuzeigen.\n\nIn alle \u00fcbrigen L\u00e4ndern werden die tats\u00e4chlich anfallenden Kosten berechnet. Bitte beachtet, dass bei Lieferungen ins Ausland Zollkosten anfallen k\u00f6nnen. Dazu kann die Ortsans\u00e4ssige Zoll oder Poststelle Auskunft geben.<\/p><\/li><li><div class=\"alt-font hongo_font_1665902448821\">R\u00fcckgaberecht<\/div><p class=\"\">Wir nehmen unben\u00fctzte Artikel in unversehrtem Zustand innerhalb von 14 Tagen nach Erhalt zur\u00fcck. Die Versandkosten f\u00fcr die R\u00fccksendung tr\u00e4gt der K\u00e4ufer. Bitte setzen Sie sich vor einer allf\u00e4lligen R\u00fccksendung mit uns in Verbindung, damit wir die Abwicklung f\u00fcr Sie vornehmen k\u00f6nnen.<\/p><\/li><li><div class=\"alt-font hongo_font_1665902448821\">G\u00fcltigkeit der AGB<\/div><p class=\"\">Mit einer Bestellung werden die Allgemeinen Gesch\u00e4ftsbedingungen von Sidispinnt www.sidispinnt.ch anerkannt. M\u00fcndliche Absprachen bed\u00fcrfen der schriftlichen Best\u00e4tigung.  <\/p><\/li><\/ul><\/div><\/div><\/div><\/section><section class=\"vc_row wpb_row vc_row-fluid  vc_custom_1666358067756\"><div class=\"wpb_column vc_column_container col-xs-mobile-fullwidth vc_col-sm-12\"><div class=\"vc_column-inner\"><div class=\"wpb_wrapper\"><div class=\"special-content-block-1 block-style-1-1\"><div class=\"block-img\"><img loading=\"lazy\" decoding=\"async\" width=\"2000\" height=\"1330\" src=\"https:\/\/sidispinnt.ch\/wp-content\/uploads\/2022\/09\/Spindelslider.jpg\" class=\"\" alt=\"\" title=\"\" srcset=\"https:\/\/sidispinnt.ch\/wp-content\/uploads\/2022\/09\/Spindelslider.jpg 2000w, https:\/\/sidispinnt.ch\/wp-content\/uploads\/2022\/09\/Spindelslider-300x200.jpg 300w, https:\/\/sidispinnt.ch\/wp-content\/uploads\/2022\/09\/Spindelslider-1024x681.jpg 1024w, https:\/\/sidispinnt.ch\/wp-content\/uploads\/2022\/09\/Spindelslider-768x511.jpg 768w, https:\/\/sidispinnt.ch\/wp-content\/uploads\/2022\/09\/Spindelslider-1536x1021.jpg 1536w, https:\/\/sidispinnt.ch\/wp-content\/uploads\/2022\/09\/Spindelslider-84x56.jpg 84w, https:\/\/sidispinnt.ch\/wp-content\/uploads\/2022\/09\/Spindelslider-200x133.jpg 200w, https:\/\/sidispinnt.ch\/wp-content\/uploads\/2022\/09\/Spindelslider-450x299.jpg 450w, https:\/\/sidispinnt.ch\/wp-content\/uploads\/2022\/09\/Spindelslider-1188x790.jpg 1188w, https:\/\/sidispinnt.ch\/wp-content\/uploads\/2022\/09\/Spindelslider-800x532.jpg 800w, https:\/\/sidispinnt.ch\/wp-content\/uploads\/2022\/09\/Spindelslider-1000x665.jpg 1000w\" sizes=\"auto, (max-width: 2000px) 100vw, 2000px\" \/><\/div><div class=\"block-content\"><div class=\"hongo-content hongo_font_1663764106268\"><h2><strong>Impressum<\/strong><\/h2>\n<p>Sidispinnt<br \/>\nAsita Krebs<br \/>\nKirchstrasse 8i<br \/>\n3097 Liebefeld<br \/>\nasita@sidispinnt.ch<\/p>\n<\/div><\/div><\/div><\/div><\/div><\/div><\/section>\n<\/div>","protected":false},"excerpt":{"rendered":"Allgemeines Alle Leistungen, die von Sidispinnt www.sidispinnt.ch f\u00fcr den Kunden erbracht werden, erfolgen ausschliesslich auf der Grundlage der nachfolgenden Allgemeinen Gesch\u00e4ftsbedingungen.VertragsabschlussDieser kommt durch die Bestellung des Kunden und die darauf folgende Auftragsbest\u00e4tigung per E-Mail von Sidispinnt zustande. Produkte \/ AngebotS\u00e4mtliche Angaben zu den Artikeln im Shop sind unverbindlich. Es handelt sich um handgef\u00e4rbte und handgefertigte Artikel, bei denen Farbabweichungen auftreten k\u00f6nnen. Einzelne Farben k\u00f6nnen auf Wunsch nachgef\u00e4rbt werden; Sidispinnt kann jedoch keine Garantie daf\u00fcr \u00fcbernehmen, dass eine Nachf\u00e4rbung exakt den Farbton der Originalf\u00e4rbung ergibt. PreiseEs gelten die am Tag der Bestellung g\u00fcltigen Preise. Preis\u00e4nderungen vorbehalten. ZahlungBarzahlung, Kredit- und Debitkarten sind bei Abholung m\u00f6glich. Ausgeschlossen Postkarte. Bei Bestellung auf Rechnung unter CHF 300.- wird ein Einzahlungsschein beigelegt. Dieser ist zahlbar innert 30 Tagen. Bitte geben Sie bei Ihrer \u00dcberweisung als Verwendungszweck Ihren Namen und die Rechnungsnummer an, damit wir den Zahlungseingang Ihrer Bestellung zuordnen k\u00f6nnen. Bei Bestellungen \u00fcber CHF 300.- wird eine Vorkasse verlangt. LieferzeitenAlle Artikel werden umgehend, sofern ab Lager verf\u00fcgbar, ausgeliefert. Die Lieferzeit betr\u00e4gt innerhalb der Schweiz in der Regel bis zu 7 Werktage. Sollte ein Artikel kurzfristig nicht verf\u00fcgbar sein, informieren wir Sie per E-Mail \u00fcber die zu erwartende Lieferzeit. Einige Artikel haben eine l\u00e4ngere Lieferzeit (z.B. Auftragsf\u00e4rbungen)....","protected":false},"author":1,"featured_media":0,"parent":0,"menu_order":0,"comment_status":"closed","ping_status":"closed","template":"","meta":{"footnotes":""},"class_list":["post-9327","page","type-page","status-publish","hentry"],"_links":{"self":[{"href":"https:\/\/sidispinnt.ch\/index.php?rest_route=\/wp\/v2\/pages\/9327","targetHints":{"allow":["GET"]}}],"collection":[{"href":"https:\/\/sidispinnt.ch\/index.php?rest_route=\/wp\/v2\/pages"}],"about":[{"href":"https:\/\/sidispinnt.ch\/index.php?rest_route=\/wp\/v2\/types\/page"}],"author":[{"embeddable":true,"href":"https:\/\/sidispinnt.ch\/index.php?rest_route=\/wp\/v2\/users\/1"}],"replies":[{"embeddable":true,"href":"https:\/\/sidispinnt.ch\/index.php?rest_route=%2Fwp%2Fv2%2Fcomments&post=9327"}],"version-history":[{"count":44,"href":"https:\/\/sidispinnt.ch\/index.php?rest_route=\/wp\/v2\/pages\/9327\/revisions"}],"predecessor-version":[{"id":106024,"href":"https:\/\/sidispinnt.ch\/index.php?rest_route=\/wp\/v2\/pages\/9327\/revisions\/106024"}],"wp:attachment":[{"href":"https:\/\/sidispinnt.ch\/index.php?rest_route=%2Fwp%2Fv2%2Fmedia&parent=9327"}],"curies":[{"name":"wp","href":"https:\/\/api.w.org\/{rel}","templated":true}]}}