{"id":105140,"date":"2022-09-30T12:23:47","date_gmt":"2022-09-30T10:23:47","guid":{"rendered":"https:\/\/neu.sidispinnt.ch\/?post_type=product&#038;p=105140"},"modified":"2026-04-26T20:11:30","modified_gmt":"2026-04-26T18:11:30","slug":"positive-ease-pure-merino","status":"publish","type":"product","link":"https:\/\/sidispinnt.ch\/?product=positive-ease-pure-merino","title":{"rendered":"Positive Ease Pure Merino"},"content":{"rendered":"<div class=\"wpb-content-wrapper\"><section class=\"vc_row wpb_row vc_row-fluid  vc_custom_1664909935435   vc_row-has-fill\"><div class=\"wpb_column vc_column_container col-xs-mobile-fullwidth vc_col-sm-12 text-center md-text-center sm-text-center xs-text-center\"><div class=\"vc_column-inner\"><div class=\"wpb_wrapper\"><div class=\"alt-font heading-style-6 heading-1 hongo-section-heading\"><span>PASSENDE STRICKANLEITUNGEN<\/span><\/div><\/div><\/div><\/div><\/section><section class=\"vc_row wpb_row vc_row-fluid  vc_custom_1664909905529   vc_row-has-fill\"><div class=\"wpb_column vc_column_container col-xs-mobile-fullwidth vc_col-sm-4\"><div class=\"vc_column-inner no-column-padding\"><div class=\"wpb_wrapper\"><\/div><\/div><\/div><div class=\"wpb_column vc_column_container vc_col-has-fill col-xs-mobile-fullwidth vc_col-sm-4\"><div class=\"vc_column-inner vc_custom_1629699120117 no-column-padding\"><div class=\"wpb_wrapper\"><div class=\"shop-banner-unique-1 hongo-shop-banner-5\"><div class=\"hongo-shop-banner-content\"><div class=\"hongo-shop-banner-img\"><img loading=\"lazy\" decoding=\"async\" width=\"1500\" height=\"1000\" src=\"https:\/\/sidispinnt.ch\/wp-content\/uploads\/2022\/09\/CLT4.jpg\" class=\"\" alt=\"\" title=\"\" srcset=\"https:\/\/sidispinnt.ch\/wp-content\/uploads\/2022\/09\/CLT4.jpg 1500w, https:\/\/sidispinnt.ch\/wp-content\/uploads\/2022\/09\/CLT4-300x200.jpg 300w, https:\/\/sidispinnt.ch\/wp-content\/uploads\/2022\/09\/CLT4-1024x683.jpg 1024w, https:\/\/sidispinnt.ch\/wp-content\/uploads\/2022\/09\/CLT4-768x512.jpg 768w, https:\/\/sidispinnt.ch\/wp-content\/uploads\/2022\/09\/CLT4-84x56.jpg 84w, https:\/\/sidispinnt.ch\/wp-content\/uploads\/2022\/09\/CLT4-200x133.jpg 200w, https:\/\/sidispinnt.ch\/wp-content\/uploads\/2022\/09\/CLT4-450x300.jpg 450w, https:\/\/sidispinnt.ch\/wp-content\/uploads\/2022\/09\/CLT4-1185x790.jpg 1185w, https:\/\/sidispinnt.ch\/wp-content\/uploads\/2022\/09\/CLT4-800x533.jpg 800w, https:\/\/sidispinnt.ch\/wp-content\/uploads\/2022\/09\/CLT4-1000x667.jpg 1000w\" sizes=\"auto, (max-width: 1500px) 100vw, 1500px\" \/><\/div><a class=\"hongo_button_1664909408359 btn btn btn-base alt-font btn-extra-large\" href=\"https:\/\/www.ravelry.com\/patterns\/library\/cross-the-line-top\" target=\"_blank\">CROSS THE LINE TOP<\/a><\/div><\/div><\/div><\/div><\/div><div class=\"wpb_column vc_column_container vc_col-has-fill col-xs-mobile-fullwidth vc_col-sm-4\"><div class=\"vc_column-inner vc_custom_1629699109293 no-column-padding\"><div class=\"wpb_wrapper\"><\/div><\/div><\/div><\/section><section class=\"vc_row wpb_row vc_row-fluid  vc_custom_1664909935435   vc_row-has-fill\"><div class=\"wpb_column vc_column_container col-xs-mobile-fullwidth vc_col-sm-12 text-center md-text-center sm-text-center xs-text-center\"><div class=\"vc_column-inner\"><div class=\"wpb_wrapper\">[vc_empty_space height=&#8221;22px&#8221;]<\/div><\/div><\/div><\/section>\n<\/div>","protected":false},"excerpt":{"rendered":"<p>Zusammensetzung: 100% Merino Wolle superwash, mulesingfrei<br \/>\nSpinnart: 4fach Zwirn<br \/>\nLaufl\u00e4nge: 400m \/ 437y<br \/>\nGewicht: 100g \/ 3,5 oz<br \/>\nNadelst\u00e4rke: 2.5 \u2013 3.5mm<\/p>\n<p>Die Pure Merino wird von Positive Ease aus \u00d6sterreich in den sch\u00f6nen variierten und gedeckten Farben von Hand gef\u00e4rbt. Jede F\u00e4rbung ist einzigartig und gibt sch\u00f6ne Schattierungen beim Verstricken. Das Garn ist sanft und durch den Zwirn doch robust.<\/p>\n<p>Optimal eignet sich das Garn f\u00fcr T\u00fccher, Tops und leichte Pullover.<\/p>\n","protected":false},"featured_media":110414,"comment_status":"open","ping_status":"closed","template":"","meta":[],"product_cat":[188],"product_tag":[1683,1669,1673,1695],"class_list":{"0":"post-105140","1":"product","2":"type-product","3":"status-publish","4":"has-post-thumbnail","6":"product_brand-positive-ease","7":"product_cat-garne","8":"product_tag-fingering-weight","9":"product_tag-garne","10":"product_tag-merino","11":"product_tag-superwash","13":"first","14":"instock","15":"shipping-taxable","16":"purchasable","17":"product-type-variable","18":"has-default-attributes","19":"hongo-alternate-image-wrap"},"_links":{"self":[{"href":"https:\/\/sidispinnt.ch\/index.php?rest_route=\/wp\/v2\/product\/105140","targetHints":{"allow":["GET"]}}],"collection":[{"href":"https:\/\/sidispinnt.ch\/index.php?rest_route=\/wp\/v2\/product"}],"about":[{"href":"https:\/\/sidispinnt.ch\/index.php?rest_route=\/wp\/v2\/types\/product"}],"replies":[{"embeddable":true,"href":"https:\/\/sidispinnt.ch\/index.php?rest_route=%2Fwp%2Fv2%2Fcomments&post=105140"}],"wp:featuredmedia":[{"embeddable":true,"href":"https:\/\/sidispinnt.ch\/index.php?rest_route=\/wp\/v2\/media\/110414"}],"wp:attachment":[{"href":"https:\/\/sidispinnt.ch\/index.php?rest_route=%2Fwp%2Fv2%2Fmedia&parent=105140"}],"wp:term":[{"taxonomy":"product_cat","embeddable":true,"href":"https:\/\/sidispinnt.ch\/index.php?rest_route=%2Fwp%2Fv2%2Fproduct_cat&post=105140"},{"taxonomy":"product_tag","embeddable":true,"href":"https:\/\/sidispinnt.ch\/index.php?rest_route=%2Fwp%2Fv2%2Fproduct_tag&post=105140"}],"curies":[{"name":"wp","href":"https:\/\/api.w.org\/{rel}","templated":true}]}}