{"id":105283,"date":"2022-10-02T20:44:00","date_gmt":"2022-10-02T18:44:00","guid":{"rendered":"https:\/\/neu.sidispinnt.ch\/?post_type=product&#038;p=105283"},"modified":"2026-03-31T14:29:29","modified_gmt":"2026-03-31T12:29:29","slug":"tibetan-pure","status":"publish","type":"product","link":"https:\/\/sidispinnt.ch\/?product=tibetan-pure","title":{"rendered":"Tibetan Pure"},"content":{"rendered":"","protected":false},"excerpt":{"rendered":"<p><strong>Zusammensetzung<\/strong>: 50% Yak, 50% Seide<br \/>\n<strong>Spinnart:<\/strong> 3fach Zwrin<br \/>\n<strong>Laufl\u00e4nge:<\/strong> 200m \/ 218y<br \/>\n<strong>Gewicht:<\/strong> 50g \/ 1,7oz<br \/>\n<strong>Nadelst\u00e4rke:<\/strong> 3 &#8211; 4mm<\/p>\n<p>Strickst\u00fccke aus Tibetan Pure Garn erhalten durch die Yak-Fasern nach ein paar mal Tragen einen sch\u00f6nen dunklen Schimmer \u00fcber den Maschen (ein sogenannter Halo-Effekt). Die Seide gleicht die W\u00e4rme des Yaks gut aus und l\u00e4sst das Garn sanft schimmern. Mit diesem edlen Garn fallen die Strickst\u00fccke sanft und entfaltet sich dadurch am Besten in T\u00fccher, Schals oder kleine Seelenw\u00e4rmer wie Armstulpen.<\/p>\n","protected":false},"featured_media":105284,"comment_status":"open","ping_status":"closed","template":"","meta":[],"product_cat":[188],"product_tag":[1683,1669,1677,1691],"class_list":{"0":"post-105283","1":"product","2":"type-product","3":"status-publish","4":"has-post-thumbnail","6":"product_brand-sidispinnt","7":"product_cat-garne","8":"product_tag-fingering-weight","9":"product_tag-garne","10":"product_tag-seide","11":"product_tag-yak","13":"first","14":"instock","15":"shipping-taxable","16":"purchasable","17":"product-type-simple"},"_links":{"self":[{"href":"https:\/\/sidispinnt.ch\/index.php?rest_route=\/wp\/v2\/product\/105283","targetHints":{"allow":["GET"]}}],"collection":[{"href":"https:\/\/sidispinnt.ch\/index.php?rest_route=\/wp\/v2\/product"}],"about":[{"href":"https:\/\/sidispinnt.ch\/index.php?rest_route=\/wp\/v2\/types\/product"}],"replies":[{"embeddable":true,"href":"https:\/\/sidispinnt.ch\/index.php?rest_route=%2Fwp%2Fv2%2Fcomments&post=105283"}],"wp:featuredmedia":[{"embeddable":true,"href":"https:\/\/sidispinnt.ch\/index.php?rest_route=\/wp\/v2\/media\/105284"}],"wp:attachment":[{"href":"https:\/\/sidispinnt.ch\/index.php?rest_route=%2Fwp%2Fv2%2Fmedia&parent=105283"}],"wp:term":[{"taxonomy":"product_cat","embeddable":true,"href":"https:\/\/sidispinnt.ch\/index.php?rest_route=%2Fwp%2Fv2%2Fproduct_cat&post=105283"},{"taxonomy":"product_tag","embeddable":true,"href":"https:\/\/sidispinnt.ch\/index.php?rest_route=%2Fwp%2Fv2%2Fproduct_tag&post=105283"}],"curies":[{"name":"wp","href":"https:\/\/api.w.org\/{rel}","templated":true}]}}