{"id":105288,"date":"2022-10-04T20:15:14","date_gmt":"2022-10-04T18:15:14","guid":{"rendered":"https:\/\/neu.sidispinnt.ch\/?post_type=product&#038;p=105288"},"modified":"2026-04-05T07:35:48","modified_gmt":"2026-04-05T05:35:48","slug":"tibetan-dk","status":"publish","type":"product","link":"https:\/\/sidispinnt.ch\/?product=tibetan-dk","title":{"rendered":"Tibetan DK"},"content":{"rendered":"<div class=\"wpb-content-wrapper\"><section class=\"vc_row wpb_row vc_row-fluid  vc_custom_1664911157946   vc_row-has-fill\"><div class=\"wpb_column vc_column_container col-xs-mobile-fullwidth vc_col-sm-12 text-center md-text-center sm-text-center xs-text-center\"><div class=\"vc_column-inner\"><div class=\"wpb_wrapper\"><div class=\"alt-font heading-style-6 heading-1 hongo-section-heading\"><span>PASSENDE STRICKANLEITUNGEN<\/span><\/div><\/div><\/div><\/div><\/section><section class=\"vc_row wpb_row vc_row-fluid  vc_custom_1664911181133   vc_row-has-fill\"><div class=\"wpb_column vc_column_container col-xs-mobile-fullwidth vc_col-sm-4\"><div class=\"vc_column-inner no-column-padding\"><div class=\"wpb_wrapper\"><div class=\"shop-banner-unique-1 hongo-shop-banner-5\"><div class=\"hongo-shop-banner-content\"><div class=\"hongo-shop-banner-img\"><img loading=\"lazy\" decoding=\"async\" width=\"1500\" height=\"1000\" src=\"https:\/\/sidispinnt.ch\/wp-content\/uploads\/2022\/09\/pfh_06.jpg\" class=\"\" alt=\"\" title=\"\" srcset=\"https:\/\/sidispinnt.ch\/wp-content\/uploads\/2022\/09\/pfh_06.jpg 1500w, https:\/\/sidispinnt.ch\/wp-content\/uploads\/2022\/09\/pfh_06-300x200.jpg 300w, https:\/\/sidispinnt.ch\/wp-content\/uploads\/2022\/09\/pfh_06-1024x683.jpg 1024w, https:\/\/sidispinnt.ch\/wp-content\/uploads\/2022\/09\/pfh_06-768x512.jpg 768w, https:\/\/sidispinnt.ch\/wp-content\/uploads\/2022\/09\/pfh_06-84x56.jpg 84w, https:\/\/sidispinnt.ch\/wp-content\/uploads\/2022\/09\/pfh_06-200x133.jpg 200w, https:\/\/sidispinnt.ch\/wp-content\/uploads\/2022\/09\/pfh_06-450x300.jpg 450w, https:\/\/sidispinnt.ch\/wp-content\/uploads\/2022\/09\/pfh_06-1185x790.jpg 1185w, https:\/\/sidispinnt.ch\/wp-content\/uploads\/2022\/09\/pfh_06-800x533.jpg 800w, https:\/\/sidispinnt.ch\/wp-content\/uploads\/2022\/09\/pfh_06-1000x667.jpg 1000w\" sizes=\"auto, (max-width: 1500px) 100vw, 1500px\" \/><\/div><a class=\"hongo_button_1696233219248 btn btn btn-base alt-font btn-extra-large\" href=\"https:\/\/www.ravelry.com\/patterns\/library\/pumpkin-field-hat\" target=\"_blank\">PUMPKIN FIELD HAT<\/a><\/div><\/div><\/div><\/div><\/div><div class=\"wpb_column vc_column_container vc_col-has-fill col-xs-mobile-fullwidth vc_col-sm-4\"><div class=\"vc_column-inner vc_custom_1629699120117 no-column-padding\"><div class=\"wpb_wrapper\"><div class=\"shop-banner-unique-2 hongo-shop-banner-5\"><div class=\"hongo-shop-banner-content\"><div class=\"hongo-shop-banner-img\"><img loading=\"lazy\" decoding=\"async\" width=\"1000\" height=\"667\" src=\"https:\/\/sidispinnt.ch\/wp-content\/uploads\/2022\/09\/CS7.jpg\" class=\"\" alt=\"\" title=\"\" srcset=\"https:\/\/sidispinnt.ch\/wp-content\/uploads\/2022\/09\/CS7.jpg 1000w, https:\/\/sidispinnt.ch\/wp-content\/uploads\/2022\/09\/CS7-300x200.jpg 300w, https:\/\/sidispinnt.ch\/wp-content\/uploads\/2022\/09\/CS7-768x512.jpg 768w, https:\/\/sidispinnt.ch\/wp-content\/uploads\/2022\/09\/CS7-84x56.jpg 84w, https:\/\/sidispinnt.ch\/wp-content\/uploads\/2022\/09\/CS7-200x133.jpg 200w, https:\/\/sidispinnt.ch\/wp-content\/uploads\/2022\/09\/CS7-450x300.jpg 450w, https:\/\/sidispinnt.ch\/wp-content\/uploads\/2022\/09\/CS7-800x534.jpg 800w\" sizes=\"auto, (max-width: 1000px) 100vw, 1000px\" \/><\/div><a class=\"hongo_button_1664908628854 btn btn btn-base alt-font btn-extra-large\" href=\"https:\/\/www.ravelry.com\/patterns\/library\/celtic-sweater-2\" target=\"_blank\">CELTIC SWEATER<\/a><\/div><\/div><\/div><\/div><\/div><div class=\"wpb_column vc_column_container vc_col-has-fill col-xs-mobile-fullwidth vc_col-sm-4\"><div class=\"vc_column-inner vc_custom_1629699109293 no-column-padding\"><div class=\"wpb_wrapper\"><div class=\"shop-banner-unique-3 hongo-shop-banner-5\"><div class=\"hongo-shop-banner-content\"><div class=\"hongo-shop-banner-img\"><img loading=\"lazy\" decoding=\"async\" width=\"1000\" height=\"667\" src=\"https:\/\/sidispinnt.ch\/wp-content\/uploads\/2022\/09\/GC1.jpg\" class=\"\" alt=\"\" title=\"\" srcset=\"https:\/\/sidispinnt.ch\/wp-content\/uploads\/2022\/09\/GC1.jpg 1000w, https:\/\/sidispinnt.ch\/wp-content\/uploads\/2022\/09\/GC1-300x200.jpg 300w, https:\/\/sidispinnt.ch\/wp-content\/uploads\/2022\/09\/GC1-768x512.jpg 768w, https:\/\/sidispinnt.ch\/wp-content\/uploads\/2022\/09\/GC1-84x56.jpg 84w, https:\/\/sidispinnt.ch\/wp-content\/uploads\/2022\/09\/GC1-200x133.jpg 200w, https:\/\/sidispinnt.ch\/wp-content\/uploads\/2022\/09\/GC1-450x300.jpg 450w, https:\/\/sidispinnt.ch\/wp-content\/uploads\/2022\/09\/GC1-800x534.jpg 800w\" sizes=\"auto, (max-width: 1000px) 100vw, 1000px\" \/><\/div><a class=\"hongo_button_1664908730917 btn btn btn-base alt-font btn-extra-large\" href=\"https:\/\/www.ravelry.com\/patterns\/library\/glacier-cardigan-2\" target=\"_blank\">GLACIER CARDIGAN<\/a><\/div><\/div><\/div><\/div><\/div><\/section><section class=\"vc_row wpb_row vc_row-fluid  vc_custom_1664911194789   vc_row-has-fill\"><div class=\"wpb_column vc_column_container col-xs-mobile-fullwidth vc_col-sm-4\"><div class=\"vc_column-inner no-column-padding\"><div class=\"wpb_wrapper\"><div class=\"shop-banner-unique-4 hongo-shop-banner-5 vc_custom_1664908779530\"><div class=\"hongo-shop-banner-content\"><div class=\"hongo-shop-banner-img\"><img loading=\"lazy\" decoding=\"async\" width=\"1000\" height=\"665\" src=\"https:\/\/sidispinnt.ch\/wp-content\/uploads\/2022\/09\/TF1-e1665602342809.jpg\" class=\"\" alt=\"\" title=\"\" srcset=\"https:\/\/sidispinnt.ch\/wp-content\/uploads\/2022\/09\/TF1-e1665602342809.jpg 1000w, https:\/\/sidispinnt.ch\/wp-content\/uploads\/2022\/09\/TF1-e1665602342809-300x200.jpg 300w, https:\/\/sidispinnt.ch\/wp-content\/uploads\/2022\/09\/TF1-e1665602342809-768x511.jpg 768w, https:\/\/sidispinnt.ch\/wp-content\/uploads\/2022\/09\/TF1-e1665602342809-84x56.jpg 84w, https:\/\/sidispinnt.ch\/wp-content\/uploads\/2022\/09\/TF1-e1665602342809-200x133.jpg 200w, https:\/\/sidispinnt.ch\/wp-content\/uploads\/2022\/09\/TF1-e1665602342809-450x299.jpg 450w, https:\/\/sidispinnt.ch\/wp-content\/uploads\/2022\/09\/TF1-e1665602342809-800x532.jpg 800w\" sizes=\"auto, (max-width: 1000px) 100vw, 1000px\" \/><\/div><a class=\"hongo_button_1664908779496 btn btn btn-base alt-font btn-extra-large\" href=\"https:\/\/www.ravelry.com\/patterns\/library\/tibetan-faith\" target=\"_blank\">TIBETAN FAITH SHAWL<\/a><\/div><\/div><\/div><\/div><\/div><div class=\"wpb_column vc_column_container col-xs-mobile-fullwidth vc_col-sm-4\"><div class=\"vc_column-inner no-column-padding\"><div class=\"wpb_wrapper\"><div class=\"shop-banner-unique-5 hongo-shop-banner-5\"><div class=\"hongo-shop-banner-content\"><div class=\"hongo-shop-banner-img\"><img loading=\"lazy\" decoding=\"async\" width=\"1000\" height=\"667\" src=\"https:\/\/sidispinnt.ch\/wp-content\/uploads\/2022\/09\/PICT_20171023_144848.JPG-e1665602125977.jpg\" class=\"\" alt=\"\" title=\"\" srcset=\"https:\/\/sidispinnt.ch\/wp-content\/uploads\/2022\/09\/PICT_20171023_144848.JPG-e1665602125977.jpg 1000w, https:\/\/sidispinnt.ch\/wp-content\/uploads\/2022\/09\/PICT_20171023_144848.JPG-e1665602125977-300x200.jpg 300w, https:\/\/sidispinnt.ch\/wp-content\/uploads\/2022\/09\/PICT_20171023_144848.JPG-e1665602125977-768x512.jpg 768w, https:\/\/sidispinnt.ch\/wp-content\/uploads\/2022\/09\/PICT_20171023_144848.JPG-e1665602125977-84x56.jpg 84w, https:\/\/sidispinnt.ch\/wp-content\/uploads\/2022\/09\/PICT_20171023_144848.JPG-e1665602125977-200x133.jpg 200w, https:\/\/sidispinnt.ch\/wp-content\/uploads\/2022\/09\/PICT_20171023_144848.JPG-e1665602125977-450x300.jpg 450w, https:\/\/sidispinnt.ch\/wp-content\/uploads\/2022\/09\/PICT_20171023_144848.JPG-e1665602125977-800x534.jpg 800w\" sizes=\"auto, (max-width: 1000px) 100vw, 1000px\" \/><\/div><a class=\"hongo_button_1664908824574 btn btn btn-base alt-font btn-extra-large\" href=\"https:\/\/www.ravelry.com\/patterns\/library\/eilean-mor\" target=\"_blank\">EILEAN MOR HAT<\/a><\/div><\/div><\/div><\/div><\/div><div class=\"wpb_column vc_column_container col-xs-mobile-fullwidth vc_col-sm-4\"><div class=\"vc_column-inner no-column-padding\"><div class=\"wpb_wrapper\"><\/div><\/div><\/div><\/section><section class=\"vc_row wpb_row vc_row-fluid  vc_custom_1664911157946   vc_row-has-fill\"><div class=\"wpb_column vc_column_container col-xs-mobile-fullwidth vc_col-sm-12 text-center md-text-center sm-text-center xs-text-center\"><div class=\"vc_column-inner\"><div class=\"wpb_wrapper\">[vc_empty_space height=&#8221;22px&#8221;]<\/div><\/div><\/div><\/section>\n<\/div>","protected":false},"excerpt":{"rendered":"<p><strong>Zusammensetzung:<\/strong> 60% Merino Superwash, 20% Yak, 20% Seide<br \/>\n<strong>Spinnart:<\/strong> 4fach High-Twist-Zwrin<br \/>\n<strong>Laufl\u00e4nge:<\/strong> 212m \/ 231y<br \/>\n<strong>Gewicht:<\/strong> 100g \/ 3,5 oz<br \/>\n<strong>Nadelst\u00e4rke:<\/strong> 4 &#8211; 5mm<\/p>\n<p>Das Tibetan DK Garn hat durch den Hightwist eine elastische und strukturelle Oberfl\u00e4che. Durch die Yak-Fasern erh\u00e4lt jedes Strickst\u00fcck nach ein paar mal Tragen einen sch\u00f6nen dunklen Schimmer \u00fcber den Maschen (ein sogenannter Halo-Effekt). Die Seide gleicht die W\u00e4rme der Merino und des Yaks gut aus und l\u00e4sst das Garn sanft schimmern. Mit diesem runden Garn kommen vor Allem Z\u00f6pfe und Strukturen richtig gut zur Geltung.<\/p>\n<p>Optimal eignet sich das Garn f\u00fcr warme, dicke und kuschlige Pullover, Jacken. Schals und M\u00fctzen.<\/p>\n","protected":false},"featured_media":105320,"comment_status":"open","ping_status":"closed","template":"","meta":[],"product_cat":[188],"product_tag":[1687,1669,1673,1677,1691],"class_list":{"0":"post-105288","1":"product","2":"type-product","3":"status-publish","4":"has-post-thumbnail","6":"product_brand-sidispinnt","7":"product_cat-garne","8":"product_tag-dk","9":"product_tag-garne","10":"product_tag-merino","11":"product_tag-seide","12":"product_tag-yak","14":"first","15":"instock","16":"shipping-taxable","17":"purchasable","18":"product-type-variable","19":"has-default-attributes","20":"hongo-alternate-image-wrap"},"_links":{"self":[{"href":"https:\/\/sidispinnt.ch\/index.php?rest_route=\/wp\/v2\/product\/105288","targetHints":{"allow":["GET"]}}],"collection":[{"href":"https:\/\/sidispinnt.ch\/index.php?rest_route=\/wp\/v2\/product"}],"about":[{"href":"https:\/\/sidispinnt.ch\/index.php?rest_route=\/wp\/v2\/types\/product"}],"replies":[{"embeddable":true,"href":"https:\/\/sidispinnt.ch\/index.php?rest_route=%2Fwp%2Fv2%2Fcomments&post=105288"}],"wp:featuredmedia":[{"embeddable":true,"href":"https:\/\/sidispinnt.ch\/index.php?rest_route=\/wp\/v2\/media\/105320"}],"wp:attachment":[{"href":"https:\/\/sidispinnt.ch\/index.php?rest_route=%2Fwp%2Fv2%2Fmedia&parent=105288"}],"wp:term":[{"taxonomy":"product_cat","embeddable":true,"href":"https:\/\/sidispinnt.ch\/index.php?rest_route=%2Fwp%2Fv2%2Fproduct_cat&post=105288"},{"taxonomy":"product_tag","embeddable":true,"href":"https:\/\/sidispinnt.ch\/index.php?rest_route=%2Fwp%2Fv2%2Fproduct_tag&post=105288"}],"curies":[{"name":"wp","href":"https:\/\/api.w.org\/{rel}","templated":true}]}}