{"id":105405,"date":"2022-10-05T21:22:47","date_gmt":"2022-10-05T19:22:47","guid":{"rendered":"https:\/\/neu.sidispinnt.ch\/?post_type=product&#038;p=105405"},"modified":"2026-04-25T01:24:29","modified_gmt":"2026-04-24T23:24:29","slug":"tibetan-single","status":"publish","type":"product","link":"https:\/\/sidispinnt.ch\/?product=tibetan-single","title":{"rendered":"Tibetan Single"},"content":{"rendered":"","protected":false},"excerpt":{"rendered":"<p>Zusammensetzung: 60% Merino Superwash, 20% Yak, 20% Seide<br \/>\nSpinnart: Single (einfach Faden)<br \/>\nLaufl\u00e4nge: 480m \/ 524y<br \/>\nGewicht: 120g \/ 4,23 oz<br \/>\nNadelst\u00e4rke: 3 &#8211; 4mm<\/p>\n<p>Das Tibetan Single Garn hat durch die ungezwirnte Spinnart eine runde Oberfl\u00e4che, die ein lebhaftes Strickbild ergibt. Durch die Yak-Fasern erh\u00e4lt jedes Strickst\u00fcck nach ein paar mal Tragen einen sch\u00f6nen dunklen Schimmer \u00fcber den Maschen (ein sogenannter Halo-Effekt). Die Seide gleicht die W\u00e4rme der Merino und des Yaks gut aus und l\u00e4sst das Garn sanft schimmern. Mit dem Single Garn kommen Z\u00f6pfe und Lace gleichermassen gut zur Geltung. Auch ganz unspektakul\u00e4re Strickmuster werden durch das Garn Einzigartig. Durch den Seidenanteil und der Spinnart f\u00e4llt das Strickst\u00fcck sch\u00f6n und zieht sich nicht zusammen.<\/p>\n<p>Optimal eignet sich das Garn f\u00fcr T\u00fccher, Tops oder leichte Pullover.<\/p>\n","protected":false},"featured_media":108509,"comment_status":"open","ping_status":"closed","template":"","meta":[],"product_cat":[188],"product_tag":[1683,1669,1673,1677,1691],"class_list":{"0":"post-105405","1":"product","2":"type-product","3":"status-publish","4":"has-post-thumbnail","6":"product_brand-sidispinnt","7":"product_cat-garne","8":"product_tag-fingering-weight","9":"product_tag-garne","10":"product_tag-merino","11":"product_tag-seide","12":"product_tag-yak","14":"first","15":"instock","16":"shipping-taxable","17":"purchasable","18":"product-type-variable","19":"has-default-attributes"},"_links":{"self":[{"href":"https:\/\/sidispinnt.ch\/index.php?rest_route=\/wp\/v2\/product\/105405","targetHints":{"allow":["GET"]}}],"collection":[{"href":"https:\/\/sidispinnt.ch\/index.php?rest_route=\/wp\/v2\/product"}],"about":[{"href":"https:\/\/sidispinnt.ch\/index.php?rest_route=\/wp\/v2\/types\/product"}],"replies":[{"embeddable":true,"href":"https:\/\/sidispinnt.ch\/index.php?rest_route=%2Fwp%2Fv2%2Fcomments&post=105405"}],"wp:featuredmedia":[{"embeddable":true,"href":"https:\/\/sidispinnt.ch\/index.php?rest_route=\/wp\/v2\/media\/108509"}],"wp:attachment":[{"href":"https:\/\/sidispinnt.ch\/index.php?rest_route=%2Fwp%2Fv2%2Fmedia&parent=105405"}],"wp:term":[{"taxonomy":"product_cat","embeddable":true,"href":"https:\/\/sidispinnt.ch\/index.php?rest_route=%2Fwp%2Fv2%2Fproduct_cat&post=105405"},{"taxonomy":"product_tag","embeddable":true,"href":"https:\/\/sidispinnt.ch\/index.php?rest_route=%2Fwp%2Fv2%2Fproduct_tag&post=105405"}],"curies":[{"name":"wp","href":"https:\/\/api.w.org\/{rel}","templated":true}]}}