{"id":105597,"date":"2022-10-11T13:38:12","date_gmt":"2022-10-11T11:38:12","guid":{"rendered":"https:\/\/neu.sidispinnt.ch\/?post_type=product&#038;p=105597"},"modified":"2026-03-31T14:43:05","modified_gmt":"2026-03-31T12:43:05","slug":"illimani-sabri","status":"publish","type":"product","link":"https:\/\/sidispinnt.ch\/?product=illimani-sabri","title":{"rendered":"Illimani Sabri"},"content":{"rendered":"<div class=\"wpb-content-wrapper\"><section class=\"vc_row wpb_row vc_row-fluid  vc_custom_1664911157946   vc_row-has-fill\"><div class=\"wpb_column vc_column_container col-xs-mobile-fullwidth vc_col-sm-12 text-center md-text-center sm-text-center xs-text-center\"><div class=\"vc_column-inner\"><div class=\"wpb_wrapper\"><div class=\"alt-font heading-style-6 heading-1 hongo-section-heading\"><span>PASSENDE STRICKANLEITUNGEN<\/span><\/div><\/div><\/div><\/div><\/section><section class=\"vc_row wpb_row vc_row-fluid  vc_custom_1664911181133   vc_row-has-fill\"><div class=\"wpb_column vc_column_container col-xs-mobile-fullwidth vc_col-sm-4\"><div class=\"vc_column-inner no-column-padding\"><div class=\"wpb_wrapper\"><\/div><\/div><\/div><div class=\"wpb_column vc_column_container vc_col-has-fill col-xs-mobile-fullwidth vc_col-sm-4\"><div class=\"vc_column-inner vc_custom_1629699120117 no-column-padding\"><div class=\"wpb_wrapper\"><div class=\"shop-banner-unique-1 hongo-shop-banner-5\"><div class=\"hongo-shop-banner-content\"><div class=\"hongo-shop-banner-img\"><img loading=\"lazy\" decoding=\"async\" width=\"1000\" height=\"667\" src=\"https:\/\/sidispinnt.ch\/wp-content\/uploads\/2022\/09\/RR5.jpg\" class=\"\" alt=\"\" title=\"\" srcset=\"https:\/\/sidispinnt.ch\/wp-content\/uploads\/2022\/09\/RR5.jpg 1000w, https:\/\/sidispinnt.ch\/wp-content\/uploads\/2022\/09\/RR5-300x200.jpg 300w, https:\/\/sidispinnt.ch\/wp-content\/uploads\/2022\/09\/RR5-768x512.jpg 768w, https:\/\/sidispinnt.ch\/wp-content\/uploads\/2022\/09\/RR5-84x56.jpg 84w, https:\/\/sidispinnt.ch\/wp-content\/uploads\/2022\/09\/RR5-200x133.jpg 200w, https:\/\/sidispinnt.ch\/wp-content\/uploads\/2022\/09\/RR5-450x300.jpg 450w, https:\/\/sidispinnt.ch\/wp-content\/uploads\/2022\/09\/RR5-800x534.jpg 800w\" sizes=\"auto, (max-width: 1000px) 100vw, 1000px\" \/><\/div><a class=\"hongo_button_1665488152667 btn btn btn-base alt-font btn-extra-large\" href=\"https:\/\/www.ravelry.com\/patterns\/library\/rambling-rose-sweater\" target=\"_blank\">RAMBLING ROSE SWEATER<\/a><\/div><\/div><\/div><\/div><\/div><div class=\"wpb_column vc_column_container vc_col-has-fill col-xs-mobile-fullwidth vc_col-sm-4\"><div class=\"vc_column-inner vc_custom_1629699109293 no-column-padding\"><div class=\"wpb_wrapper\"><\/div><\/div><\/div><\/section><section class=\"vc_row wpb_row vc_row-fluid  vc_custom_1664911157946   vc_row-has-fill\"><div class=\"wpb_column vc_column_container col-xs-mobile-fullwidth vc_col-sm-12 text-center md-text-center sm-text-center xs-text-center\"><div class=\"vc_column-inner\"><div class=\"wpb_wrapper\">[vc_empty_space height=&#8221;22px&#8221;]<\/div><\/div><\/div><\/section>\n<\/div>","protected":false},"excerpt":{"rendered":"<p>Zusammensetzung: 85% Bio Baumwolle, 15% Baby Alpaka<br \/>\nSpinnart: 2fach Zwirn<br \/>\nLaufl\u00e4nge: 400m \/ 437y<br \/>\nGewicht: 100g \/ 3,5 oz<br \/>\nNadelst\u00e4rke: 3 &#8211; 4mm<\/p>\n<p>Das Illimani Sabri Garn besteht aus weisser Bio Baumwolle, die mit allen sch\u00f6nen Naturfarben der Alpakas gemischt sind. Sie sind nicht zus\u00e4tzlich gef\u00e4rbt.<br \/>\nDurch den 2fach Zwirn l\u00e4sst sich Sabri viel angenehmer verstricken als herk\u00f6mmliche Baumwollgarne und erinnert mehr an ein Wollgarn. Durch den hohen Baumwollanteil kratzt oder beisst das Garn kaum.<\/p>\n<p>Optimal eignet sich das Garn f\u00fcr leicht Sommertops, R\u00f6cke und T\u00fccher<\/p>\n","protected":false},"featured_media":105598,"comment_status":"open","ping_status":"closed","template":"","meta":[],"product_cat":[188],"product_tag":[1807,1795,1799,1803,1669],"class_list":{"0":"post-105597","1":"product","2":"type-product","3":"status-publish","4":"has-post-thumbnail","6":"product_brand-illimani","7":"product_cat-garne","8":"product_tag-2-fach-zwirn","9":"product_tag-alpaca","10":"product_tag-baumwolle","11":"product_tag-bio","12":"product_tag-garne","14":"first","15":"instock","16":"shipping-taxable","17":"purchasable","18":"product-type-variable","19":"has-default-attributes","20":"hongo-alternate-image-wrap"},"_links":{"self":[{"href":"https:\/\/sidispinnt.ch\/index.php?rest_route=\/wp\/v2\/product\/105597","targetHints":{"allow":["GET"]}}],"collection":[{"href":"https:\/\/sidispinnt.ch\/index.php?rest_route=\/wp\/v2\/product"}],"about":[{"href":"https:\/\/sidispinnt.ch\/index.php?rest_route=\/wp\/v2\/types\/product"}],"replies":[{"embeddable":true,"href":"https:\/\/sidispinnt.ch\/index.php?rest_route=%2Fwp%2Fv2%2Fcomments&post=105597"}],"wp:featuredmedia":[{"embeddable":true,"href":"https:\/\/sidispinnt.ch\/index.php?rest_route=\/wp\/v2\/media\/105598"}],"wp:attachment":[{"href":"https:\/\/sidispinnt.ch\/index.php?rest_route=%2Fwp%2Fv2%2Fmedia&parent=105597"}],"wp:term":[{"taxonomy":"product_cat","embeddable":true,"href":"https:\/\/sidispinnt.ch\/index.php?rest_route=%2Fwp%2Fv2%2Fproduct_cat&post=105597"},{"taxonomy":"product_tag","embeddable":true,"href":"https:\/\/sidispinnt.ch\/index.php?rest_route=%2Fwp%2Fv2%2Fproduct_tag&post=105597"}],"curies":[{"name":"wp","href":"https:\/\/api.w.org\/{rel}","templated":true}]}}