{"id":105639,"date":"2022-10-11T21:49:26","date_gmt":"2022-10-11T19:49:26","guid":{"rendered":"https:\/\/neu.sidispinnt.ch\/?post_type=product&#038;p=105639"},"modified":"2026-04-26T20:12:23","modified_gmt":"2026-04-26T18:12:23","slug":"yarnadelic","status":"publish","type":"product","link":"https:\/\/sidispinnt.ch\/?product=yarnadelic","title":{"rendered":"John Arbon Yarnadelic"},"content":{"rendered":"","protected":false},"excerpt":{"rendered":"<p>Zusammensetzung: 100% Falkland Corridale<br \/>\nLaufl\u00e4nge: 333m \/ 364y<br \/>\nGewicht: 100g \/ 3.5oz<br \/>\nNadelst\u00e4rke: 3 &#8211; 4.5mm<\/p>\n<p><strong>Erh\u00e4ltlich in 25g und 100g Strangen<\/strong><\/p>\n<p>Das Team von John Arbons hat einige der von John ausgew\u00e4hlten Song-Titel immer wieder geh\u00f6rt, seit er sie uns zum ersten Mal vorgespielt hat. Jeder der Farbt\u00f6ne in dieser Reihe ist nach einem bestimmten Song benannt. <a href=\"https:\/\/soundcloud.com\/juan-arbonez\/yarnadelic\">Click here<\/a> , um die Spotify-Wiedergabeliste von Yarnadelic mit einigen der Songs zu besuchen, die sie inspiriert haben, und <a href=\"https:\/\/soundcloud.com\/juan-arbonez\/yarnadelic\">Click here<\/a>, um Johns Soundcloud-Mix zu h\u00f6ren.<br \/>\nYarnadelic ist 100% Falklands Corriedale. Die Rasse ist etwa 100 Jahre alt und entstand durch die Kreuzung von Merino und Lincoln Longwool. Ihre Eigenschaften sind ein perfektes Gleichgewicht aus herrlicher Weichheit und Sprungkraft der Merino und dem leichten Glanz und der langen Stapell\u00e4nge der Lincoln Longwool.<br \/>\nIndem John Arbon diesem Garn einen runden, dreifache Zwirn verlieh, verbesserte er die nat\u00fcrliche Maschendefinition der Faser und schuf so ein ideales Allround-Garn f\u00fcr alles, von Z\u00f6pfen \u00fcber Spitzen und Kleidungsst\u00fccke bis hin zu Accessoires.<br \/>\nCorriedale wird auf den Falkland-Inseln gez\u00fcchtet &#8211; so wird sichergestellt, dass die Tiere mit \u00e4usserster Sorgfalt behandelt werden und frei von Mulesing sind. Die Fasern werden dann in England gef\u00e4rbt und in der M\u00fchle in North Devon liebevoll aufbereitet, gemischt und gesponnen.<\/p>\n<p>Bildkredit: John Arbon<\/p>\n","protected":false},"featured_media":109325,"comment_status":"open","ping_status":"closed","template":"","meta":[],"product_cat":[188],"product_tag":[2138,1683,1669],"class_list":{"0":"post-105639","1":"product","2":"type-product","3":"status-publish","4":"has-post-thumbnail","6":"product_brand-john_arbon","7":"product_cat-garne","8":"product_tag-corriedale","9":"product_tag-fingering-weight","10":"product_tag-garne","12":"first","13":"instock","14":"shipping-taxable","15":"purchasable","16":"product-type-variable","17":"has-default-attributes"},"_links":{"self":[{"href":"https:\/\/sidispinnt.ch\/index.php?rest_route=\/wp\/v2\/product\/105639","targetHints":{"allow":["GET"]}}],"collection":[{"href":"https:\/\/sidispinnt.ch\/index.php?rest_route=\/wp\/v2\/product"}],"about":[{"href":"https:\/\/sidispinnt.ch\/index.php?rest_route=\/wp\/v2\/types\/product"}],"replies":[{"embeddable":true,"href":"https:\/\/sidispinnt.ch\/index.php?rest_route=%2Fwp%2Fv2%2Fcomments&post=105639"}],"wp:featuredmedia":[{"embeddable":true,"href":"https:\/\/sidispinnt.ch\/index.php?rest_route=\/wp\/v2\/media\/109325"}],"wp:attachment":[{"href":"https:\/\/sidispinnt.ch\/index.php?rest_route=%2Fwp%2Fv2%2Fmedia&parent=105639"}],"wp:term":[{"taxonomy":"product_cat","embeddable":true,"href":"https:\/\/sidispinnt.ch\/index.php?rest_route=%2Fwp%2Fv2%2Fproduct_cat&post=105639"},{"taxonomy":"product_tag","embeddable":true,"href":"https:\/\/sidispinnt.ch\/index.php?rest_route=%2Fwp%2Fv2%2Fproduct_tag&post=105639"}],"curies":[{"name":"wp","href":"https:\/\/api.w.org\/{rel}","templated":true}]}}