{"id":105878,"date":"2022-10-16T20:34:53","date_gmt":"2022-10-16T18:34:53","guid":{"rendered":"https:\/\/sidispinnt.ch\/?post_type=product&#038;p=105878"},"modified":"2026-04-28T22:25:18","modified_gmt":"2026-04-28T20:25:18","slug":"schweizer-kopfspindel","status":"publish","type":"product","link":"https:\/\/sidispinnt.ch\/?product=schweizer-kopfspindel","title":{"rendered":"Schweizer Kopfspindel"},"content":{"rendered":"","protected":false},"excerpt":{"rendered":"<p>Wirtel: Kirsche<br \/>\nStab: Nussbaum<br \/>\nGewicht: ca. 25g<br \/>\nL\u00e4nge: 25cm<br \/>\nDurchmesser: 7cm<\/p>\n<p>Diese sch\u00f6nen hangedrechselten Spindeln wurden in dem sch\u00f6nen Oberaargau erschaffen. Die etwas angerauhte Oberfl\u00e4che und die gute Gewichtsverteilung, macht das Spinnen zu einem produktiven Erlebnis.<\/p>\n<p>Durch das durchschnittliche Gewicht und die Gr\u00f6sse der Spindel, k\u00f6nnen sowohl d\u00fcnne wie auch dickere F\u00e4den gesponnen werden. Die Spindel eignet sich f\u00fcr mittlere und l\u00e4ngere Stapell\u00e4nge der Fasern.<\/p>\n","protected":false},"featured_media":105879,"comment_status":"open","ping_status":"closed","template":"","meta":[],"product_cat":[1987,1939],"product_tag":[2000,2004,2014,2008],"class_list":{"0":"post-105878","1":"product","2":"type-product","3":"status-publish","4":"has-post-thumbnail","6":"product_brand-drehpfeffer","7":"product_cat-fallspindeln","8":"product_cat-spindeln","9":"product_tag-handspindel","10":"product_tag-holz","11":"product_tag-kopfspindel","12":"product_tag-spinnen","14":"first","15":"instock","16":"shipping-taxable","17":"purchasable","18":"product-type-simple","19":"hongo-alternate-image-wrap"},"_links":{"self":[{"href":"https:\/\/sidispinnt.ch\/index.php?rest_route=\/wp\/v2\/product\/105878","targetHints":{"allow":["GET"]}}],"collection":[{"href":"https:\/\/sidispinnt.ch\/index.php?rest_route=\/wp\/v2\/product"}],"about":[{"href":"https:\/\/sidispinnt.ch\/index.php?rest_route=\/wp\/v2\/types\/product"}],"replies":[{"embeddable":true,"href":"https:\/\/sidispinnt.ch\/index.php?rest_route=%2Fwp%2Fv2%2Fcomments&post=105878"}],"wp:featuredmedia":[{"embeddable":true,"href":"https:\/\/sidispinnt.ch\/index.php?rest_route=\/wp\/v2\/media\/105879"}],"wp:attachment":[{"href":"https:\/\/sidispinnt.ch\/index.php?rest_route=%2Fwp%2Fv2%2Fmedia&parent=105878"}],"wp:term":[{"taxonomy":"product_cat","embeddable":true,"href":"https:\/\/sidispinnt.ch\/index.php?rest_route=%2Fwp%2Fv2%2Fproduct_cat&post=105878"},{"taxonomy":"product_tag","embeddable":true,"href":"https:\/\/sidispinnt.ch\/index.php?rest_route=%2Fwp%2Fv2%2Fproduct_tag&post=105878"}],"curies":[{"name":"wp","href":"https:\/\/api.w.org\/{rel}","templated":true}]}}