{"id":105883,"date":"2022-10-16T20:49:07","date_gmt":"2022-10-16T18:49:07","guid":{"rendered":"https:\/\/sidispinnt.ch\/?post_type=product&#038;p=105883"},"modified":"2026-03-31T13:22:19","modified_gmt":"2026-03-31T11:22:19","slug":"schweizer-kreuzspindel","status":"publish","type":"product","link":"https:\/\/sidispinnt.ch\/?product=schweizer-kreuzspindel","title":{"rendered":"Schweizer Kreuzspindel"},"content":{"rendered":"","protected":false},"excerpt":{"rendered":"<p>Wirtel: Esche<br \/>\nStab: Sipo<br \/>\nGewicht: ca. 17-22g<br \/>\nL\u00e4nge: 18cm<br \/>\nDurchmesser: 10cm<\/p>\n<p>Die handgedrechselten Spindeln wurden in dem sch\u00f6nen Oberaargau erschaffen. Durch das leichte Gewicht ist die Spindel mehrheitlich f\u00fcr d\u00fcnne F\u00e4den geeignet und kann dadurch auch f\u00fcr kuzrstaplige Fasern verwendet werden. Die etwas angerauhte Oberfl\u00e4che und die gute Gewichtsverteilung, macht das Spinnen zu einem produktiven Erlebnis.<\/p>\n<p>Die Kreuzspindel hat eine faszinierende Konstruktion. Durch den auseinander baubaren Wirtel kann gleich w\u00e4hrend dem Spinnen eine Kn\u00e4uel gewickelt werden und das l\u00e4stige Abwickeln und Neu-Wickeln zum Zwirnen oder Weiterverarbeiten entf\u00e4llt.<\/p>\n","protected":false},"featured_media":105891,"comment_status":"open","ping_status":"closed","template":"","meta":[],"product_cat":[1987,1939],"product_tag":[2000,2004,2018,2008],"class_list":{"0":"post-105883","1":"product","2":"type-product","3":"status-publish","4":"has-post-thumbnail","6":"product_brand-drehpfeffer","7":"product_cat-fallspindeln","8":"product_cat-spindeln","9":"product_tag-handspindel","10":"product_tag-holz","11":"product_tag-kreuzspindel","12":"product_tag-spinnen","14":"first","15":"instock","16":"shipping-taxable","17":"purchasable","18":"product-type-simple","19":"hongo-alternate-image-wrap"},"_links":{"self":[{"href":"https:\/\/sidispinnt.ch\/index.php?rest_route=\/wp\/v2\/product\/105883","targetHints":{"allow":["GET"]}}],"collection":[{"href":"https:\/\/sidispinnt.ch\/index.php?rest_route=\/wp\/v2\/product"}],"about":[{"href":"https:\/\/sidispinnt.ch\/index.php?rest_route=\/wp\/v2\/types\/product"}],"replies":[{"embeddable":true,"href":"https:\/\/sidispinnt.ch\/index.php?rest_route=%2Fwp%2Fv2%2Fcomments&post=105883"}],"wp:featuredmedia":[{"embeddable":true,"href":"https:\/\/sidispinnt.ch\/index.php?rest_route=\/wp\/v2\/media\/105891"}],"wp:attachment":[{"href":"https:\/\/sidispinnt.ch\/index.php?rest_route=%2Fwp%2Fv2%2Fmedia&parent=105883"}],"wp:term":[{"taxonomy":"product_cat","embeddable":true,"href":"https:\/\/sidispinnt.ch\/index.php?rest_route=%2Fwp%2Fv2%2Fproduct_cat&post=105883"},{"taxonomy":"product_tag","embeddable":true,"href":"https:\/\/sidispinnt.ch\/index.php?rest_route=%2Fwp%2Fv2%2Fproduct_tag&post=105883"}],"curies":[{"name":"wp","href":"https:\/\/api.w.org\/{rel}","templated":true}]}}