{"id":105898,"date":"2022-10-16T21:42:23","date_gmt":"2022-10-16T19:42:23","guid":{"rendered":"https:\/\/sidispinnt.ch\/?post_type=product&#038;p=105898"},"modified":"2026-04-28T22:25:18","modified_gmt":"2026-04-28T20:25:18","slug":"schweizer-akha-spindel","status":"publish","type":"product","link":"https:\/\/sidispinnt.ch\/?product=schweizer-akha-spindel","title":{"rendered":"Schweizer Akha Spindel"},"content":{"rendered":"","protected":false},"excerpt":{"rendered":"<p>Wirtel: Nussholz<br \/>\nStab: Buche<br \/>\nGewicht: ca. 7-8 g<br \/>\nL\u00e4nge: 24 cm<br \/>\nDurchmesser: 5.5 cm<\/p>\n<p>Die handgedrechselten Spindeln wurden in dem sch\u00f6nen Oberaargau erschaffen. Durch das leichte Gewicht ist die Akha f\u00fcr d\u00fcnne F\u00e4den geeignet und wird dadurch haupts\u00e4chlich f\u00fcr kurzstaplige Fasern verwendet wie Baumwolle. Die etwas angeraute Oberfl\u00e4che und die gute Gewichtsverteilung, macht das Spinnen zu einem produktiven Erlebnis.<\/p>\n<p>Die Akha Spindel ist eine traditionelle Baumwollspindel aus den Regionen um Thailand und wird im Fall mit einem langen Auszug gesponnen. <a href=\"https:\/\/youtu.be\/VlpOhiHCmao?si=Dq861Z7doOZYnNJt\">Hier<\/a> findest du ein altes Video von mir, wo ich zeige, wie man die spinnt.<\/p>\n<p>&nbsp;<\/p>\n","protected":false},"featured_media":109959,"comment_status":"open","ping_status":"closed","template":"","meta":[],"product_cat":[3150,1987,1939],"product_tag":[2027,2000,2004,2008],"class_list":{"0":"post-105898","1":"product","2":"type-product","3":"status-publish","4":"has-post-thumbnail","6":"product_brand-drehpfeffer","7":"product_cat-baumwolle-de","8":"product_cat-fallspindeln","9":"product_cat-spindeln","10":"product_tag-akha-spindel","11":"product_tag-handspindel","12":"product_tag-holz","13":"product_tag-spinnen","15":"first","16":"instock","17":"shipping-taxable","18":"purchasable","19":"product-type-simple","20":"hongo-alternate-image-wrap"},"_links":{"self":[{"href":"https:\/\/sidispinnt.ch\/index.php?rest_route=\/wp\/v2\/product\/105898","targetHints":{"allow":["GET"]}}],"collection":[{"href":"https:\/\/sidispinnt.ch\/index.php?rest_route=\/wp\/v2\/product"}],"about":[{"href":"https:\/\/sidispinnt.ch\/index.php?rest_route=\/wp\/v2\/types\/product"}],"replies":[{"embeddable":true,"href":"https:\/\/sidispinnt.ch\/index.php?rest_route=%2Fwp%2Fv2%2Fcomments&post=105898"}],"wp:featuredmedia":[{"embeddable":true,"href":"https:\/\/sidispinnt.ch\/index.php?rest_route=\/wp\/v2\/media\/109959"}],"wp:attachment":[{"href":"https:\/\/sidispinnt.ch\/index.php?rest_route=%2Fwp%2Fv2%2Fmedia&parent=105898"}],"wp:term":[{"taxonomy":"product_cat","embeddable":true,"href":"https:\/\/sidispinnt.ch\/index.php?rest_route=%2Fwp%2Fv2%2Fproduct_cat&post=105898"},{"taxonomy":"product_tag","embeddable":true,"href":"https:\/\/sidispinnt.ch\/index.php?rest_route=%2Fwp%2Fv2%2Fproduct_tag&post=105898"}],"curies":[{"name":"wp","href":"https:\/\/api.w.org\/{rel}","templated":true}]}}