{"id":105906,"date":"2022-10-16T21:25:31","date_gmt":"2022-10-16T19:25:31","guid":{"rendered":"https:\/\/sidispinnt.ch\/?post_type=product&#038;p=105906"},"modified":"2026-03-31T13:23:01","modified_gmt":"2026-03-31T11:23:01","slug":"schweizer-schaftspindel-set","status":"publish","type":"product","link":"https:\/\/sidispinnt.ch\/?product=schweizer-schaftspindel-set","title":{"rendered":"Schweizer Schaftspindel Set"},"content":{"rendered":"","protected":false},"excerpt":{"rendered":"<p>Holz: Ahorn und Apfelbaum<br \/>\nGewicht: ca. 19-24g<br \/>\nL\u00e4nge: 25cm<br \/>\nDurchmesser: ca. 6cm<\/p>\n<p>Das Set beinhaltet 3 Sch\u00e4fte und ein Wirtel, der gewechselt werden kann.<\/p>\n<p>Die handgedrechselten Spindeln wurden in dem sch\u00f6nen Oberaargau erschaffen.Durch die M\u00f6glichkeit die St\u00e4be zu Wechseln kann auf verschiedene St\u00e4be gesponnen und danach auf einen Weiteren gezwirnt werden, ohne dass mehrere Spindeln n\u00f6tig sind. Die etwas angeraute Oberfl\u00e4che und die gute Gewichtsverteilung, macht das Spinnen zu einem produktiven Erlebnis.<\/p>\n","protected":false},"featured_media":109227,"comment_status":"open","ping_status":"closed","template":"","meta":[],"product_cat":[1987,1939],"product_tag":[2000,2031,2008],"class_list":{"0":"post-105906","1":"product","2":"type-product","3":"status-publish","4":"has-post-thumbnail","6":"product_brand-drehpfeffer","7":"product_cat-fallspindeln","8":"product_cat-spindeln","9":"product_tag-handspindel","10":"product_tag-schaftspindel","11":"product_tag-spinnen","13":"first","14":"instock","15":"shipping-taxable","16":"purchasable","17":"product-type-simple"},"_links":{"self":[{"href":"https:\/\/sidispinnt.ch\/index.php?rest_route=\/wp\/v2\/product\/105906","targetHints":{"allow":["GET"]}}],"collection":[{"href":"https:\/\/sidispinnt.ch\/index.php?rest_route=\/wp\/v2\/product"}],"about":[{"href":"https:\/\/sidispinnt.ch\/index.php?rest_route=\/wp\/v2\/types\/product"}],"replies":[{"embeddable":true,"href":"https:\/\/sidispinnt.ch\/index.php?rest_route=%2Fwp%2Fv2%2Fcomments&post=105906"}],"wp:featuredmedia":[{"embeddable":true,"href":"https:\/\/sidispinnt.ch\/index.php?rest_route=\/wp\/v2\/media\/109227"}],"wp:attachment":[{"href":"https:\/\/sidispinnt.ch\/index.php?rest_route=%2Fwp%2Fv2%2Fmedia&parent=105906"}],"wp:term":[{"taxonomy":"product_cat","embeddable":true,"href":"https:\/\/sidispinnt.ch\/index.php?rest_route=%2Fwp%2Fv2%2Fproduct_cat&post=105906"},{"taxonomy":"product_tag","embeddable":true,"href":"https:\/\/sidispinnt.ch\/index.php?rest_route=%2Fwp%2Fv2%2Fproduct_tag&post=105906"}],"curies":[{"name":"wp","href":"https:\/\/api.w.org\/{rel}","templated":true}]}}