{"id":105946,"date":"2022-10-19T21:05:43","date_gmt":"2022-10-19T19:05:43","guid":{"rendered":"https:\/\/sidispinnt.ch\/?post_type=product&#038;p=105946"},"modified":"2026-03-31T15:32:01","modified_gmt":"2026-03-31T13:32:01","slug":"mokosh","status":"publish","type":"product","link":"https:\/\/sidispinnt.ch\/?product=mokosh","title":{"rendered":"Hey Mama Wolf Mokosh"},"content":{"rendered":"","protected":false},"excerpt":{"rendered":"<p>Zusammensetzung: 100 % Bio-Merino aus Frankreich<br \/>\nSpinnart: 2fach Zwirn<br \/>\nLaufl\u00e4nge: 400m \/ 437y<br \/>\nGewicht: 100g \/ 3,5 oz<br \/>\nNadelst\u00e4rke: 2.5 \u2013 3.5mm<\/p>\n<p>Pflanzengef\u00e4rbt in Deutschland von Hey Mama Wolf.<\/p>\n<p>Diese Wolle ist weich und anschmiegsam. Sie ist sehr zu empfehlen f\u00fcr Baby- und Kinderkleidung, Gestricktes, das auf der Haut getragen wird, zarte T\u00fccher und leichte Pullover.<\/p>\n<p>Das Garn ist aus Wolle der s\u00fcdfranz\u00f6sischen Merino d&#8217;Arles Schafe gesponnen, die nach jahrhundertealter Tradition jeden Sommer auf die Bergalmen gef\u00fchrt werden. Es soll eine der weichsten Wollen Europas sein. Gesponnen ist das Garn in Grossbritannien. Garantiert gut zur Umwelt, zum Schaf und zum Menschen.<\/p>\n","protected":false},"featured_media":105957,"comment_status":"open","ping_status":"closed","template":"","meta":[],"product_cat":[188],"product_tag":[1807,1803,1683,1669,1673,2075],"class_list":{"0":"post-105946","1":"product","2":"type-product","3":"status-publish","4":"has-post-thumbnail","6":"product_brand-hey-mama-wolf","7":"product_cat-garne","8":"product_tag-2-fach-zwirn","9":"product_tag-bio","10":"product_tag-fingering-weight","11":"product_tag-garne","12":"product_tag-merino","13":"product_tag-pflanzengefaerbt","15":"first","16":"instock","17":"shipping-taxable","18":"purchasable","19":"product-type-variable","20":"has-default-attributes","21":"hongo-alternate-image-wrap"},"_links":{"self":[{"href":"https:\/\/sidispinnt.ch\/index.php?rest_route=\/wp\/v2\/product\/105946","targetHints":{"allow":["GET"]}}],"collection":[{"href":"https:\/\/sidispinnt.ch\/index.php?rest_route=\/wp\/v2\/product"}],"about":[{"href":"https:\/\/sidispinnt.ch\/index.php?rest_route=\/wp\/v2\/types\/product"}],"replies":[{"embeddable":true,"href":"https:\/\/sidispinnt.ch\/index.php?rest_route=%2Fwp%2Fv2%2Fcomments&post=105946"}],"wp:featuredmedia":[{"embeddable":true,"href":"https:\/\/sidispinnt.ch\/index.php?rest_route=\/wp\/v2\/media\/105957"}],"wp:attachment":[{"href":"https:\/\/sidispinnt.ch\/index.php?rest_route=%2Fwp%2Fv2%2Fmedia&parent=105946"}],"wp:term":[{"taxonomy":"product_cat","embeddable":true,"href":"https:\/\/sidispinnt.ch\/index.php?rest_route=%2Fwp%2Fv2%2Fproduct_cat&post=105946"},{"taxonomy":"product_tag","embeddable":true,"href":"https:\/\/sidispinnt.ch\/index.php?rest_route=%2Fwp%2Fv2%2Fproduct_tag&post=105946"}],"curies":[{"name":"wp","href":"https:\/\/api.w.org\/{rel}","templated":true}]}}