{"id":106143,"date":"2022-11-03T18:35:39","date_gmt":"2022-11-03T17:35:39","guid":{"rendered":"https:\/\/sidispinnt.ch\/?post_type=product&#038;p=106143"},"modified":"2026-04-15T12:39:39","modified_gmt":"2026-04-15T10:39:39","slug":"russische-orenburger-spindel","status":"publish","type":"product","link":"https:\/\/sidispinnt.ch\/?product=russische-orenburger-spindel","title":{"rendered":"Swissmade Orenburger Spindel"},"content":{"rendered":"","protected":false},"excerpt":{"rendered":"<p><strong>Holz:<\/strong> Ahorn<br \/>\n<strong>L\u00e4nge:<\/strong> 25cm<br \/>\n<strong>Gewicht:<\/strong> 20g<\/p>\n<p>Die handgedrechselten Spindeln wurden in dem sch\u00f6nen Oberaargau erschaffen. Die Russische Orenburger Spindel wird in einer Schale gesponnen, dadurch ist sie mehrheitlich f\u00fcr d\u00fcnne F\u00e4den und f\u00fcr kurzstaplige Fasern, wie z.B. Kaschmir, Kamel oder Yak, geeignet.<\/p>\n","protected":false},"featured_media":108998,"comment_status":"open","ping_status":"closed","template":"","meta":[],"product_cat":[1939,1991],"product_tag":[2000,2004,2008],"class_list":{"0":"post-106143","1":"product","2":"type-product","3":"status-publish","4":"has-post-thumbnail","6":"product_cat-spindeln","7":"product_cat-standspindeln","8":"product_tag-handspindel","9":"product_tag-holz","10":"product_tag-spinnen","12":"first","13":"instock","14":"shipping-taxable","15":"purchasable","16":"product-type-simple"},"_links":{"self":[{"href":"https:\/\/sidispinnt.ch\/index.php?rest_route=\/wp\/v2\/product\/106143","targetHints":{"allow":["GET"]}}],"collection":[{"href":"https:\/\/sidispinnt.ch\/index.php?rest_route=\/wp\/v2\/product"}],"about":[{"href":"https:\/\/sidispinnt.ch\/index.php?rest_route=\/wp\/v2\/types\/product"}],"replies":[{"embeddable":true,"href":"https:\/\/sidispinnt.ch\/index.php?rest_route=%2Fwp%2Fv2%2Fcomments&post=106143"}],"wp:featuredmedia":[{"embeddable":true,"href":"https:\/\/sidispinnt.ch\/index.php?rest_route=\/wp\/v2\/media\/108998"}],"wp:attachment":[{"href":"https:\/\/sidispinnt.ch\/index.php?rest_route=%2Fwp%2Fv2%2Fmedia&parent=106143"}],"wp:term":[{"taxonomy":"product_cat","embeddable":true,"href":"https:\/\/sidispinnt.ch\/index.php?rest_route=%2Fwp%2Fv2%2Fproduct_cat&post=106143"},{"taxonomy":"product_tag","embeddable":true,"href":"https:\/\/sidispinnt.ch\/index.php?rest_route=%2Fwp%2Fv2%2Fproduct_tag&post=106143"}],"curies":[{"name":"wp","href":"https:\/\/api.w.org\/{rel}","templated":true}]}}