{"id":106222,"date":"2022-11-12T16:00:56","date_gmt":"2022-11-12T15:00:56","guid":{"rendered":"https:\/\/sidispinnt.ch\/?post_type=product&#038;p=106222"},"modified":"2026-03-31T14:42:43","modified_gmt":"2026-03-31T12:42:43","slug":"cashmere-silk-dk","status":"publish","type":"product","link":"https:\/\/sidispinnt.ch\/?product=cashmere-silk-dk","title":{"rendered":"Cashmere Silk DK"},"content":{"rendered":"","protected":false},"excerpt":{"rendered":"<p><strong>Zusammensetzung:<\/strong> 65% Seide, 35% Kaschmir<br \/>\n<strong>Spinnart:<\/strong> 3fach Zwirn<br \/>\n<strong>Laufl\u00e4nge:<\/strong> 100m \/ 110y<br \/>\n<strong>Gewicht:<\/strong> 50g \/ 1,8 oz<br \/>\n<strong>Nadelst\u00e4rke:<\/strong> 4 \u2013 5mm<\/p>\n<p>Die Mischung aus Swiss Mountain Silk mit Kaschmir gesponnen von der Schweizer Firma Cammenzind macht das Garn unbeschreiblich weich und luxuri\u00f6s. Ideal f\u00fcr T\u00fccher und zarte Kleidungsst\u00fccke die das Herz erw\u00e4rmen.<\/p>\n","protected":false},"featured_media":106270,"comment_status":"open","ping_status":"closed","template":"","meta":[],"product_cat":[188],"product_tag":[2091,1687,1669,2244,1677],"class_list":{"0":"post-106222","1":"product","2":"type-product","3":"status-publish","4":"has-post-thumbnail","6":"product_brand-sidispinnt","7":"product_cat-garne","8":"product_tag-3-fach-zwirn","9":"product_tag-dk","10":"product_tag-garne","11":"product_tag-kaschmir","12":"product_tag-seide","14":"first","15":"instock","16":"shipping-taxable","17":"purchasable","18":"product-type-variable","19":"has-default-attributes","20":"hongo-alternate-image-wrap"},"_links":{"self":[{"href":"https:\/\/sidispinnt.ch\/index.php?rest_route=\/wp\/v2\/product\/106222","targetHints":{"allow":["GET"]}}],"collection":[{"href":"https:\/\/sidispinnt.ch\/index.php?rest_route=\/wp\/v2\/product"}],"about":[{"href":"https:\/\/sidispinnt.ch\/index.php?rest_route=\/wp\/v2\/types\/product"}],"replies":[{"embeddable":true,"href":"https:\/\/sidispinnt.ch\/index.php?rest_route=%2Fwp%2Fv2%2Fcomments&post=106222"}],"wp:featuredmedia":[{"embeddable":true,"href":"https:\/\/sidispinnt.ch\/index.php?rest_route=\/wp\/v2\/media\/106270"}],"wp:attachment":[{"href":"https:\/\/sidispinnt.ch\/index.php?rest_route=%2Fwp%2Fv2%2Fmedia&parent=106222"}],"wp:term":[{"taxonomy":"product_cat","embeddable":true,"href":"https:\/\/sidispinnt.ch\/index.php?rest_route=%2Fwp%2Fv2%2Fproduct_cat&post=106222"},{"taxonomy":"product_tag","embeddable":true,"href":"https:\/\/sidispinnt.ch\/index.php?rest_route=%2Fwp%2Fv2%2Fproduct_tag&post=106222"}],"curies":[{"name":"wp","href":"https:\/\/api.w.org\/{rel}","templated":true}]}}