{"id":106243,"date":"2022-11-12T16:25:53","date_gmt":"2022-11-12T15:25:53","guid":{"rendered":"https:\/\/sidispinnt.ch\/?post_type=product&#038;p=106243"},"modified":"2026-04-28T14:26:52","modified_gmt":"2026-04-28T12:26:52","slug":"kamelseide","status":"publish","type":"product","link":"https:\/\/sidispinnt.ch\/?product=kamelseide","title":{"rendered":"KamelSeide"},"content":{"rendered":"","protected":false},"excerpt":{"rendered":"<p><strong>Zusammensetzung:<\/strong> 65% Seide, 35% Kamel<br \/>\n<strong>Spinnart:<\/strong> 3fach Zwirn<br \/>\n<strong>Laufl\u00e4nge:<\/strong> 400m \/ 437y<br \/>\n<strong>Gewicht:<\/strong> 100g \/ 3,5 oz<br \/>\n<strong>Nadelst\u00e4rke:<\/strong> 3 \u2013 4mm<\/p>\n<p>Die Mischung aus Swiss Mountain Silk mit Kamel gesponnen von der Schweizer Firma Cammenzind macht das Garn unbeschreiblich weich und warm gl\u00e4nzend. Durch die Kamelfaser erh\u00e4lt das Garn eine tolle Weichheit. Ideal f\u00fcr warme und doch d\u00fcnne Strickst\u00fccke, wie T\u00fccher, Schaals oder feine Pullover die das Herz erw\u00e4rmen.<\/p>\n","protected":false},"featured_media":109724,"comment_status":"open","ping_status":"closed","template":"","meta":[],"product_cat":[188],"product_tag":[2091,1683,1669,2126,1677],"class_list":{"0":"post-106243","1":"product","2":"type-product","3":"status-publish","4":"has-post-thumbnail","6":"product_brand-sidispinnt","7":"product_cat-garne","8":"product_tag-3-fach-zwirn","9":"product_tag-fingering-weight","10":"product_tag-garne","11":"product_tag-kamel","12":"product_tag-seide","14":"first","15":"instock","16":"shipping-taxable","17":"purchasable","18":"product-type-variable","19":"has-default-attributes"},"_links":{"self":[{"href":"https:\/\/sidispinnt.ch\/index.php?rest_route=\/wp\/v2\/product\/106243","targetHints":{"allow":["GET"]}}],"collection":[{"href":"https:\/\/sidispinnt.ch\/index.php?rest_route=\/wp\/v2\/product"}],"about":[{"href":"https:\/\/sidispinnt.ch\/index.php?rest_route=\/wp\/v2\/types\/product"}],"replies":[{"embeddable":true,"href":"https:\/\/sidispinnt.ch\/index.php?rest_route=%2Fwp%2Fv2%2Fcomments&post=106243"}],"wp:featuredmedia":[{"embeddable":true,"href":"https:\/\/sidispinnt.ch\/index.php?rest_route=\/wp\/v2\/media\/109724"}],"wp:attachment":[{"href":"https:\/\/sidispinnt.ch\/index.php?rest_route=%2Fwp%2Fv2%2Fmedia&parent=106243"}],"wp:term":[{"taxonomy":"product_cat","embeddable":true,"href":"https:\/\/sidispinnt.ch\/index.php?rest_route=%2Fwp%2Fv2%2Fproduct_cat&post=106243"},{"taxonomy":"product_tag","embeddable":true,"href":"https:\/\/sidispinnt.ch\/index.php?rest_route=%2Fwp%2Fv2%2Fproduct_tag&post=106243"}],"curies":[{"name":"wp","href":"https:\/\/api.w.org\/{rel}","templated":true}]}}