{"id":106810,"date":"2022-11-26T18:05:57","date_gmt":"2022-11-26T17:05:57","guid":{"rendered":"https:\/\/sidispinnt.ch\/?post_type=product&#038;p=106810"},"modified":"2026-04-17T04:53:51","modified_gmt":"2026-04-17T02:53:51","slug":"semilla-silkbloom-gots","status":"publish","type":"product","link":"https:\/\/sidispinnt.ch\/?product=semilla-silkbloom-gots","title":{"rendered":"BC Garn Semilla Silkbloom GOTS"},"content":{"rendered":"","protected":false},"excerpt":{"rendered":"<p><strong>Zusammensetzung: <\/strong>75% Merino mulesingfrei, 25% Eri Seide<br \/>\n<strong>Spinnart<\/strong>: 2fach Zwirn<br \/>\n<strong>Laufl\u00e4nge:<\/strong> 200m \/ 218y<br \/>\n<strong>Gewicht<\/strong>: 50g \/ 1,8 oz<br \/>\n<strong>Nadelst\u00e4rke:<\/strong> 2.5 \u2013 3.5mm<br \/>\n<strong>Maschenprobe<\/strong>: 31 = 10cm<br \/>\n<strong>Verbrauch f\u00fcr einen Damenpullover Gr. 38 ca.:<\/strong> 500g<br \/>\n<strong>Pflegehinweise:<\/strong> Maschinenwaschbar im Wollwaschprogramm bei 30 Grad<\/p>\n<p>Dieses Garn vereint wundersch\u00f6ne feine Schurwolle mit gewaltfreier weicher Eri-Seide. Bei der Eri-Seide d\u00fcrfen die Raupen aus dem Kokon schl\u00fcpfen, bevor der Faden gewonnen wird. Das Garn hat einen feinen Schimmer und ist wunderbar weich. Der Seidenanteil macht es maschinenwaschbar \u2013 ganz ohne Superwash-Behandlung. Semilla Silkbloom kommt mit GOTS Siegel und ist damit nicht nur f\u00fcr Erwachsene Naturliebhaber, sondern auch f\u00fcr Babys und Kleinkinder perfekt geeignet.<\/p>\n<p>Sie ist das perfekte Multi-Talent-Garn f\u00fcr Accessoires ebenso wie f\u00fcr Pullover, Jacken und Kinderkleidung. Die Farbpalette ist eine Auswahl aus den sch\u00f6nsten Semilla Farben, die harmonisch zusammenpassen.<\/p>\n<p>Was bedeutet, dass das Garn nach GOTS (Global Organic Textile Standard) zertifiziert ist? Beim GOTS Siegel wird alles gepr\u00fcft: vom Tierwohl \u00fcber schadstofffreie Farbstoffe und eine umweltschonende Produktion bis hin zur fairen Entlohnung aller Beteiligten und der Einhaltung strenger Sozialkriterien. Nach unserer Auffassung ist das GOTS Siegel das strengste \u00d6ko-Siegel in der Textilbranche \u2013 deutlich umfassender als beispielsweise \u00d6ko-Tex 100. Die Rohwolle kommt \u00fcbrigens aus Argentinien und ist nat\u00fcrlich mulesing-frei. Versponnen und gef\u00e4rbt wird sie in Italien.<\/p>\n<p>GOTS \u2013 Organic \u2013 zertifiziert durch BCS 25956<\/p>\n","protected":false},"featured_media":106837,"comment_status":"open","ping_status":"closed","template":"","meta":[],"product_cat":[188],"product_tag":[1807,2184,1683,1669,2315,1673],"class_list":{"0":"post-106810","1":"product","2":"type-product","3":"status-publish","4":"has-post-thumbnail","6":"product_brand-bc-garn","7":"product_brand-gots","8":"product_cat-garne","9":"product_tag-2-fach-zwirn","10":"product_tag-eri-seide","11":"product_tag-fingering-weight","12":"product_tag-garne","13":"product_tag-gots","14":"product_tag-merino","16":"first","17":"instock","18":"sale","19":"shipping-taxable","20":"purchasable","21":"product-type-variable","22":"has-default-attributes","23":"hongo-alternate-image-wrap"},"_links":{"self":[{"href":"https:\/\/sidispinnt.ch\/index.php?rest_route=\/wp\/v2\/product\/106810","targetHints":{"allow":["GET"]}}],"collection":[{"href":"https:\/\/sidispinnt.ch\/index.php?rest_route=\/wp\/v2\/product"}],"about":[{"href":"https:\/\/sidispinnt.ch\/index.php?rest_route=\/wp\/v2\/types\/product"}],"replies":[{"embeddable":true,"href":"https:\/\/sidispinnt.ch\/index.php?rest_route=%2Fwp%2Fv2%2Fcomments&post=106810"}],"wp:featuredmedia":[{"embeddable":true,"href":"https:\/\/sidispinnt.ch\/index.php?rest_route=\/wp\/v2\/media\/106837"}],"wp:attachment":[{"href":"https:\/\/sidispinnt.ch\/index.php?rest_route=%2Fwp%2Fv2%2Fmedia&parent=106810"}],"wp:term":[{"taxonomy":"product_cat","embeddable":true,"href":"https:\/\/sidispinnt.ch\/index.php?rest_route=%2Fwp%2Fv2%2Fproduct_cat&post=106810"},{"taxonomy":"product_tag","embeddable":true,"href":"https:\/\/sidispinnt.ch\/index.php?rest_route=%2Fwp%2Fv2%2Fproduct_tag&post=106810"}],"curies":[{"name":"wp","href":"https:\/\/api.w.org\/{rel}","templated":true}]}}