{"id":106877,"date":"2022-11-28T20:15:49","date_gmt":"2022-11-28T19:15:49","guid":{"rendered":"https:\/\/sidispinnt.ch\/?post_type=product&#038;p=106877"},"modified":"2026-04-01T21:44:09","modified_gmt":"2026-04-01T19:44:09","slug":"muga-seide","status":"publish","type":"product","link":"https:\/\/sidispinnt.ch\/?product=muga-seide","title":{"rendered":"Muga Seide"},"content":{"rendered":"","protected":false},"excerpt":{"rendered":"<p><strong>Zusammensetzung:<\/strong> 100% Muga Seide<br \/>\n<strong>Spinnvorbereitung:<\/strong> Kammzug<br \/>\n<strong>Gewicht:<\/strong> 50g \/ 1,8 oz<br \/>\n<strong>Farbe<\/strong>: Gold-Braun<\/p>\n<p>Die Muga Seide ist eine Wildseide, bei der der Schmetterling Schl\u00fcpfen darf, bevor sie verarbeitet wird. Sie schimmert gold-braun, stammt aus Assam Indien und geh\u00f6rt zu den warmen Seidenarten.<\/p>\n<p style=\"text-align: justify;\">Die Schmetterlinge, welche Muga und Tussah Seide produzieren stammen aus der selben Schmetterlings-Familie. Muga Seide stammt urspr\u00fcnglich aus Indien, wo die Seidenart \u00fcber hunderte Jahre dem K\u00f6nigshof in Assam vorbehalten war.<\/p>\n","protected":false},"featured_media":106878,"comment_status":"open","ping_status":"closed","template":"","meta":[],"product_cat":[858,2101],"product_tag":[1699,1703,2174,1677,2008],"class_list":{"0":"post-106877","1":"product","2":"type-product","3":"status-publish","4":"has-post-thumbnail","6":"product_brand-sidispinnt","7":"product_cat-fasern","8":"product_cat-kammzuege-natur","9":"product_tag-fasern","10":"product_tag-kammzug","11":"product_tag-muga-seide","12":"product_tag-seide","13":"product_tag-spinnen","15":"first","16":"instock","17":"shipping-taxable","18":"purchasable","19":"product-type-simple"},"_links":{"self":[{"href":"https:\/\/sidispinnt.ch\/index.php?rest_route=\/wp\/v2\/product\/106877","targetHints":{"allow":["GET"]}}],"collection":[{"href":"https:\/\/sidispinnt.ch\/index.php?rest_route=\/wp\/v2\/product"}],"about":[{"href":"https:\/\/sidispinnt.ch\/index.php?rest_route=\/wp\/v2\/types\/product"}],"replies":[{"embeddable":true,"href":"https:\/\/sidispinnt.ch\/index.php?rest_route=%2Fwp%2Fv2%2Fcomments&post=106877"}],"wp:featuredmedia":[{"embeddable":true,"href":"https:\/\/sidispinnt.ch\/index.php?rest_route=\/wp\/v2\/media\/106878"}],"wp:attachment":[{"href":"https:\/\/sidispinnt.ch\/index.php?rest_route=%2Fwp%2Fv2%2Fmedia&parent=106877"}],"wp:term":[{"taxonomy":"product_cat","embeddable":true,"href":"https:\/\/sidispinnt.ch\/index.php?rest_route=%2Fwp%2Fv2%2Fproduct_cat&post=106877"},{"taxonomy":"product_tag","embeddable":true,"href":"https:\/\/sidispinnt.ch\/index.php?rest_route=%2Fwp%2Fv2%2Fproduct_tag&post=106877"}],"curies":[{"name":"wp","href":"https:\/\/api.w.org\/{rel}","templated":true}]}}