{"id":106891,"date":"2022-11-28T20:55:07","date_gmt":"2022-11-28T19:55:07","guid":{"rendered":"https:\/\/sidispinnt.ch\/?post_type=product&#038;p=106891"},"modified":"2026-04-26T20:10:54","modified_gmt":"2026-04-26T18:10:54","slug":"bfl-blue-faced-leicester-kammzug","status":"publish","type":"product","link":"https:\/\/sidispinnt.ch\/?product=bfl-blue-faced-leicester-kammzug","title":{"rendered":"BFL &#8211; Blue Faced Leicester Kammzug"},"content":{"rendered":"","protected":false},"excerpt":{"rendered":"<p><strong>Zusammensetzung:<\/strong> 100% Blue Faced Leicester<br \/>\n<strong>Spinnvorbereitung:<\/strong> Kammzug<br \/>\n<strong>Gewicht<\/strong>: 100g \/ 3,5 oz<br \/>\n<strong>Microns:<\/strong> 26mic<br \/>\n<strong>Faserl\u00e4nge:<\/strong> 85-90mm<\/p>\n<p>Blue Faced Leicester-Wolle ist fein und dicht, hat einen sch\u00f6nen Glanz und eine lange Stapell\u00e4nge. Das Vlies wird wegen seiner \u00c4hnlichkeit mit Mohair und wegen der Herstellung attraktiver, gl\u00e4nzender Garne mit guter Elastizit\u00e4t sehr beliebt.<\/p>\n","protected":false},"featured_media":106903,"comment_status":"open","ping_status":"closed","template":"","meta":[],"product_cat":[858,2101],"product_tag":[2146,1699,1703,2008,2689],"class_list":{"0":"post-106891","1":"product","2":"type-product","3":"status-publish","4":"has-post-thumbnail","6":"product_brand-sidispinnt","7":"product_cat-fasern","8":"product_cat-kammzuege-natur","9":"product_tag-blue-faced-leicester","10":"product_tag-fasern","11":"product_tag-kammzug","12":"product_tag-spinnen","13":"product_tag-wolle","15":"first","16":"instock","17":"shipping-taxable","18":"purchasable","19":"product-type-variable","20":"hongo-alternate-image-wrap"},"_links":{"self":[{"href":"https:\/\/sidispinnt.ch\/index.php?rest_route=\/wp\/v2\/product\/106891","targetHints":{"allow":["GET"]}}],"collection":[{"href":"https:\/\/sidispinnt.ch\/index.php?rest_route=\/wp\/v2\/product"}],"about":[{"href":"https:\/\/sidispinnt.ch\/index.php?rest_route=\/wp\/v2\/types\/product"}],"replies":[{"embeddable":true,"href":"https:\/\/sidispinnt.ch\/index.php?rest_route=%2Fwp%2Fv2%2Fcomments&post=106891"}],"wp:featuredmedia":[{"embeddable":true,"href":"https:\/\/sidispinnt.ch\/index.php?rest_route=\/wp\/v2\/media\/106903"}],"wp:attachment":[{"href":"https:\/\/sidispinnt.ch\/index.php?rest_route=%2Fwp%2Fv2%2Fmedia&parent=106891"}],"wp:term":[{"taxonomy":"product_cat","embeddable":true,"href":"https:\/\/sidispinnt.ch\/index.php?rest_route=%2Fwp%2Fv2%2Fproduct_cat&post=106891"},{"taxonomy":"product_tag","embeddable":true,"href":"https:\/\/sidispinnt.ch\/index.php?rest_route=%2Fwp%2Fv2%2Fproduct_tag&post=106891"}],"curies":[{"name":"wp","href":"https:\/\/api.w.org\/{rel}","templated":true}]}}