{"id":107351,"date":"2022-12-21T14:52:04","date_gmt":"2022-12-21T13:52:04","guid":{"rendered":"https:\/\/sidispinnt.ch\/?post_type=product&#038;p=107351"},"modified":"2026-04-26T20:11:11","modified_gmt":"2026-04-26T18:11:11","slug":"hyia-hiya-nadelspitzen-sharp-steel","status":"publish","type":"product","link":"https:\/\/sidispinnt.ch\/?product=hyia-hiya-nadelspitzen-sharp-steel","title":{"rendered":"Hiya Hiya Nadelspitzen Sharp Steel"},"content":{"rendered":"","protected":false},"excerpt":{"rendered":"<p>Die hochwertigen Hyia Hiya Nadelspitzen aus Edelstahl bieten St\u00e4rke und eine hohle Konstruktion f\u00fcr ein leichtes Gef\u00fchl. Die scharfe Spitze ist ideal f\u00fcr komplizierte Stiche und Spitzenmuster.<\/p>\n<p><strong>Gr\u00f6ssen<\/strong><br \/>\nMini: 2.00mm &#8211; 2.50mm (sind kompatibel mit den Mini Seilen)<br \/>\nSmall: 2.75mm &#8211; 5.00mm (sind kompatibel mit den Small Seilen)<br \/>\nLarge: 5.50mm &#8211; 10mm (sind kompatibel mit den Large Seilen)<\/p>\n<p>Um die Rundnadel zu komplettieren, ben\u00f6tigt es zus\u00e4tzlich ein <a href=\"https:\/\/sidispinnt.ch\/?product=hiya-hiya-seile\">Seil<\/a>.<br \/>\nDie Large Spitzen k\u00f6nnen durch einen &#8220;Nadel Adapter Large\/Small&#8221; auch mit Small Seilen verwendet werden.<\/p>\n","protected":false},"featured_media":107620,"comment_status":"open","ping_status":"closed","template":"","meta":[],"product_cat":[2212,1943],"product_tag":[3082,3086,3090],"class_list":{"0":"post-107351","1":"product","2":"type-product","3":"status-publish","4":"has-post-thumbnail","6":"product_brand-hiya-hiya","7":"product_cat-stricknadeln","8":"product_cat-zubehoer","9":"product_tag-metall","10":"product_tag-nadelspitzen","11":"product_tag-stricken","13":"first","14":"instock","15":"shipping-taxable","16":"purchasable","17":"product-type-variable","18":"has-default-attributes"},"_links":{"self":[{"href":"https:\/\/sidispinnt.ch\/index.php?rest_route=\/wp\/v2\/product\/107351","targetHints":{"allow":["GET"]}}],"collection":[{"href":"https:\/\/sidispinnt.ch\/index.php?rest_route=\/wp\/v2\/product"}],"about":[{"href":"https:\/\/sidispinnt.ch\/index.php?rest_route=\/wp\/v2\/types\/product"}],"replies":[{"embeddable":true,"href":"https:\/\/sidispinnt.ch\/index.php?rest_route=%2Fwp%2Fv2%2Fcomments&post=107351"}],"wp:featuredmedia":[{"embeddable":true,"href":"https:\/\/sidispinnt.ch\/index.php?rest_route=\/wp\/v2\/media\/107620"}],"wp:attachment":[{"href":"https:\/\/sidispinnt.ch\/index.php?rest_route=%2Fwp%2Fv2%2Fmedia&parent=107351"}],"wp:term":[{"taxonomy":"product_cat","embeddable":true,"href":"https:\/\/sidispinnt.ch\/index.php?rest_route=%2Fwp%2Fv2%2Fproduct_cat&post=107351"},{"taxonomy":"product_tag","embeddable":true,"href":"https:\/\/sidispinnt.ch\/index.php?rest_route=%2Fwp%2Fv2%2Fproduct_tag&post=107351"}],"curies":[{"name":"wp","href":"https:\/\/api.w.org\/{rel}","templated":true}]}}