{"id":107464,"date":"2022-12-22T13:45:48","date_gmt":"2022-12-22T12:45:48","guid":{"rendered":"https:\/\/sidispinnt.ch\/?post_type=product&#038;p=107464"},"modified":"2026-04-21T10:19:12","modified_gmt":"2026-04-21T08:19:12","slug":"minzfasern-kammzug","status":"publish","type":"product","link":"https:\/\/sidispinnt.ch\/?product=minzfasern-kammzug","title":{"rendered":"Minzfasern Kammzug"},"content":{"rendered":"","protected":false},"excerpt":{"rendered":"<p><strong>Zusammensetzung:<\/strong> 100% Minzfasern<br \/>\n<strong>Spinnvorbereitung:<\/strong> Kammzug<br \/>\n<strong>Faserl\u00e4nge:<\/strong> 75-80mm<br \/>\n<strong>Gewicht:<\/strong> 50g \/ 1,8 oz<br \/>\n<strong>Farbe:<\/strong> Hell Golden<br \/>\n<strong>Level:<\/strong> Fortgeschrittene<\/p>\n<p>Eine neue biologisch abbaubare Zellulosefaser, die mit Minzpulver versetzt ist, das aus Pfefferminzbl\u00e4ttern gewonnen wird. Diese weiche, goldene Faser hat antibakterielle und nat\u00fcrlich k\u00fchlende Eigenschaften.<br \/>\nPerfekt zum Spinnen und Mischen mit Fasern wie Baumwolle, Seide, Wolle und Leinen.<\/p>\n","protected":false},"featured_media":107465,"comment_status":"open","ping_status":"closed","template":"","meta":[],"product_cat":[858,2101,3163],"product_tag":[1699,1703,2130,2008],"class_list":{"0":"post-107464","1":"product","2":"type-product","3":"status-publish","4":"has-post-thumbnail","6":"product_brand-sidispinnt","7":"product_cat-fasern","8":"product_cat-kammzuege-natur","9":"product_cat-synthetische-fasern","10":"product_tag-fasern","11":"product_tag-kammzug","12":"product_tag-minze","13":"product_tag-spinnen","15":"first","16":"instock","17":"shipping-taxable","18":"purchasable","19":"product-type-simple"},"_links":{"self":[{"href":"https:\/\/sidispinnt.ch\/index.php?rest_route=\/wp\/v2\/product\/107464","targetHints":{"allow":["GET"]}}],"collection":[{"href":"https:\/\/sidispinnt.ch\/index.php?rest_route=\/wp\/v2\/product"}],"about":[{"href":"https:\/\/sidispinnt.ch\/index.php?rest_route=\/wp\/v2\/types\/product"}],"replies":[{"embeddable":true,"href":"https:\/\/sidispinnt.ch\/index.php?rest_route=%2Fwp%2Fv2%2Fcomments&post=107464"}],"wp:featuredmedia":[{"embeddable":true,"href":"https:\/\/sidispinnt.ch\/index.php?rest_route=\/wp\/v2\/media\/107465"}],"wp:attachment":[{"href":"https:\/\/sidispinnt.ch\/index.php?rest_route=%2Fwp%2Fv2%2Fmedia&parent=107464"}],"wp:term":[{"taxonomy":"product_cat","embeddable":true,"href":"https:\/\/sidispinnt.ch\/index.php?rest_route=%2Fwp%2Fv2%2Fproduct_cat&post=107464"},{"taxonomy":"product_tag","embeddable":true,"href":"https:\/\/sidispinnt.ch\/index.php?rest_route=%2Fwp%2Fv2%2Fproduct_tag&post=107464"}],"curies":[{"name":"wp","href":"https:\/\/api.w.org\/{rel}","templated":true}]}}