{"id":107536,"date":"2023-01-02T15:32:10","date_gmt":"2023-01-02T14:32:10","guid":{"rendered":"https:\/\/sidispinnt.ch\/?post_type=product&#038;p=107536"},"modified":"2026-03-31T13:29:17","modified_gmt":"2026-03-31T11:29:17","slug":"merino-dk-hightwist","status":"publish","type":"product","link":"https:\/\/sidispinnt.ch\/?product=merino-dk-hightwist","title":{"rendered":"Merino DK Hightwist"},"content":{"rendered":"","protected":false},"excerpt":{"rendered":"<p><strong>Zusammensetzung:<\/strong> 100% Merino Superwash<br \/>\n<strong>Spinnart:<\/strong> 4 Fach Hight Twist Zwirn<br \/>\n<strong>Laufl\u00e4nge:<\/strong> 200m \/ 218y<br \/>\n<strong>Gewicht:<\/strong> 100g \/ 3,5 oz<br \/>\n<strong>Nadelst\u00e4rke:<\/strong> 4 \u2013 5mm<br \/>\n<strong>Pflegehinweis: <\/strong>Handgef\u00e4rbte Garne k\u00f6nnen bei den ersten Waschungen ausbluten.<\/p>\n<p>Das Garn hat durch den Hightwist eine elastische und strukturelle Oberfl\u00e4che. Mit diesem runden Garn kommen vor Allem Z\u00f6pfe und Strukturen richtig gut zur Geltung. Optimal eignet sich das Garn f\u00fcr warme, dicke und kuschlige Pullover, Jacken, Schals und M\u00fctzen.<\/p>\n","protected":false},"featured_media":107553,"comment_status":"open","ping_status":"closed","template":"","meta":[],"product_cat":[188],"product_tag":[3237,1669,1773,1673,3090,1695],"class_list":{"0":"post-107536","1":"product","2":"type-product","3":"status-publish","4":"has-post-thumbnail","6":"product_brand-sidispinnt","7":"product_cat-garne","8":"product_tag-4-fach-zwirn","9":"product_tag-garne","10":"product_tag-handgefaerbt","11":"product_tag-merino","12":"product_tag-stricken","13":"product_tag-superwash","15":"first","16":"instock","17":"sale","18":"shipping-taxable","19":"purchasable","20":"product-type-variable","21":"has-default-attributes","22":"hongo-alternate-image-wrap"},"_links":{"self":[{"href":"https:\/\/sidispinnt.ch\/index.php?rest_route=\/wp\/v2\/product\/107536","targetHints":{"allow":["GET"]}}],"collection":[{"href":"https:\/\/sidispinnt.ch\/index.php?rest_route=\/wp\/v2\/product"}],"about":[{"href":"https:\/\/sidispinnt.ch\/index.php?rest_route=\/wp\/v2\/types\/product"}],"replies":[{"embeddable":true,"href":"https:\/\/sidispinnt.ch\/index.php?rest_route=%2Fwp%2Fv2%2Fcomments&post=107536"}],"wp:featuredmedia":[{"embeddable":true,"href":"https:\/\/sidispinnt.ch\/index.php?rest_route=\/wp\/v2\/media\/107553"}],"wp:attachment":[{"href":"https:\/\/sidispinnt.ch\/index.php?rest_route=%2Fwp%2Fv2%2Fmedia&parent=107536"}],"wp:term":[{"taxonomy":"product_cat","embeddable":true,"href":"https:\/\/sidispinnt.ch\/index.php?rest_route=%2Fwp%2Fv2%2Fproduct_cat&post=107536"},{"taxonomy":"product_tag","embeddable":true,"href":"https:\/\/sidispinnt.ch\/index.php?rest_route=%2Fwp%2Fv2%2Fproduct_tag&post=107536"}],"curies":[{"name":"wp","href":"https:\/\/api.w.org\/{rel}","templated":true}]}}