{"id":107567,"date":"2023-01-03T15:46:26","date_gmt":"2023-01-03T14:46:26","guid":{"rendered":"https:\/\/sidispinnt.ch\/?post_type=product&#038;p=107567"},"modified":"2026-03-31T13:50:00","modified_gmt":"2026-03-31T11:50:00","slug":"merino-single","status":"publish","type":"product","link":"https:\/\/sidispinnt.ch\/?product=merino-single","title":{"rendered":"Merino Single"},"content":{"rendered":"","protected":false},"excerpt":{"rendered":"<p><strong>Zusammensetzung:<\/strong> 100% Merino Superwash<br \/>\n<strong>Spinnart:<\/strong> Single (einfach Faden)<br \/>\n<strong>Laufl\u00e4nge:<\/strong> 366m \/ 400y<br \/>\n<strong>Gewicht:<\/strong> 100g \/ 3,5 oz<br \/>\n<strong>Nadelst\u00e4rke:<\/strong> 3 \u2013 4mm<br \/>\n<strong>Pflegehinweis: <\/strong>Handgef\u00e4rbte Garne k\u00f6nnen bei den ersten Waschungen ausbluten.<\/p>\n<p>Merino Single hat durch die ungezwirnte Spinnart eine runde Oberfl\u00e4che, die ein lebhaftes Strickbild ergibt. Ideal zum Stricken von T\u00fccher und feinen Kleidungsst\u00fccke mit Z\u00f6pfen und oder Lochmuster.<\/p>\n","protected":false},"featured_media":107568,"comment_status":"open","ping_status":"closed","template":"","meta":[],"product_cat":[188],"product_tag":[1683,1669,1673,1765,3090,1695],"class_list":{"0":"post-107567","1":"product","2":"type-product","3":"status-publish","4":"has-post-thumbnail","6":"product_brand-sidispinnt","7":"product_cat-garne","8":"product_tag-fingering-weight","9":"product_tag-garne","10":"product_tag-merino","11":"product_tag-single","12":"product_tag-stricken","13":"product_tag-superwash","15":"first","16":"instock","17":"sale","18":"shipping-taxable","19":"purchasable","20":"product-type-variable","21":"hongo-alternate-image-wrap"},"_links":{"self":[{"href":"https:\/\/sidispinnt.ch\/index.php?rest_route=\/wp\/v2\/product\/107567","targetHints":{"allow":["GET"]}}],"collection":[{"href":"https:\/\/sidispinnt.ch\/index.php?rest_route=\/wp\/v2\/product"}],"about":[{"href":"https:\/\/sidispinnt.ch\/index.php?rest_route=\/wp\/v2\/types\/product"}],"replies":[{"embeddable":true,"href":"https:\/\/sidispinnt.ch\/index.php?rest_route=%2Fwp%2Fv2%2Fcomments&post=107567"}],"wp:featuredmedia":[{"embeddable":true,"href":"https:\/\/sidispinnt.ch\/index.php?rest_route=\/wp\/v2\/media\/107568"}],"wp:attachment":[{"href":"https:\/\/sidispinnt.ch\/index.php?rest_route=%2Fwp%2Fv2%2Fmedia&parent=107567"}],"wp:term":[{"taxonomy":"product_cat","embeddable":true,"href":"https:\/\/sidispinnt.ch\/index.php?rest_route=%2Fwp%2Fv2%2Fproduct_cat&post=107567"},{"taxonomy":"product_tag","embeddable":true,"href":"https:\/\/sidispinnt.ch\/index.php?rest_route=%2Fwp%2Fv2%2Fproduct_tag&post=107567"}],"curies":[{"name":"wp","href":"https:\/\/api.w.org\/{rel}","templated":true}]}}