{"id":107625,"date":"2023-01-15T19:13:34","date_gmt":"2023-01-15T18:13:34","guid":{"rendered":"https:\/\/sidispinnt.ch\/?post_type=product&#038;p=107625"},"modified":"2026-03-15T08:36:24","modified_gmt":"2026-03-15T07:36:24","slug":"hiya-hiya-sharp-steel-premium-set-small","status":"publish","type":"product","link":"https:\/\/sidispinnt.ch\/?product=hiya-hiya-sharp-steel-premium-set-small","title":{"rendered":"Hiya Hiya Sharp Steel Premium Set Small"},"content":{"rendered":"","protected":false},"excerpt":{"rendered":"<p>Inhalt des Sets:<\/p>\n<ul>\n<li>8 Spitzen: 2.75, 3, 3.25, 3.5, 3.75, 4, 4.5, 5mm von ca 12.7cm L\u00e4nge<\/li>\n<li>4 Seile: 40,60,80,100cm<\/li>\n<li>2 Nadelgrips zum festdrehen der Nadelspitzen<\/li>\n<li>1 Nadeltasche mit sch\u00f6nem chinesischem Muster und 2 kleinen Reissverschlussinnentaschen<\/li>\n<\/ul>\n<p>Die Hiya Hiya Sharp Steel Nadeln sind aus leichtem Edelstahl und sch\u00f6n Spitz. Gerade das Small Set ist ideal f\u00fcr Lace und SockenstrickerInnen. Bei den Interchangeable Nadeln von Hiya Hiya sp\u00fchrt man fast keinen Absatz bei der Stelle wo Seil und Nadel zusammenkommen. Ein weiterer Vorteil liegt im Seil, dass sich immer mitdreht und dadurch dreht sich der Verschluss nie auf. Die Seile sind auch f\u00fcr gr\u00f6ssere Nadelst\u00e4rken dicker angepasst.<\/p>\n","protected":false},"featured_media":107628,"comment_status":"open","ping_status":"closed","template":"","meta":[],"product_cat":[2212,1943],"product_tag":[3082,3086,3090],"class_list":{"0":"post-107625","1":"product","2":"type-product","3":"status-publish","4":"has-post-thumbnail","6":"product_brand-hiya-hiya","7":"product_cat-stricknadeln","8":"product_cat-zubehoer","9":"product_tag-metall","10":"product_tag-nadelspitzen","11":"product_tag-stricken","13":"first","14":"outofstock","15":"shipping-taxable","16":"purchasable","17":"product-type-variable","18":"has-default-attributes","19":"hongo-alternate-image-wrap"},"_links":{"self":[{"href":"https:\/\/sidispinnt.ch\/index.php?rest_route=\/wp\/v2\/product\/107625","targetHints":{"allow":["GET"]}}],"collection":[{"href":"https:\/\/sidispinnt.ch\/index.php?rest_route=\/wp\/v2\/product"}],"about":[{"href":"https:\/\/sidispinnt.ch\/index.php?rest_route=\/wp\/v2\/types\/product"}],"replies":[{"embeddable":true,"href":"https:\/\/sidispinnt.ch\/index.php?rest_route=%2Fwp%2Fv2%2Fcomments&post=107625"}],"wp:featuredmedia":[{"embeddable":true,"href":"https:\/\/sidispinnt.ch\/index.php?rest_route=\/wp\/v2\/media\/107628"}],"wp:attachment":[{"href":"https:\/\/sidispinnt.ch\/index.php?rest_route=%2Fwp%2Fv2%2Fmedia&parent=107625"}],"wp:term":[{"taxonomy":"product_cat","embeddable":true,"href":"https:\/\/sidispinnt.ch\/index.php?rest_route=%2Fwp%2Fv2%2Fproduct_cat&post=107625"},{"taxonomy":"product_tag","embeddable":true,"href":"https:\/\/sidispinnt.ch\/index.php?rest_route=%2Fwp%2Fv2%2Fproduct_tag&post=107625"}],"curies":[{"name":"wp","href":"https:\/\/api.w.org\/{rel}","templated":true}]}}