{"id":107736,"date":"2023-01-21T20:43:11","date_gmt":"2023-01-21T19:43:11","guid":{"rendered":"https:\/\/sidispinnt.ch\/?post_type=product&#038;p=107736"},"modified":"2026-03-31T16:01:49","modified_gmt":"2026-03-31T14:01:49","slug":"cecily-grove-yarns-goya-merino","status":"publish","type":"product","link":"https:\/\/sidispinnt.ch\/?product=cecily-grove-yarns-goya-merino","title":{"rendered":"Cecily Grove Yarns Goya Merino"},"content":{"rendered":"<div class=\"wpb-content-wrapper\"><section class=\"vc_row wpb_row vc_row-fluid  vc_custom_1664911157946   vc_row-has-fill\"><div class=\"wpb_column vc_column_container col-xs-mobile-fullwidth vc_col-sm-12 text-center md-text-center sm-text-center xs-text-center\"><div class=\"vc_column-inner\"><div class=\"wpb_wrapper\"><div class=\"alt-font heading-style-6 heading-1 hongo-section-heading\"><span>PASSENDE STRICKANLEITUNGEN<\/span><\/div><\/div><\/div><\/div><\/section><section class=\"vc_row wpb_row vc_row-fluid  vc_custom_1664911181133   vc_row-has-fill\"><div class=\"wpb_column vc_column_container col-xs-mobile-fullwidth vc_col-sm-4\"><div class=\"vc_column-inner no-column-padding\"><div class=\"wpb_wrapper\"><div class=\"shop-banner-unique-1 hongo-shop-banner-5\"><div class=\"hongo-shop-banner-content\"><div class=\"hongo-shop-banner-img\"><img loading=\"lazy\" decoding=\"async\" width=\"1067\" height=\"1600\" src=\"https:\/\/sidispinnt.ch\/wp-content\/uploads\/2023\/01\/Kaleidoscop-Shawl.jpg\" class=\"\" alt=\"\" title=\"\" srcset=\"https:\/\/sidispinnt.ch\/wp-content\/uploads\/2023\/01\/Kaleidoscop-Shawl.jpg 1067w, https:\/\/sidispinnt.ch\/wp-content\/uploads\/2023\/01\/Kaleidoscop-Shawl-200x300.jpg 200w, https:\/\/sidispinnt.ch\/wp-content\/uploads\/2023\/01\/Kaleidoscop-Shawl-683x1024.jpg 683w, https:\/\/sidispinnt.ch\/wp-content\/uploads\/2023\/01\/Kaleidoscop-Shawl-768x1152.jpg 768w, https:\/\/sidispinnt.ch\/wp-content\/uploads\/2023\/01\/Kaleidoscop-Shawl-1024x1536.jpg 1024w, https:\/\/sidispinnt.ch\/wp-content\/uploads\/2023\/01\/Kaleidoscop-Shawl-84x126.jpg 84w, https:\/\/sidispinnt.ch\/wp-content\/uploads\/2023\/01\/Kaleidoscop-Shawl-450x675.jpg 450w, https:\/\/sidispinnt.ch\/wp-content\/uploads\/2023\/01\/Kaleidoscop-Shawl-527x790.jpg 527w, https:\/\/sidispinnt.ch\/wp-content\/uploads\/2023\/01\/Kaleidoscop-Shawl-800x1200.jpg 800w, https:\/\/sidispinnt.ch\/wp-content\/uploads\/2023\/01\/Kaleidoscop-Shawl-1000x1500.jpg 1000w\" sizes=\"auto, (max-width: 1067px) 100vw, 1067px\" \/><\/div><a class=\"hongo_button_1674331371316 btn btn btn-base alt-font btn-extra-large\" href=\"https:\/\/www.ravelry.com\/patterns\/library\/kaleidoscope-shawl-9\" target=\"_blank\">CALEIDOSCOPE SHAWL<\/a><\/div><\/div><\/div><\/div><\/div><div class=\"wpb_column vc_column_container vc_col-has-fill col-xs-mobile-fullwidth vc_col-sm-4\"><div class=\"vc_column-inner vc_custom_1629699120117 no-column-padding\"><div class=\"wpb_wrapper\"><div class=\"shop-banner-unique-2 hongo-shop-banner-5\"><div class=\"hongo-shop-banner-content\"><div class=\"hongo-shop-banner-img\"><img loading=\"lazy\" decoding=\"async\" width=\"1065\" height=\"1600\" src=\"https:\/\/sidispinnt.ch\/wp-content\/uploads\/2023\/01\/MishMash.jpg\" class=\"\" alt=\"\" title=\"\" srcset=\"https:\/\/sidispinnt.ch\/wp-content\/uploads\/2023\/01\/MishMash.jpg 1065w, https:\/\/sidispinnt.ch\/wp-content\/uploads\/2023\/01\/MishMash-200x300.jpg 200w, https:\/\/sidispinnt.ch\/wp-content\/uploads\/2023\/01\/MishMash-682x1024.jpg 682w, https:\/\/sidispinnt.ch\/wp-content\/uploads\/2023\/01\/MishMash-768x1154.jpg 768w, https:\/\/sidispinnt.ch\/wp-content\/uploads\/2023\/01\/MishMash-1022x1536.jpg 1022w, https:\/\/sidispinnt.ch\/wp-content\/uploads\/2023\/01\/MishMash-84x126.jpg 84w, https:\/\/sidispinnt.ch\/wp-content\/uploads\/2023\/01\/MishMash-450x676.jpg 450w, https:\/\/sidispinnt.ch\/wp-content\/uploads\/2023\/01\/MishMash-526x790.jpg 526w, https:\/\/sidispinnt.ch\/wp-content\/uploads\/2023\/01\/MishMash-800x1202.jpg 800w, https:\/\/sidispinnt.ch\/wp-content\/uploads\/2023\/01\/MishMash-1000x1502.jpg 1000w\" sizes=\"auto, (max-width: 1065px) 100vw, 1065px\" \/><\/div><a class=\"hongo_button_1674331434078 btn btn btn-base alt-font btn-extra-large\" href=\"https:\/\/www.ravelry.com\/patterns\/library\/mishmash-2\" target=\"_blank\">MISHMASH COWL<\/a><\/div><\/div><\/div><\/div><\/div><div class=\"wpb_column vc_column_container vc_col-has-fill col-xs-mobile-fullwidth vc_col-sm-4\"><div class=\"vc_column-inner vc_custom_1629699109293 no-column-padding\"><div class=\"wpb_wrapper\"><div class=\"shop-banner-unique-3 hongo-shop-banner-5 vc_custom_1674331479591\"><div class=\"hongo-shop-banner-content\"><div class=\"hongo-shop-banner-img\"><img loading=\"lazy\" decoding=\"async\" width=\"426\" height=\"640\" src=\"https:\/\/sidispinnt.ch\/wp-content\/uploads\/2023\/01\/FernIslandhat.jpg\" class=\"\" alt=\"\" title=\"\" srcset=\"https:\/\/sidispinnt.ch\/wp-content\/uploads\/2023\/01\/FernIslandhat.jpg 426w, https:\/\/sidispinnt.ch\/wp-content\/uploads\/2023\/01\/FernIslandhat-200x300.jpg 200w, https:\/\/sidispinnt.ch\/wp-content\/uploads\/2023\/01\/FernIslandhat-84x126.jpg 84w\" sizes=\"auto, (max-width: 426px) 100vw, 426px\" \/><\/div><a class=\"hongo_button_1674331479573 btn btn btn-base alt-font btn-extra-large\" href=\"https:\/\/www.ravelry.com\/patterns\/library\/fern-isle\" target=\"_blank\">FERN ISLE HAT<\/a><\/div><\/div><\/div><\/div><\/div><\/section><section class=\"vc_row wpb_row vc_row-fluid  vc_custom_1664911157946   vc_row-has-fill\"><div class=\"wpb_column vc_column_container col-xs-mobile-fullwidth vc_col-sm-12 text-center md-text-center sm-text-center xs-text-center\"><div class=\"vc_column-inner\"><div class=\"wpb_wrapper\"><div class=\"text-block-content hongo-text-block-1 last-paragraph-no-margin\"><p>Bilder und Anleitungen sind von Justyna Lorkowska<\/p>\n<\/div><\/div><\/div><\/div><\/section>\n<\/div>","protected":false},"excerpt":{"rendered":"<p><strong>Zusammensetzung:<\/strong> 100% Merino super fine Superwash (19.5 Micron)<br \/>\n<strong>Spinnart:<\/strong> 3fach-Zwirn<br \/>\n<strong>Laufl\u00e4nge:<\/strong> 400m \/ 437y<br \/>\n<strong>Gewicht:<\/strong> 100g \/ 3,5 oz<br \/>\n<strong>Nadelst\u00e4rke:<\/strong> 3 \u2013 4mm<br \/>\n<strong>F\u00e4rbung:<\/strong> Handgef\u00e4rbt mit S\u00e4urefarben<br \/>\n<strong>Pflegehinweis: <\/strong>Handgef\u00e4rbte Garne k\u00f6nnen bei den ersten Waschungen ausbluten.<\/p>\n<p>Das Goya Merino Garn ist mit seinen 19.5 Micron sehr weich und kratzt nicht. Die Garne werden handgef\u00e4rbt und stammen aus Polen. Hinter dem Label Cecily Grove Yarns steckt die talentierte Strickdesignerin Justyna Lorkowska aka Leteknits.<\/p>\n<p>Das Garn ist sehr farbenfroh und variiert gef\u00e4rbt. Kein Strang gleicht am anderen, daher empfehlen wir bei gr\u00f6sseren St\u00fccken die Str\u00e4nge beim Stricken zu alternieren (zb. 2 Reihen ein Strang, 2 Reihen der andere Strang).<\/p>\n<p>Das ideale Garn f\u00fcr Accessoires. Es ist fantastisch f\u00fcr T\u00fccher, Schals, Babyartikel, H\u00fcte und mehr.<\/p>\n<p>Bitte Beachte: wir versuchen, die wahre Farbe des Garns darzustellen, aber Monitor und Kamera k\u00f6nnen die Farben verf\u00e4lschen.<\/p>\n","protected":false},"featured_media":109237,"comment_status":"open","ping_status":"closed","template":"","meta":[],"product_cat":[188],"product_tag":[1683,1669,1773,1673,3090],"class_list":{"0":"post-107736","1":"product","2":"type-product","3":"status-publish","4":"has-post-thumbnail","6":"product_brand-cecily-grove-yarns","7":"product_cat-garne","8":"product_tag-fingering-weight","9":"product_tag-garne","10":"product_tag-handgefaerbt","11":"product_tag-merino","12":"product_tag-stricken","14":"first","15":"instock","16":"shipping-taxable","17":"purchasable","18":"product-type-variable"},"_links":{"self":[{"href":"https:\/\/sidispinnt.ch\/index.php?rest_route=\/wp\/v2\/product\/107736","targetHints":{"allow":["GET"]}}],"collection":[{"href":"https:\/\/sidispinnt.ch\/index.php?rest_route=\/wp\/v2\/product"}],"about":[{"href":"https:\/\/sidispinnt.ch\/index.php?rest_route=\/wp\/v2\/types\/product"}],"replies":[{"embeddable":true,"href":"https:\/\/sidispinnt.ch\/index.php?rest_route=%2Fwp%2Fv2%2Fcomments&post=107736"}],"wp:featuredmedia":[{"embeddable":true,"href":"https:\/\/sidispinnt.ch\/index.php?rest_route=\/wp\/v2\/media\/109237"}],"wp:attachment":[{"href":"https:\/\/sidispinnt.ch\/index.php?rest_route=%2Fwp%2Fv2%2Fmedia&parent=107736"}],"wp:term":[{"taxonomy":"product_cat","embeddable":true,"href":"https:\/\/sidispinnt.ch\/index.php?rest_route=%2Fwp%2Fv2%2Fproduct_cat&post=107736"},{"taxonomy":"product_tag","embeddable":true,"href":"https:\/\/sidispinnt.ch\/index.php?rest_route=%2Fwp%2Fv2%2Fproduct_tag&post=107736"}],"curies":[{"name":"wp","href":"https:\/\/api.w.org\/{rel}","templated":true}]}}