{"id":107926,"date":"2023-03-01T19:56:06","date_gmt":"2023-03-01T18:56:06","guid":{"rendered":"https:\/\/sidispinnt.ch\/?post_type=product&#038;p=107926"},"modified":"2026-03-31T16:03:28","modified_gmt":"2026-03-31T14:03:28","slug":"cecily-grove-yarns-luxe-mohair","status":"publish","type":"product","link":"https:\/\/sidispinnt.ch\/?product=cecily-grove-yarns-luxe-mohair","title":{"rendered":"Cecily Grove Yarns Luxe Mohair"},"content":{"rendered":"","protected":false},"excerpt":{"rendered":"<p><strong>Zusammensetzung:<\/strong> 72% Kid Mohair, 28% Maulbeerseide<br \/>\n<strong>Laufl\u00e4nge:<\/strong> 420m \/ 459y<br \/>\n<strong>Gewicht:<\/strong> 50g \/ 1,8 oz<br \/>\n<strong>Nadelst\u00e4rke:<\/strong> 3 \u2013 5mm<br \/>\n<strong>F\u00e4rbung:<\/strong> Handgef\u00e4rbt mit S\u00e4urefarben<br \/>\n<strong>Pflegehinweis: <\/strong>Handgef\u00e4rbte Garne k\u00f6nnen bei den ersten Waschungen ausbluten.<\/p>\n<p>Dies ist ein superleichtes und luftiges Garn, das in vielen verschiedenen St\u00e4rken verarbeitet werden kann. Mit grossen Nadeln entstehen hauchzarte Strickst\u00fccke, mit h\u00f6heren Fadenst\u00e4rken weiche, flauschige Artikel. Es kann auch mit einem anderen Garn doppelt verstrickt werden, um einen leichten Flaum zu erhalten.<\/p>\n<p>Die Garne werden handgef\u00e4rbt und stammen aus Polen. Hinter dem Label Cecily Grove Yarns steckt die talentierte Strickdesignerin Justyna Lorkowska aka Leteknits.<\/p>\n<p>Bitte Beachte: wir versuchen, die wahre Farbe des Garns darzustellen, aber Monitor und Kamera k\u00f6nnen die Farben verf\u00e4lschen.<\/p>\n","protected":false},"featured_media":107935,"comment_status":"open","ping_status":"closed","template":"","meta":[],"product_cat":[188],"product_tag":[1669,2309,3310,1677,3090],"class_list":{"0":"post-107926","1":"product","2":"type-product","3":"status-publish","4":"has-post-thumbnail","6":"product_brand-cecily-grove-yarns","7":"product_cat-garne","8":"product_tag-garne","9":"product_tag-lace","10":"product_tag-mohair","11":"product_tag-seide","12":"product_tag-stricken","14":"first","15":"instock","16":"shipping-taxable","17":"purchasable","18":"product-type-variable","19":"hongo-alternate-image-wrap"},"_links":{"self":[{"href":"https:\/\/sidispinnt.ch\/index.php?rest_route=\/wp\/v2\/product\/107926","targetHints":{"allow":["GET"]}}],"collection":[{"href":"https:\/\/sidispinnt.ch\/index.php?rest_route=\/wp\/v2\/product"}],"about":[{"href":"https:\/\/sidispinnt.ch\/index.php?rest_route=\/wp\/v2\/types\/product"}],"replies":[{"embeddable":true,"href":"https:\/\/sidispinnt.ch\/index.php?rest_route=%2Fwp%2Fv2%2Fcomments&post=107926"}],"wp:featuredmedia":[{"embeddable":true,"href":"https:\/\/sidispinnt.ch\/index.php?rest_route=\/wp\/v2\/media\/107935"}],"wp:attachment":[{"href":"https:\/\/sidispinnt.ch\/index.php?rest_route=%2Fwp%2Fv2%2Fmedia&parent=107926"}],"wp:term":[{"taxonomy":"product_cat","embeddable":true,"href":"https:\/\/sidispinnt.ch\/index.php?rest_route=%2Fwp%2Fv2%2Fproduct_cat&post=107926"},{"taxonomy":"product_tag","embeddable":true,"href":"https:\/\/sidispinnt.ch\/index.php?rest_route=%2Fwp%2Fv2%2Fproduct_tag&post=107926"}],"curies":[{"name":"wp","href":"https:\/\/api.w.org\/{rel}","templated":true}]}}