{"id":107961,"date":"2023-03-01T20:39:02","date_gmt":"2023-03-01T19:39:02","guid":{"rendered":"https:\/\/sidispinnt.ch\/?post_type=product&#038;p=107961"},"modified":"2026-03-31T12:09:56","modified_gmt":"2026-03-31T10:09:56","slug":"kreuzspindel-set","status":"publish","type":"product","link":"https:\/\/sidispinnt.ch\/?product=kreuzspindel-set","title":{"rendered":"Kreuzspindel Set"},"content":{"rendered":"","protected":false},"excerpt":{"rendered":"<p><strong>Holz:<\/strong> Kirsche<\/p>\n<p>Das Set beinhaltet:<\/p>\n<ul>\n<li>Drei Sch\u00e4fte mit Haken: 12.5cm, 16.5cm, 20cm \/ 5\u201d, 6.5\u201d, 8\u201d<\/li>\n<li>Drei Sch\u00e4fte ohne Haken: 12.5cm, 16.5cm, 20cm \/ 5\u201d, 6.5\u201d, 8\u201d<\/li>\n<li>F\u00fcnf Wirtel-Sets: 8g, 10g, 15g, 20g, 25g \/ 3oz, 4oz, 5oz, 6oz 9oz<\/li>\n<\/ul>\n<p>Dieses Kreuzspindel-Set ist ein muss f\u00fcr jeden Spinner, der unterwegs ist! Dieses Set kommt mit sechs Sch\u00e4ften: drei hakenf\u00f6rmige und drei traditionelle Sch\u00e4fte f\u00fcr einfaches und vielseitiges Spinnen. Die Spindelsets k\u00f6nnen gestapelt werden, um die ideale Spindel zu finden.<\/p>\n<p>Durch den auseinander baubaren Wirtel kann gleich w\u00e4hrend dem Spinnen eine Kn\u00e4uel gewickelt werden und das l\u00e4stige Abwickeln und Neu-Wickeln zum Zwirnen oder Weiterverarbeiten entf\u00e4llt.<\/p>\n","protected":false},"featured_media":107964,"comment_status":"open","ping_status":"closed","template":"","meta":[],"product_cat":[1987,1939],"product_tag":[2004,2018,2008],"class_list":{"0":"post-107961","1":"product","2":"type-product","3":"status-publish","4":"has-post-thumbnail","6":"product_brand-katrinkels","7":"product_cat-fallspindeln","8":"product_cat-spindeln","9":"product_tag-holz","10":"product_tag-kreuzspindel","11":"product_tag-spinnen","13":"first","14":"instock","15":"shipping-taxable","16":"purchasable","17":"product-type-simple","18":"hongo-alternate-image-wrap"},"_links":{"self":[{"href":"https:\/\/sidispinnt.ch\/index.php?rest_route=\/wp\/v2\/product\/107961","targetHints":{"allow":["GET"]}}],"collection":[{"href":"https:\/\/sidispinnt.ch\/index.php?rest_route=\/wp\/v2\/product"}],"about":[{"href":"https:\/\/sidispinnt.ch\/index.php?rest_route=\/wp\/v2\/types\/product"}],"replies":[{"embeddable":true,"href":"https:\/\/sidispinnt.ch\/index.php?rest_route=%2Fwp%2Fv2%2Fcomments&post=107961"}],"wp:featuredmedia":[{"embeddable":true,"href":"https:\/\/sidispinnt.ch\/index.php?rest_route=\/wp\/v2\/media\/107964"}],"wp:attachment":[{"href":"https:\/\/sidispinnt.ch\/index.php?rest_route=%2Fwp%2Fv2%2Fmedia&parent=107961"}],"wp:term":[{"taxonomy":"product_cat","embeddable":true,"href":"https:\/\/sidispinnt.ch\/index.php?rest_route=%2Fwp%2Fv2%2Fproduct_cat&post=107961"},{"taxonomy":"product_tag","embeddable":true,"href":"https:\/\/sidispinnt.ch\/index.php?rest_route=%2Fwp%2Fv2%2Fproduct_tag&post=107961"}],"curies":[{"name":"wp","href":"https:\/\/api.w.org\/{rel}","templated":true}]}}