{"id":107973,"date":"2023-03-02T10:27:49","date_gmt":"2023-03-02T09:27:49","guid":{"rendered":"https:\/\/sidispinnt.ch\/?post_type=product&#038;p=107973"},"modified":"2026-03-31T12:09:27","modified_gmt":"2026-03-31T10:09:27","slug":"reise-niddy-noddy","status":"publish","type":"product","link":"https:\/\/sidispinnt.ch\/?product=reise-niddy-noddy","title":{"rendered":"Reise Niddy Noddy"},"content":{"rendered":"<p><strong>Zusammenbau &amp; Anleitung<\/strong><br \/>\nZum Zusammenbau nimmst du ein St\u00fcck des Niddy Noddy in jede Hand und richtest die Schlitze aus. Die beiden Enden stehen rechtwinklig zueinander, wobei der lange Teil jedes St\u00fccks den mittleren Schaft bildet, wenn sie zusammengef\u00fcgt werden. Um deinen Niddy Noddy zu benutzen, h\u00e4ltst du ihn in der Mitte des Schafts. Beginne damit, das lose Ende des Garns ein paar Mal um das obere linke Ende zu wickeln, wobei die erste Wicklung unterArbeitsgarn einklemmt werden soll, um es zu sichern. Von links oben aus kreuze nach unten und unter den rechten Griff, dann wieder nach oben und \u00fcber das linke Ende des oberen Griffs, dann wieder nach unten unter das rechte Ende des unteren Griffs. Wenn du kein Garn mehr hast, flechte die losen Enden des Strangs durch, um sie zu sichern und ein Verheddern zu verhindern. Ziehe dann das Garn von den Enden der Niddy Noddy-Griffe ab. Um das Garn zu einem Strang zu verdrehen, steckst du die Finger beider H\u00e4nde durch die beiden Enden des Strangs und drehst ihn in entgegengesetzte Richtungen, bis sich das Garn in sich selbst zur\u00fcckdreht. Stecke ein Ende in das andere und du hast einen gedrehten Strang.<\/p>\n","protected":false},"excerpt":{"rendered":"<p>Das Reise Niddy Noddy besteht aus Birkenholz und ist sehr leicht. Zum Transportieren, kann es auseinandergenommen werden und liegt flach in der Tasche. In dieser neuen Version des Reise Niddy Noddys kann zwischen zwei Strangenl\u00e4ngen entschieden werden:<\/p>\n<ul>\n<li>1 Yard \/ 91.5 cm<\/li>\n<li>2 Yard \/ 183 cm<\/li>\n<\/ul>\n","protected":false},"featured_media":107966,"comment_status":"open","ping_status":"closed","template":"","meta":[],"product_cat":[2217,1943],"product_tag":[2004,2008],"class_list":{"0":"post-107973","1":"product","2":"type-product","3":"status-publish","4":"has-post-thumbnail","6":"product_brand-katrinkels","7":"product_cat-holz-spinn-und-strickzubehoer","8":"product_cat-zubehoer","9":"product_tag-holz","10":"product_tag-spinnen","12":"first","13":"instock","14":"shipping-taxable","15":"purchasable","16":"product-type-simple","17":"hongo-alternate-image-wrap"},"_links":{"self":[{"href":"https:\/\/sidispinnt.ch\/index.php?rest_route=\/wp\/v2\/product\/107973","targetHints":{"allow":["GET"]}}],"collection":[{"href":"https:\/\/sidispinnt.ch\/index.php?rest_route=\/wp\/v2\/product"}],"about":[{"href":"https:\/\/sidispinnt.ch\/index.php?rest_route=\/wp\/v2\/types\/product"}],"replies":[{"embeddable":true,"href":"https:\/\/sidispinnt.ch\/index.php?rest_route=%2Fwp%2Fv2%2Fcomments&post=107973"}],"wp:featuredmedia":[{"embeddable":true,"href":"https:\/\/sidispinnt.ch\/index.php?rest_route=\/wp\/v2\/media\/107966"}],"wp:attachment":[{"href":"https:\/\/sidispinnt.ch\/index.php?rest_route=%2Fwp%2Fv2%2Fmedia&parent=107973"}],"wp:term":[{"taxonomy":"product_cat","embeddable":true,"href":"https:\/\/sidispinnt.ch\/index.php?rest_route=%2Fwp%2Fv2%2Fproduct_cat&post=107973"},{"taxonomy":"product_tag","embeddable":true,"href":"https:\/\/sidispinnt.ch\/index.php?rest_route=%2Fwp%2Fv2%2Fproduct_tag&post=107973"}],"curies":[{"name":"wp","href":"https:\/\/api.w.org\/{rel}","templated":true}]}}