{"id":108029,"date":"2023-04-03T20:13:37","date_gmt":"2023-04-03T18:13:37","guid":{"rendered":"https:\/\/sidispinnt.ch\/?post_type=product&#038;p=108029"},"modified":"2026-04-21T15:13:04","modified_gmt":"2026-04-21T13:13:04","slug":"kurs-handspindel-fuer-anfaenger-20-05-2023","status":"publish","type":"product","link":"https:\/\/sidispinnt.ch\/?product=kurs-handspindel-fuer-anfaenger-20-05-2023","title":{"rendered":"Kurs Handspindel f\u00fcr Anf\u00e4nger 19.05.2026"},"content":{"rendered":"<p><strong>Spinnen mit der <\/strong><strong>Handspindel f\u00fcr Anf\u00e4nger<\/strong><\/p>\n<p>Was kann ich nach dem Kurs?<\/p>\n<ul>\n<li>Spinnen auf der Handspindel<\/li>\n<li>Zwirnen auf der Handspindel<\/li>\n<li>Ich kenne verschiedene Faservorbereitungen<\/li>\n<li>Ich habe mein erstes selbst gemachtes Garn<\/li>\n<\/ul>\n<p>Wir lernen auf dem urspr\u00fcnglichsten Werkzeug unser ganz pers\u00f6nliches Garn herzustellen. Im Kurs erh\u00e4ltst du eine eigene Handspindel und Wolle im Kammzug zum nach Hause nehmen.<\/p>\n<p>Du erh\u00e4ltst 2-3 Tage vor dem Kurstag per E-Mail die letzten Informationen. Kursgeb\u00fchren k\u00f6nnen im Voraus oder am Tag des Kurses beglichen werden. Bitte beachte, dass die Kurse nicht mehr storniert werden k\u00f6nnen.<\/p>\n<p>Bei geringer Teilnehmerzahl behalten ich mir vor, den Kurs abzusagen. Bei einer Absage durch uns werden die Kurskosten vollst\u00e4ndig zur\u00fcckerstattet.<\/p>\n<p>&nbsp;<\/p>\n","protected":false},"excerpt":{"rendered":"<div id=\"short_description_content\" class=\"rte align_justify\">\n<p>Es hat dich schon immer interessiert wie ein Faden oder ein Garn aufgebaut ist und entsteht? Dann ist dieser Kurs der richtige f\u00fcr dich! Hier kannst du auf einfachste Weise das Spinnen erlernen und herausfinden ob es deine neue Leidenschaft wird.<\/p>\n<p>Mehr Informationen unten in der Kursbeschreibung.<\/p>\n<p><strong><br \/>\nDatum: <\/strong>Dienstag, 19. Mai 2026<br \/>\n<strong>Zeit: <\/strong>14.00-17.00<br \/>\n<strong>Ort:<\/strong> Kirchstrasse 8i, 3097 Liebefeld<\/p>\n<\/div>\n","protected":false},"featured_media":110388,"comment_status":"open","ping_status":"closed","template":"","meta":[],"product_cat":[3529],"product_tag":[3537,2000,3533,2008],"class_list":{"0":"post-108029","1":"product","2":"type-product","3":"status-publish","4":"has-post-thumbnail","6":"product_brand-sidispinnt","7":"product_cat-kurse","8":"product_tag-anfaenger","9":"product_tag-handspindel","10":"product_tag-kurs","11":"product_tag-spinnen","13":"first","14":"instock","15":"virtual","16":"purchasable","17":"product-type-simple"},"_links":{"self":[{"href":"https:\/\/sidispinnt.ch\/index.php?rest_route=\/wp\/v2\/product\/108029","targetHints":{"allow":["GET"]}}],"collection":[{"href":"https:\/\/sidispinnt.ch\/index.php?rest_route=\/wp\/v2\/product"}],"about":[{"href":"https:\/\/sidispinnt.ch\/index.php?rest_route=\/wp\/v2\/types\/product"}],"replies":[{"embeddable":true,"href":"https:\/\/sidispinnt.ch\/index.php?rest_route=%2Fwp%2Fv2%2Fcomments&post=108029"}],"wp:featuredmedia":[{"embeddable":true,"href":"https:\/\/sidispinnt.ch\/index.php?rest_route=\/wp\/v2\/media\/110388"}],"wp:attachment":[{"href":"https:\/\/sidispinnt.ch\/index.php?rest_route=%2Fwp%2Fv2%2Fmedia&parent=108029"}],"wp:term":[{"taxonomy":"product_cat","embeddable":true,"href":"https:\/\/sidispinnt.ch\/index.php?rest_route=%2Fwp%2Fv2%2Fproduct_cat&post=108029"},{"taxonomy":"product_tag","embeddable":true,"href":"https:\/\/sidispinnt.ch\/index.php?rest_route=%2Fwp%2Fv2%2Fproduct_tag&post=108029"}],"curies":[{"name":"wp","href":"https:\/\/api.w.org\/{rel}","templated":true}]}}