{"id":108250,"date":"2023-06-13T09:06:51","date_gmt":"2023-06-13T07:06:51","guid":{"rendered":"https:\/\/sidispinnt.ch\/?post_type=product&#038;p=108250"},"modified":"2026-04-26T20:11:48","modified_gmt":"2026-04-26T18:11:48","slug":"uschitita-merino-singles","status":"publish","type":"product","link":"https:\/\/sidispinnt.ch\/?product=uschitita-merino-singles","title":{"rendered":"Uschitita Merino Singles"},"content":{"rendered":"","protected":false},"excerpt":{"rendered":"<p><strong>Zusammensetzung:<\/strong> 100% Merino Superwash (mulesingfrei)<br \/>\n<strong>Spinnart:<\/strong> Single<br \/>\n<strong>Laufl\u00e4nge: <\/strong>366m \/ 400y<br \/>\n<strong>Gewicht:<\/strong> 100g \/ 3,5 oz<br \/>\n<strong>Nadelst\u00e4rke:<\/strong> 3 \u2013 4mm<br \/>\n<strong>F\u00e4rbung:<\/strong> Handgef\u00e4rbt mit S\u00e4urefarben<br \/>\n<strong>Pflegehinweis: <\/strong>Handgef\u00e4rbte Garne k\u00f6nnen bei den ersten Waschungen ausbluten.<\/p>\n<p>Die klassische Merino Single Qualit\u00e4t von Uschitita aus den Niederlande. Ein ungezwirntes Garn mit einem sanften Glanz. Das Garn ist sehr farbenfroh und variiert gef\u00e4rbt. Kein Strang gleicht am anderen, daher empfehlen wir bei gr\u00f6sseren St\u00fccken die Str\u00e4nge beim Stricken zu alternieren (zb. 2 Reihen ein Strang, 2 Reihen der andere Strang).<\/p>\n<p>Das ideale Garn f\u00fcr T\u00fccher, Schals und leichte Kleidung.<\/p>\n<p>Bitte Beachte: wir versuchen, die wahre Farbe des Garns darzustellen, aber Monitor und Kamera k\u00f6nnen die Farben verf\u00e4lschen.<\/p>\n","protected":false},"featured_media":109074,"comment_status":"open","ping_status":"closed","template":"","meta":[],"product_cat":[188],"product_tag":[1683,1669,1673,1765,1695],"class_list":{"0":"post-108250","1":"product","2":"type-product","3":"status-publish","4":"has-post-thumbnail","6":"product_brand-uschitita","7":"product_cat-garne","8":"product_tag-fingering-weight","9":"product_tag-garne","10":"product_tag-merino","11":"product_tag-single","12":"product_tag-superwash","14":"first","15":"instock","16":"shipping-taxable","17":"purchasable","18":"product-type-variable","19":"has-default-attributes"},"_links":{"self":[{"href":"https:\/\/sidispinnt.ch\/index.php?rest_route=\/wp\/v2\/product\/108250","targetHints":{"allow":["GET"]}}],"collection":[{"href":"https:\/\/sidispinnt.ch\/index.php?rest_route=\/wp\/v2\/product"}],"about":[{"href":"https:\/\/sidispinnt.ch\/index.php?rest_route=\/wp\/v2\/types\/product"}],"replies":[{"embeddable":true,"href":"https:\/\/sidispinnt.ch\/index.php?rest_route=%2Fwp%2Fv2%2Fcomments&post=108250"}],"wp:featuredmedia":[{"embeddable":true,"href":"https:\/\/sidispinnt.ch\/index.php?rest_route=\/wp\/v2\/media\/109074"}],"wp:attachment":[{"href":"https:\/\/sidispinnt.ch\/index.php?rest_route=%2Fwp%2Fv2%2Fmedia&parent=108250"}],"wp:term":[{"taxonomy":"product_cat","embeddable":true,"href":"https:\/\/sidispinnt.ch\/index.php?rest_route=%2Fwp%2Fv2%2Fproduct_cat&post=108250"},{"taxonomy":"product_tag","embeddable":true,"href":"https:\/\/sidispinnt.ch\/index.php?rest_route=%2Fwp%2Fv2%2Fproduct_tag&post=108250"}],"curies":[{"name":"wp","href":"https:\/\/api.w.org\/{rel}","templated":true}]}}