{"id":108322,"date":"2023-07-31T15:00:21","date_gmt":"2023-07-31T13:00:21","guid":{"rendered":"https:\/\/sidispinnt.ch\/?post_type=product&#038;p=108322"},"modified":"2026-03-31T13:23:54","modified_gmt":"2026-03-31T11:23:54","slug":"anfaenger-spindel","status":"publish","type":"product","link":"https:\/\/sidispinnt.ch\/?product=anfaenger-spindel","title":{"rendered":"Anf\u00e4nger Spindel"},"content":{"rendered":"","protected":false},"excerpt":{"rendered":"<p>Holz: Ahorn<br \/>\nGewicht: 36g<\/p>\n<p>Die Anf\u00e4ngerspindel ist robust und doch nicht allzuschwer. Durch ihr Gewicht am Rand des Wirtels, dreht sie sehr sch\u00f6n und lange. Ideal f\u00fcr den Einstieg in das Spinnen mit der Handspindel.<\/p>\n","protected":false},"featured_media":108392,"comment_status":"open","ping_status":"closed","template":"","meta":[],"product_cat":[1987,1939],"product_tag":[2000,2014,2008],"class_list":{"0":"post-108322","1":"product","2":"type-product","3":"status-publish","4":"has-post-thumbnail","6":"product_brand-sidispinnt","7":"product_cat-fallspindeln","8":"product_cat-spindeln","9":"product_tag-handspindel","10":"product_tag-kopfspindel","11":"product_tag-spinnen","13":"first","14":"instock","15":"shipping-taxable","16":"purchasable","17":"product-type-simple"},"_links":{"self":[{"href":"https:\/\/sidispinnt.ch\/index.php?rest_route=\/wp\/v2\/product\/108322","targetHints":{"allow":["GET"]}}],"collection":[{"href":"https:\/\/sidispinnt.ch\/index.php?rest_route=\/wp\/v2\/product"}],"about":[{"href":"https:\/\/sidispinnt.ch\/index.php?rest_route=\/wp\/v2\/types\/product"}],"replies":[{"embeddable":true,"href":"https:\/\/sidispinnt.ch\/index.php?rest_route=%2Fwp%2Fv2%2Fcomments&post=108322"}],"wp:featuredmedia":[{"embeddable":true,"href":"https:\/\/sidispinnt.ch\/index.php?rest_route=\/wp\/v2\/media\/108392"}],"wp:attachment":[{"href":"https:\/\/sidispinnt.ch\/index.php?rest_route=%2Fwp%2Fv2%2Fmedia&parent=108322"}],"wp:term":[{"taxonomy":"product_cat","embeddable":true,"href":"https:\/\/sidispinnt.ch\/index.php?rest_route=%2Fwp%2Fv2%2Fproduct_cat&post=108322"},{"taxonomy":"product_tag","embeddable":true,"href":"https:\/\/sidispinnt.ch\/index.php?rest_route=%2Fwp%2Fv2%2Fproduct_tag&post=108322"}],"curies":[{"name":"wp","href":"https:\/\/api.w.org\/{rel}","templated":true}]}}