{"id":108333,"date":"2023-08-09T20:25:09","date_gmt":"2023-08-09T18:25:09","guid":{"rendered":"https:\/\/sidispinnt.ch\/?post_type=product&#038;p=108333"},"modified":"2026-04-24T06:45:19","modified_gmt":"2026-04-24T04:45:19","slug":"hiya-hiya-nadelspitzen-bambus","status":"publish","type":"product","link":"https:\/\/sidispinnt.ch\/?product=hiya-hiya-nadelspitzen-bambus","title":{"rendered":"Hiya Hiya Nadelspitzen Bambus"},"content":{"rendered":"","protected":false},"excerpt":{"rendered":"<p>Diese hochwertigen Bambusnadelspitzen bieten eine aussergew\u00f6hnliche Festigkeit, ohne dass sie sich mit der Zeit verzieht oder splittert. Die Bambusnadeln f\u00fchlen sich warm an, was sich f\u00fcr Strickerinnen mit eher schmerzenden Fingern bei Metallnadeln gut eignet.<\/p>\n<p><strong>Gr\u00f6ssen<\/strong><br \/>\nSmall: 2.75mm &#8211; 5.00mm (sind kompatibel mit den Small Seilen)<\/p>\n<p>Um die Rundnadel zu komplettieren, ben\u00f6tigt es zus\u00e4tzlich ein <a href=\"https:\/\/sidispinnt.ch\/?product=hiya-hiya-seile\">Seil<\/a>.<\/p>\n","protected":false},"featured_media":108645,"comment_status":"open","ping_status":"closed","template":"","meta":[],"product_cat":[2212,1943],"product_tag":[3773,3086,3090],"class_list":{"0":"post-108333","1":"product","2":"type-product","3":"status-publish","4":"has-post-thumbnail","6":"product_brand-hiya-hiya","7":"product_cat-stricknadeln","8":"product_cat-zubehoer","9":"product_tag-bambus","10":"product_tag-nadelspitzen","11":"product_tag-stricken","13":"first","14":"instock","15":"shipping-taxable","16":"purchasable","17":"product-type-variable","18":"has-default-attributes","19":"hongo-alternate-image-wrap"},"_links":{"self":[{"href":"https:\/\/sidispinnt.ch\/index.php?rest_route=\/wp\/v2\/product\/108333","targetHints":{"allow":["GET"]}}],"collection":[{"href":"https:\/\/sidispinnt.ch\/index.php?rest_route=\/wp\/v2\/product"}],"about":[{"href":"https:\/\/sidispinnt.ch\/index.php?rest_route=\/wp\/v2\/types\/product"}],"replies":[{"embeddable":true,"href":"https:\/\/sidispinnt.ch\/index.php?rest_route=%2Fwp%2Fv2%2Fcomments&post=108333"}],"wp:featuredmedia":[{"embeddable":true,"href":"https:\/\/sidispinnt.ch\/index.php?rest_route=\/wp\/v2\/media\/108645"}],"wp:attachment":[{"href":"https:\/\/sidispinnt.ch\/index.php?rest_route=%2Fwp%2Fv2%2Fmedia&parent=108333"}],"wp:term":[{"taxonomy":"product_cat","embeddable":true,"href":"https:\/\/sidispinnt.ch\/index.php?rest_route=%2Fwp%2Fv2%2Fproduct_cat&post=108333"},{"taxonomy":"product_tag","embeddable":true,"href":"https:\/\/sidispinnt.ch\/index.php?rest_route=%2Fwp%2Fv2%2Fproduct_tag&post=108333"}],"curies":[{"name":"wp","href":"https:\/\/api.w.org\/{rel}","templated":true}]}}