{"id":108732,"date":"2023-10-12T20:53:23","date_gmt":"2023-10-12T18:53:23","guid":{"rendered":"https:\/\/sidispinnt.ch\/?post_type=product&#038;p=108732"},"modified":"2026-04-14T09:19:36","modified_gmt":"2026-04-14T07:19:36","slug":"hiya-hiya-locking-maschenmarkierer","status":"publish","type":"product","link":"https:\/\/sidispinnt.ch\/?product=hiya-hiya-locking-maschenmarkierer","title":{"rendered":"Hiya Hiya Locking Maschenmarkierer"},"content":{"rendered":"","protected":false},"excerpt":{"rendered":"<p>Diese farbenfrohen Marker sind aus strapazierf\u00e4higem Kunststoff gefertigt und eignen sich perfekt, um bei der Arbeit den \u00dcberblick \u00fcber die Maschen zu behalten. Jede Packung enth\u00e4lt 20 Marker in einer Vielzahl von bunten Farben.<\/p>\n","protected":false},"featured_media":108736,"comment_status":"open","ping_status":"closed","template":"","meta":[],"product_cat":[3906],"product_tag":[],"class_list":{"0":"post-108732","1":"product","2":"type-product","3":"status-publish","4":"has-post-thumbnail","6":"product_brand-hiya-hiya","7":"product_cat-strickzubehoer","9":"first","10":"instock","11":"shipping-taxable","12":"purchasable","13":"product-type-simple"},"_links":{"self":[{"href":"https:\/\/sidispinnt.ch\/index.php?rest_route=\/wp\/v2\/product\/108732","targetHints":{"allow":["GET"]}}],"collection":[{"href":"https:\/\/sidispinnt.ch\/index.php?rest_route=\/wp\/v2\/product"}],"about":[{"href":"https:\/\/sidispinnt.ch\/index.php?rest_route=\/wp\/v2\/types\/product"}],"replies":[{"embeddable":true,"href":"https:\/\/sidispinnt.ch\/index.php?rest_route=%2Fwp%2Fv2%2Fcomments&post=108732"}],"wp:featuredmedia":[{"embeddable":true,"href":"https:\/\/sidispinnt.ch\/index.php?rest_route=\/wp\/v2\/media\/108736"}],"wp:attachment":[{"href":"https:\/\/sidispinnt.ch\/index.php?rest_route=%2Fwp%2Fv2%2Fmedia&parent=108732"}],"wp:term":[{"taxonomy":"product_cat","embeddable":true,"href":"https:\/\/sidispinnt.ch\/index.php?rest_route=%2Fwp%2Fv2%2Fproduct_cat&post=108732"},{"taxonomy":"product_tag","embeddable":true,"href":"https:\/\/sidispinnt.ch\/index.php?rest_route=%2Fwp%2Fv2%2Fproduct_tag&post=108732"}],"curies":[{"name":"wp","href":"https:\/\/api.w.org\/{rel}","templated":true}]}}