{"id":108742,"date":"2023-10-12T21:29:05","date_gmt":"2023-10-12T19:29:05","guid":{"rendered":"https:\/\/sidispinnt.ch\/?post_type=product&#038;p=108742"},"modified":"2026-03-27T09:16:14","modified_gmt":"2026-03-27T08:16:14","slug":"hiya-hiya-safty-pin","status":"publish","type":"product","link":"https:\/\/sidispinnt.ch\/?product=hiya-hiya-safty-pin","title":{"rendered":"Hiya Hiya Safty Pin"},"content":{"rendered":"","protected":false},"excerpt":{"rendered":"<p>Jede Packung enth\u00e4lt 12 verschiedene Farben. Die Markierer sind aus hochwertigem Metall gefertigt und halten selbst den anspruchsvollsten Strickprojekten stand. Das spiralfreie Design verhindert, dass sich die Markierer sich im Garn verfangen, w\u00e4hrend das abgerundete Ende daf\u00fcr sorgt, dass die Arbeit vor Besch\u00e4digungen gesch\u00fctzt ist.<\/p>\n","protected":false},"featured_media":108743,"comment_status":"open","ping_status":"closed","template":"","meta":[],"product_cat":[3906],"product_tag":[],"class_list":{"0":"post-108742","1":"product","2":"type-product","3":"status-publish","4":"has-post-thumbnail","6":"product_brand-hiya-hiya","7":"product_cat-strickzubehoer","9":"first","10":"instock","11":"shipping-taxable","12":"purchasable","13":"product-type-simple"},"_links":{"self":[{"href":"https:\/\/sidispinnt.ch\/index.php?rest_route=\/wp\/v2\/product\/108742","targetHints":{"allow":["GET"]}}],"collection":[{"href":"https:\/\/sidispinnt.ch\/index.php?rest_route=\/wp\/v2\/product"}],"about":[{"href":"https:\/\/sidispinnt.ch\/index.php?rest_route=\/wp\/v2\/types\/product"}],"replies":[{"embeddable":true,"href":"https:\/\/sidispinnt.ch\/index.php?rest_route=%2Fwp%2Fv2%2Fcomments&post=108742"}],"wp:featuredmedia":[{"embeddable":true,"href":"https:\/\/sidispinnt.ch\/index.php?rest_route=\/wp\/v2\/media\/108743"}],"wp:attachment":[{"href":"https:\/\/sidispinnt.ch\/index.php?rest_route=%2Fwp%2Fv2%2Fmedia&parent=108742"}],"wp:term":[{"taxonomy":"product_cat","embeddable":true,"href":"https:\/\/sidispinnt.ch\/index.php?rest_route=%2Fwp%2Fv2%2Fproduct_cat&post=108742"},{"taxonomy":"product_tag","embeddable":true,"href":"https:\/\/sidispinnt.ch\/index.php?rest_route=%2Fwp%2Fv2%2Fproduct_tag&post=108742"}],"curies":[{"name":"wp","href":"https:\/\/api.w.org\/{rel}","templated":true}]}}