{"id":108750,"date":"2023-10-12T21:53:51","date_gmt":"2023-10-12T19:53:51","guid":{"rendered":"https:\/\/sidispinnt.ch\/?post_type=product&#038;p=108750"},"modified":"2026-04-14T09:19:53","modified_gmt":"2026-04-14T07:19:53","slug":"hiya-hiya-zopfnadeln","status":"publish","type":"product","link":"https:\/\/sidispinnt.ch\/?product=hiya-hiya-zopfnadeln","title":{"rendered":"Hiya Hiya Zopfnadeln"},"content":{"rendered":"","protected":false},"excerpt":{"rendered":"<p>Diese Zopfnadeln haben ein durchdachtes Design, das es Ihnen erm\u00f6glicht, Maschen sicher zu halten. Die Packung enth\u00e4lt drei Gr\u00f6ssen: klein, mittel und gross, so dass immer die perfekte Nadel f\u00fcr das Projekt parat ist.<\/p>\n","protected":false},"featured_media":108748,"comment_status":"open","ping_status":"closed","template":"","meta":[],"product_cat":[3906],"product_tag":[],"class_list":{"0":"post-108750","1":"product","2":"type-product","3":"status-publish","4":"has-post-thumbnail","6":"product_brand-hiya-hiya","7":"product_cat-strickzubehoer","9":"first","10":"instock","11":"shipping-taxable","12":"purchasable","13":"product-type-simple"},"_links":{"self":[{"href":"https:\/\/sidispinnt.ch\/index.php?rest_route=\/wp\/v2\/product\/108750","targetHints":{"allow":["GET"]}}],"collection":[{"href":"https:\/\/sidispinnt.ch\/index.php?rest_route=\/wp\/v2\/product"}],"about":[{"href":"https:\/\/sidispinnt.ch\/index.php?rest_route=\/wp\/v2\/types\/product"}],"replies":[{"embeddable":true,"href":"https:\/\/sidispinnt.ch\/index.php?rest_route=%2Fwp%2Fv2%2Fcomments&post=108750"}],"wp:featuredmedia":[{"embeddable":true,"href":"https:\/\/sidispinnt.ch\/index.php?rest_route=\/wp\/v2\/media\/108748"}],"wp:attachment":[{"href":"https:\/\/sidispinnt.ch\/index.php?rest_route=%2Fwp%2Fv2%2Fmedia&parent=108750"}],"wp:term":[{"taxonomy":"product_cat","embeddable":true,"href":"https:\/\/sidispinnt.ch\/index.php?rest_route=%2Fwp%2Fv2%2Fproduct_cat&post=108750"},{"taxonomy":"product_tag","embeddable":true,"href":"https:\/\/sidispinnt.ch\/index.php?rest_route=%2Fwp%2Fv2%2Fproduct_tag&post=108750"}],"curies":[{"name":"wp","href":"https:\/\/api.w.org\/{rel}","templated":true}]}}