{"id":108769,"date":"2023-10-31T13:57:24","date_gmt":"2023-10-31T12:57:24","guid":{"rendered":"https:\/\/sidispinnt.ch\/?post_type=product&#038;p=108769"},"modified":"2026-03-31T15:36:53","modified_gmt":"2026-03-31T13:36:53","slug":"tibetan-fluff","status":"publish","type":"product","link":"https:\/\/sidispinnt.ch\/?product=tibetan-fluff","title":{"rendered":"Tibetan Fluff"},"content":{"rendered":"","protected":false},"excerpt":{"rendered":"<p><strong>Zusammensetzung:<\/strong> 42% Baby alpaca, 13% Fine Merino, 10% Yak, 35% Seide<br \/>\n<strong>Laufl\u00e4nge:<\/strong> 400m \/ 438y<br \/>\n<strong>Gewicht:<\/strong> 50g \/ 1,8 oz<br \/>\n<strong>Nadelst\u00e4rke:<\/strong> 3 \u2013 5mm<br \/>\n<strong>F\u00e4rbung:<\/strong> Ungef\u00e4rbt und oder Handgef\u00e4rbt mit S\u00e4urefarben<br \/>\n<strong>Pflegehinweis: <\/strong>Handgef\u00e4rbte Garne k\u00f6nnen bei den ersten Waschungen ausbluten.<\/p>\n<p>Das Garn ist ideal f\u00fcr Personen, die Mohair nicht m\u00f6gen oder vertragen aber gerne den Fluffigen Effekt in ihrem Strickst\u00fcck m\u00f6chten. Tibetan Fluff ist ein superleichtes und luftiges Garn, das in vielen verschiedenen St\u00e4rken verarbeitet werden kann.\u00a0 Es kann auch mit einem anderen Garn doppelt verstrickt werden, um einen leichten Flaum zu erhalten.<\/p>\n<p>Bitte Beachte: wir versuchen, die wahre Farbe des Garns darzustellen, aber Monitor und Kamera k\u00f6nnen die Farben verf\u00e4lschen.<\/p>\n","protected":false},"featured_media":108770,"comment_status":"open","ping_status":"closed","template":"","meta":[],"product_cat":[188],"product_tag":[1795,1669,2309,1673,1677,3090,1691],"class_list":{"0":"post-108769","1":"product","2":"type-product","3":"status-publish","4":"has-post-thumbnail","6":"product_brand-sidispinnt","7":"product_cat-garne","8":"product_tag-alpaca","9":"product_tag-garne","10":"product_tag-lace","11":"product_tag-merino","12":"product_tag-seide","13":"product_tag-stricken","14":"product_tag-yak","16":"first","17":"instock","18":"shipping-taxable","19":"purchasable","20":"product-type-variable","21":"has-default-attributes"},"_links":{"self":[{"href":"https:\/\/sidispinnt.ch\/index.php?rest_route=\/wp\/v2\/product\/108769","targetHints":{"allow":["GET"]}}],"collection":[{"href":"https:\/\/sidispinnt.ch\/index.php?rest_route=\/wp\/v2\/product"}],"about":[{"href":"https:\/\/sidispinnt.ch\/index.php?rest_route=\/wp\/v2\/types\/product"}],"replies":[{"embeddable":true,"href":"https:\/\/sidispinnt.ch\/index.php?rest_route=%2Fwp%2Fv2%2Fcomments&post=108769"}],"wp:featuredmedia":[{"embeddable":true,"href":"https:\/\/sidispinnt.ch\/index.php?rest_route=\/wp\/v2\/media\/108770"}],"wp:attachment":[{"href":"https:\/\/sidispinnt.ch\/index.php?rest_route=%2Fwp%2Fv2%2Fmedia&parent=108769"}],"wp:term":[{"taxonomy":"product_cat","embeddable":true,"href":"https:\/\/sidispinnt.ch\/index.php?rest_route=%2Fwp%2Fv2%2Fproduct_cat&post=108769"},{"taxonomy":"product_tag","embeddable":true,"href":"https:\/\/sidispinnt.ch\/index.php?rest_route=%2Fwp%2Fv2%2Fproduct_tag&post=108769"}],"curies":[{"name":"wp","href":"https:\/\/api.w.org\/{rel}","templated":true}]}}