{"id":109553,"date":"2024-04-01T16:46:22","date_gmt":"2024-04-01T14:46:22","guid":{"rendered":"https:\/\/sidispinnt.ch\/?post_type=product&#038;p=109553"},"modified":"2025-02-19T18:46:57","modified_gmt":"2025-02-19T17:46:57","slug":"may-top","status":"publish","type":"product","link":"https:\/\/sidispinnt.ch\/?product=may-top","title":{"rendered":"May Top Anleitung"},"content":{"rendered":"<p><strong>Gr\u00f6ssen<\/strong><br \/>\nA (B, C, D, E) (F, G, H, I)<\/p>\n<p><strong>K\u00f6rperumfang<\/strong><br \/>\n78 (89, 97.5, 108, 122) (132.5, 141, 152, 160) cm<br \/>\n30.75 (35, 38.5, 42.5, 48) (52.25, 55.5, 59.75, 63)&#8221;<\/p>\n<p><strong>Garn<\/strong><br \/>\n<a href=\"https:\/\/sidispinnt.ch\/?product=elliot-and-may-bamboo-linen-3\">Elliot und May Linen\/Bamboo<\/a> (70% Bambus, 30% Leinen &#8211; 400 m \/ 437 y per 100g) gezeigt in der Farbe \u00abRust\u00bb<\/p>\n<p><strong>Garnalternativen<\/strong><br \/>\nJules Atelier Malin (70% Bambus, 30% Leinen &#8211; 400 m \/ 437 y per 100g)<br \/>\nKnitting for Olive Pure Silk (100% Seide &#8211; 250 m \/ 273 per 50g)<\/p>\n<p><strong>Str\u00e4nge<\/strong><br \/>\n2 (2, 2, 2, 2) (2, 3, 3, 3)<\/p>\n<p><strong>Laufl\u00e4nge<\/strong><br \/>\n438 (480, 525, 575, 637) (687, 724, 774, 836) m<br \/>\n478 (523, 573, 627, 695) (749, 789, 843, 911) y<\/p>\n<p>Diese Anleitung ist tech-editiert und getestet<\/p>\n","protected":false},"excerpt":{"rendered":"<p>Das May Top wird nahtlos erst flach, sp\u00e4ter in der Runde, von oben nach unten gearbeitet, mit einem Spitzenmotiv in der Mitte des Vorderteils. Es beginnt mit dem Anschlag f\u00fcr den oberen R\u00fccken bis zum Ende der Armausschnitte. Die beiden Vorderteile werden getrennt gearbeitet, nachdem die Maschen vom Anschlag aufgenommen wurden. Das Top w\u00e4chst \u00fcber die Schulter zum Vorderteil. Es gibt keine formgebende Abnahmen und Zunahmen an den Seiten des K\u00f6rpers. Es soll mit ca. 5-7 cm zus\u00e4tzlicher Weite um die Brust getragen werden. Abgebildetes Muster in Gr\u00f6sse B bei einer Oberweite von 84 cm \/ 33&#8243;.<\/p>\n<p>Die Strickanleitung beinhaltet PDFs in Deutsch und Englisch zum direkten Download.<\/p>\n","protected":false},"featured_media":109566,"comment_status":"open","ping_status":"closed","template":"","meta":[],"product_cat":[4167],"product_tag":[4258,1703,4171,3090],"class_list":{"0":"post-109553","1":"product","2":"type-product","3":"status-publish","4":"has-post-thumbnail","6":"product_brand-sidispinnt","7":"product_cat-strickanleitungen","8":"product_tag-elliott-and-may-bamboo-linen","9":"product_tag-kammzug","10":"product_tag-strickanleitungen","11":"product_tag-stricken","13":"first","14":"instock","15":"downloadable","16":"virtual","17":"purchasable","18":"product-type-simple"},"_links":{"self":[{"href":"https:\/\/sidispinnt.ch\/index.php?rest_route=\/wp\/v2\/product\/109553","targetHints":{"allow":["GET"]}}],"collection":[{"href":"https:\/\/sidispinnt.ch\/index.php?rest_route=\/wp\/v2\/product"}],"about":[{"href":"https:\/\/sidispinnt.ch\/index.php?rest_route=\/wp\/v2\/types\/product"}],"replies":[{"embeddable":true,"href":"https:\/\/sidispinnt.ch\/index.php?rest_route=%2Fwp%2Fv2%2Fcomments&post=109553"}],"wp:featuredmedia":[{"embeddable":true,"href":"https:\/\/sidispinnt.ch\/index.php?rest_route=\/wp\/v2\/media\/109566"}],"wp:attachment":[{"href":"https:\/\/sidispinnt.ch\/index.php?rest_route=%2Fwp%2Fv2%2Fmedia&parent=109553"}],"wp:term":[{"taxonomy":"product_cat","embeddable":true,"href":"https:\/\/sidispinnt.ch\/index.php?rest_route=%2Fwp%2Fv2%2Fproduct_cat&post=109553"},{"taxonomy":"product_tag","embeddable":true,"href":"https:\/\/sidispinnt.ch\/index.php?rest_route=%2Fwp%2Fv2%2Fproduct_tag&post=109553"}],"curies":[{"name":"wp","href":"https:\/\/api.w.org\/{rel}","templated":true}]}}