{"id":109588,"date":"2024-04-11T12:18:11","date_gmt":"2024-04-11T10:18:11","guid":{"rendered":"https:\/\/sidispinnt.ch\/?post_type=product&#038;p=109588"},"modified":"2026-03-31T15:25:39","modified_gmt":"2026-03-31T13:25:39","slug":"elliot-and-may-bamboo-linen-3","status":"publish","type":"product","link":"https:\/\/sidispinnt.ch\/?product=elliot-and-may-bamboo-linen-3","title":{"rendered":"Elliot and May Bamboo Linen"},"content":{"rendered":"","protected":false},"excerpt":{"rendered":"<p><strong>Zusammensetzung:<\/strong> 70% Bambus, 30% Leinen<br \/>\n<strong>Laufl\u00e4nge:<\/strong> 400m \/ 437y<br \/>\n<strong>Gewicht<\/strong>: 100g \/ 3,6 oz<br \/>\n<strong>Nadelst\u00e4rke:<\/strong> 2,5 &#8211; 3,5 mm<br \/>\n<strong>F\u00e4rbung:<\/strong> Handgef\u00e4rbt mit pflanzlichen Farbstoffen<br \/>\n<strong>Pflegehinweise:<\/strong> Handgef\u00e4rbte Garne k\u00f6nnen bei den ersten paar W\u00e4schen ausbluten.<\/p>\n<p>Das Bambus Leinen Garn wird von der talentierten F\u00e4rberin Katie May in England mit viel Liebe und Pflanzenfarben gef\u00e4rbt. Das rein pflanzliche Garn ist perfekt f\u00fcr Sommerprojekte, die leicht und luftig sein sollen, ohne zus\u00e4tzliche W\u00e4rme zu spenden.<\/p>\n","protected":false},"featured_media":109517,"comment_status":"open","ping_status":"closed","template":"","meta":[],"product_cat":[188],"product_tag":[3773,4258,1683,1669,2117,3090],"class_list":{"0":"post-109588","1":"product","2":"type-product","3":"status-publish","4":"has-post-thumbnail","6":"product_brand-elliot-and-may","7":"product_cat-garne","8":"product_tag-bambus","9":"product_tag-elliott-and-may-bamboo-linen","10":"product_tag-fingering-weight","11":"product_tag-garne","12":"product_tag-leinen","13":"product_tag-stricken","15":"first","16":"instock","17":"shipping-taxable","18":"purchasable","19":"product-type-variable","20":"has-default-attributes"},"_links":{"self":[{"href":"https:\/\/sidispinnt.ch\/index.php?rest_route=\/wp\/v2\/product\/109588","targetHints":{"allow":["GET"]}}],"collection":[{"href":"https:\/\/sidispinnt.ch\/index.php?rest_route=\/wp\/v2\/product"}],"about":[{"href":"https:\/\/sidispinnt.ch\/index.php?rest_route=\/wp\/v2\/types\/product"}],"replies":[{"embeddable":true,"href":"https:\/\/sidispinnt.ch\/index.php?rest_route=%2Fwp%2Fv2%2Fcomments&post=109588"}],"wp:featuredmedia":[{"embeddable":true,"href":"https:\/\/sidispinnt.ch\/index.php?rest_route=\/wp\/v2\/media\/109517"}],"wp:attachment":[{"href":"https:\/\/sidispinnt.ch\/index.php?rest_route=%2Fwp%2Fv2%2Fmedia&parent=109588"}],"wp:term":[{"taxonomy":"product_cat","embeddable":true,"href":"https:\/\/sidispinnt.ch\/index.php?rest_route=%2Fwp%2Fv2%2Fproduct_cat&post=109588"},{"taxonomy":"product_tag","embeddable":true,"href":"https:\/\/sidispinnt.ch\/index.php?rest_route=%2Fwp%2Fv2%2Fproduct_tag&post=109588"}],"curies":[{"name":"wp","href":"https:\/\/api.w.org\/{rel}","templated":true}]}}