{"id":109607,"date":"2024-04-11T14:36:41","date_gmt":"2024-04-11T12:36:41","guid":{"rendered":"https:\/\/sidispinnt.ch\/?post_type=product&#038;p=109607"},"modified":"2026-03-31T15:34:42","modified_gmt":"2026-03-31T13:34:42","slug":"hey-mama-wolf-skadi","status":"publish","type":"product","link":"https:\/\/sidispinnt.ch\/?product=hey-mama-wolf-skadi","title":{"rendered":"Hey Mama Wolf Skadi"},"content":{"rendered":"","protected":false},"excerpt":{"rendered":"<p><strong>Zusammensetzung:<\/strong> 100% Merino 21 Micron GOTS Zertifiziert<br \/>\n<strong>Spinnart:<\/strong> 3 Fach Zwirn<br \/>\n<strong>Laufl\u00e4nge:<\/strong> 200m \/ 218y<br \/>\n<strong>Gewicht:<\/strong> 100g \/ 3,5 oz<br \/>\n<strong>Nadelst\u00e4rke:<\/strong> 3.5 \u2013 4.5mm<\/p>\n<p>Die wundersch\u00f6ne 3-f\u00e4dige Skadi Merino d&#8217;Arles GOTS von Hey Mama Wolf ist etwas ganz Besonderes: Merino d&#8217;Arles ist mit 21 Micron die weichste Wolle, die in Europa zu bekommen ist. Die seltene Schafrasse pflegt die Landschaften in S\u00fcdfrankreich und in den franz\u00f6sischen Alpen auf schonende Weise unter kontrollierten Bedingungen. Wegen der f\u00fcr Merinoschafe ungew\u00f6hnlich starken Kr\u00e4uselung (crimp) des Unterfells, wird aus dieser Wolle gesponnenes Garn besonders bauschig, weich und luftig.<\/p>\n<p>Stricken mit Skadi ist ein absoluter Genuss. Sie ist leicht, volumin\u00f6s und weich wie eine Wolke. Sie ist herrlich f\u00fcr leichte Pullover, Jacken, M\u00fctzen, Schals.<\/p>\n","protected":false},"featured_media":109630,"comment_status":"open","ping_status":"closed","template":"","meta":[],"product_cat":[188],"product_tag":[1687,1669,2315,1673,3090],"class_list":{"0":"post-109607","1":"product","2":"type-product","3":"status-publish","4":"has-post-thumbnail","6":"product_brand-gots","7":"product_brand-hey-mama-wolf","8":"product_cat-garne","9":"product_tag-dk","10":"product_tag-garne","11":"product_tag-gots","12":"product_tag-merino","13":"product_tag-stricken","15":"first","16":"instock","17":"shipping-taxable","18":"purchasable","19":"product-type-variable","20":"has-default-attributes"},"_links":{"self":[{"href":"https:\/\/sidispinnt.ch\/index.php?rest_route=\/wp\/v2\/product\/109607","targetHints":{"allow":["GET"]}}],"collection":[{"href":"https:\/\/sidispinnt.ch\/index.php?rest_route=\/wp\/v2\/product"}],"about":[{"href":"https:\/\/sidispinnt.ch\/index.php?rest_route=\/wp\/v2\/types\/product"}],"replies":[{"embeddable":true,"href":"https:\/\/sidispinnt.ch\/index.php?rest_route=%2Fwp%2Fv2%2Fcomments&post=109607"}],"wp:featuredmedia":[{"embeddable":true,"href":"https:\/\/sidispinnt.ch\/index.php?rest_route=\/wp\/v2\/media\/109630"}],"wp:attachment":[{"href":"https:\/\/sidispinnt.ch\/index.php?rest_route=%2Fwp%2Fv2%2Fmedia&parent=109607"}],"wp:term":[{"taxonomy":"product_cat","embeddable":true,"href":"https:\/\/sidispinnt.ch\/index.php?rest_route=%2Fwp%2Fv2%2Fproduct_cat&post=109607"},{"taxonomy":"product_tag","embeddable":true,"href":"https:\/\/sidispinnt.ch\/index.php?rest_route=%2Fwp%2Fv2%2Fproduct_tag&post=109607"}],"curies":[{"name":"wp","href":"https:\/\/api.w.org\/{rel}","templated":true}]}}