{"id":109786,"date":"2024-05-04T22:52:44","date_gmt":"2024-05-04T20:52:44","guid":{"rendered":"https:\/\/sidispinnt.ch\/?post_type=product&#038;p=109786"},"modified":"2024-08-20T21:53:47","modified_gmt":"2024-08-20T19:53:47","slug":"spring-sprout-shawl","status":"publish","type":"product","link":"https:\/\/sidispinnt.ch\/?product=spring-sprout-shawl","title":{"rendered":"Spring Sprout Shawl Anleitung"},"content":{"rendered":"<p>Das Muster f\u00fcr den K\u00f6rper ist vollst\u00e4ndig ausgeschrieben. Die Lacebord\u00fcre ist ausgeschrieben und auch als Chart (Bildschrift) dargestellt.<\/p>\n<p><strong>Gr\u00f6sse<\/strong><br \/>\nWeite nach dem Spannen in 120cm (47\u201d)<br \/>\nTiefe nach dem Spannnen 50cm (19\u201d)<\/p>\n<p>&nbsp;<\/p>\n","protected":false},"excerpt":{"rendered":"<p>Der Spring Sprout Shawl ist ein \u00be runder Schal, der von oben nach unten gestrickt wird und in der Mitte des oberen Randes mit einem Garter Tab Anschlag beginnt. Jede zweite Reihe enth\u00e4lt sechs Zunahmen, sowohl an den Kanten als auch an vier Stellen im K\u00f6rper. Der K\u00f6rper ist glatt rechts gearbeitet, wobei die Blattknospen entlang der Zunahmen wachsen. Die Bord\u00fcre mit den vollen Bl\u00e4ttern wird seitlich von rechts nach links gestrickt und w\u00e4hrend dem an den Maschen des K\u00f6rpers befestigt.<\/p>\n<p>Die Strickanleitung beinhaltet PDFs in Deutsch und Englisch zum direkten Download.<\/p>\n","protected":false},"featured_media":109780,"comment_status":"open","ping_status":"closed","template":"","meta":[],"product_cat":[4167],"product_tag":[4171,3090,4180],"class_list":{"0":"post-109786","1":"product","2":"type-product","3":"status-publish","4":"has-post-thumbnail","6":"product_brand-sidispinnt","7":"product_cat-strickanleitungen","8":"product_tag-strickanleitungen","9":"product_tag-stricken","10":"product_tag-tuch","12":"first","13":"instock","14":"downloadable","15":"virtual","16":"purchasable","17":"product-type-simple"},"_links":{"self":[{"href":"https:\/\/sidispinnt.ch\/index.php?rest_route=\/wp\/v2\/product\/109786","targetHints":{"allow":["GET"]}}],"collection":[{"href":"https:\/\/sidispinnt.ch\/index.php?rest_route=\/wp\/v2\/product"}],"about":[{"href":"https:\/\/sidispinnt.ch\/index.php?rest_route=\/wp\/v2\/types\/product"}],"replies":[{"embeddable":true,"href":"https:\/\/sidispinnt.ch\/index.php?rest_route=%2Fwp%2Fv2%2Fcomments&post=109786"}],"wp:featuredmedia":[{"embeddable":true,"href":"https:\/\/sidispinnt.ch\/index.php?rest_route=\/wp\/v2\/media\/109780"}],"wp:attachment":[{"href":"https:\/\/sidispinnt.ch\/index.php?rest_route=%2Fwp%2Fv2%2Fmedia&parent=109786"}],"wp:term":[{"taxonomy":"product_cat","embeddable":true,"href":"https:\/\/sidispinnt.ch\/index.php?rest_route=%2Fwp%2Fv2%2Fproduct_cat&post=109786"},{"taxonomy":"product_tag","embeddable":true,"href":"https:\/\/sidispinnt.ch\/index.php?rest_route=%2Fwp%2Fv2%2Fproduct_tag&post=109786"}],"curies":[{"name":"wp","href":"https:\/\/api.w.org\/{rel}","templated":true}]}}