{"id":109798,"date":"2024-05-04T23:00:44","date_gmt":"2024-05-04T21:00:44","guid":{"rendered":"https:\/\/sidispinnt.ch\/?post_type=product&#038;p=109798"},"modified":"2024-08-20T21:53:47","modified_gmt":"2024-08-20T19:53:47","slug":"rambling-rose-sweater","status":"publish","type":"product","link":"https:\/\/sidispinnt.ch\/?product=rambling-rose-sweater","title":{"rendered":"Rambling Rose Sweater Anleitung"},"content":{"rendered":"<p><strong>Garnverbrauch:<\/strong><br \/>\n<a href=\"https:\/\/sidispinnt.ch\/?product=illimani-sabri\">Illimani Sabri<\/a> gezeigt in der Farbe \u201cFawn\u201d<br \/>\nEin sch\u00f6nes Garn aus 85% Bio Baumwolle und<br \/>\n15% Baby Alpaka. Die Bio Baumwolle wird mit allen sch\u00f6nen nat\u00fcrlichen Farben von Alpakas gemischt.\u00a0 400m (437y) \/ 100g<\/p>\n<p>2 (3, 3, 3, 4, 4) Str\u00e4nge<\/p>\n<p>874( 962, 1094, 1312, 1422, 1531) yards<br \/>\n800( 880, 1000 1200, 1300, 1400)m<br \/>\n<strong>Bei Garnqualit\u00e4ten von reiner Wolle ist der Garnverbrauch fast um 1 Strange h\u00f6her<\/strong>.<\/p>\n<p><strong>Gr\u00f6ssen<\/strong>: XS (S, M, L, XL, XXL) Gezeigt in S mit 84cm Brustumfang.<\/p>\n<p><strong>Brustumfang<\/strong><br \/>\n39.9 (44.1, 49.2, 54.3, 60.0, 65.1)\u2018\u2018 99 (112, 125, 138, 152, 165)cm<\/p>\n<p><strong>K\u00f6rperh\u00f6he gemessen vom Unterarm<\/strong><br \/>\n13.4 (13.8, 13.8, 14.2, 14.2, 14.6)\u2018\u2018 34 (35, 35, 36, 36, 37)cm<\/p>\n<p><strong>\u00c4rmell\u00e4nge gemessen vom Unterarm<\/strong><br \/>\n9.4 (9.8, 9.8, 10.2, 10.2, 10.6)\u2018\u2018 24 (25, 25, 26, 26, 27)cm<\/p>\n<p><strong>Oberarmumfang<\/strong><br \/>\n9.1 (9.8, 10.6, 11.8, 13.4, 15.4)\u2018\u2018 23 (25, 27, 30, 34, 39)cm<\/p>\n<p><strong>Unterarmumfang<\/strong><br \/>\n7.1 (7.9, 9.1, 10.2, 11.8, 13.8)\u2018\u2018 18 (20, 23, 26, 30, 35)cm<\/p>\n","protected":false},"excerpt":{"rendered":"<p>Der Rambling Rose Sweater ist ein von oben nach unten gestrickter Pullover mit einer Lacebord\u00fcre aus Rosen \u00fcber die \u00e4ussere \u00c4rmelseite. Er wird in einem St\u00fcck nahtlos gearbeitet und beginnt mit den beiden Lacestreifen \u00fcber den Schultern. Danach werden auf jeder Seite der Lacestreifen und f\u00fcr den R\u00fccken Maschen aufgenommen. Mit verk\u00fcrzten Reihen wird die Schulter geformt und gleichzeitig die Maschen f\u00fcr die Vorderseite angeschlagen.<br \/>\nDer K\u00f6rper wird ohne Zu- oder Abnahmen gerade gearbeitet. Der Pullover wird 28-30cm breiter als den echten Brustumfang getragen. Am Schluss werden 3\/4 \u00c4rmel angestrickt.<\/p>\n<p>Die Strickanleitung beinhaltet PDFs in Deutsch und Englisch zum direkten Download.<\/p>\n","protected":false},"featured_media":109791,"comment_status":"open","ping_status":"closed","template":"","meta":[],"product_cat":[4167],"product_tag":[4344,4171,3090],"class_list":{"0":"post-109798","1":"product","2":"type-product","3":"status-publish","4":"has-post-thumbnail","6":"product_brand-sidispinnt","7":"product_cat-strickanleitungen","8":"product_tag-illimanisabri","9":"product_tag-strickanleitungen","10":"product_tag-stricken","12":"first","13":"instock","14":"downloadable","15":"virtual","16":"purchasable","17":"product-type-simple"},"_links":{"self":[{"href":"https:\/\/sidispinnt.ch\/index.php?rest_route=\/wp\/v2\/product\/109798","targetHints":{"allow":["GET"]}}],"collection":[{"href":"https:\/\/sidispinnt.ch\/index.php?rest_route=\/wp\/v2\/product"}],"about":[{"href":"https:\/\/sidispinnt.ch\/index.php?rest_route=\/wp\/v2\/types\/product"}],"replies":[{"embeddable":true,"href":"https:\/\/sidispinnt.ch\/index.php?rest_route=%2Fwp%2Fv2%2Fcomments&post=109798"}],"wp:featuredmedia":[{"embeddable":true,"href":"https:\/\/sidispinnt.ch\/index.php?rest_route=\/wp\/v2\/media\/109791"}],"wp:attachment":[{"href":"https:\/\/sidispinnt.ch\/index.php?rest_route=%2Fwp%2Fv2%2Fmedia&parent=109798"}],"wp:term":[{"taxonomy":"product_cat","embeddable":true,"href":"https:\/\/sidispinnt.ch\/index.php?rest_route=%2Fwp%2Fv2%2Fproduct_cat&post=109798"},{"taxonomy":"product_tag","embeddable":true,"href":"https:\/\/sidispinnt.ch\/index.php?rest_route=%2Fwp%2Fv2%2Fproduct_tag&post=109798"}],"curies":[{"name":"wp","href":"https:\/\/api.w.org\/{rel}","templated":true}]}}