{"id":109987,"date":"2024-08-08T12:14:57","date_gmt":"2024-08-08T10:14:57","guid":{"rendered":"https:\/\/sidispinnt.ch\/?post_type=product&#038;p=109987"},"modified":"2026-03-31T11:53:56","modified_gmt":"2026-03-31T09:53:56","slug":"naturfarbene-baumwolle-im-kammzug","status":"publish","type":"product","link":"https:\/\/sidispinnt.ch\/?product=naturfarbene-baumwolle-im-kammzug","title":{"rendered":"Naturfarbene Baumwolle im Kammzug"},"content":{"rendered":"<ul>\n<li>Fairer Handel &amp; Vegan \u24cb Hergestellt in Peru<\/li>\n<li>Die naturfarbene Baumwolle wird in Peru nat\u00fcrlich angebaut. Alle Farben werden dunkler, wenn sie in sehr heissem Wasser gewaschen und bis zu einem gewissen Grad maschinell getrocknet werden. Die Hitze ver\u00e4ndert die Farbe. Wenn du die Farbe beibehalten m\u00f6chtest, empfehlen wir dir, die Baumwolle nach dem Verarbeiten in kaltem Wasser mit sanfter, biologisch abbaubarer Seife zu waschen. Lege sie dann flach zum Trocknen aus. Lege das Garn nicht f\u00fcr l\u00e4ngere Zeit in die Sonne, sonst verblasst die Farbe mit der Zeit&#8230;. insbesondere die gewachsenen Gr\u00fcnt\u00f6ne. Wenn du das Gr\u00fcn mit etwas Saurem wie Zitronensaft oder Essig in Ber\u00fchrung bringst, wird es sofort braun. ABER keine Sorge&#8230;. Du musst das Kleidungsst\u00fcck nur normal waschen und es wird wieder seine urspr\u00fcngliche Farbe annehmen. Genauso wie die s\u00e4urehaltige Fl\u00fcssigkeit das gr\u00fcne Garn verf\u00e4rbt hat, wird es mit einer biologisch abbaubaren alkalischen Seife (wie die meisten Seifen) sofort wieder Gr\u00fcn. Auch das Gr\u00fcn geht mit der Zeit in der Sonne in die braune Farbe \u00fcber. Wenn du also ein bisschen aufpasst, wird dein Gr\u00fcn immer genauso sch\u00f6n aussehen wie die anderen Farbt\u00f6ne. Wenn du dich \u00fcber die Farbver\u00e4nderung nach vielen W\u00e4schen und Trocknen wunderst, solltest du ein kleines Muster stricken, um zu testen, wie es mit der Zeit aussieht, bevor du dein fertiges Projekt w\u00e4schst. Um die Farbver\u00e4nderung zu beschleunigen, kannst du die Baumwolle in einem ger\u00e4umigen Topf etwa 20 Minuten lang kochen. Wenn dein Wasser sauer ist, kannst du etwas Backpulver hinzuf\u00fcgen, um das Wasser alkalischer zu machen.<\/li>\n<li>Bio-Baumwolle schrumpft in der L\u00e4nge um 10-15%, wenn W\u00e4rme angewendet wird.<\/li>\n<\/ul>\n<p>Die fr\u00fchesten Aufzeichnungen \u00fcber das Spinnen gehen auf fast acht Jahrtausende zur\u00fcck, nach Peru, wo Pakucho in der alten Inka-Sprache braune Baumwolle bedeutete. Heute wird nativ~gesponnene Pakucho-Baumwolle in Natur-, Creme-, Beige-, Braun-, Avocado- und Mauvet\u00f6nen Schattierungen angebaut. F\u00fcr den Anbau und die F\u00e4rbung dieser Garne werden keine Pestizide, Herbizide oder andere Agrarchemikalien verwendet. diese Garne zu f\u00e4rben. Die gesamte Ernte und Farbsortierung erfolgt von Hand, so wie es schon seit der Domestizierung der Baumwolle in Peru vor \u00fcber 4.500 Jahren.&#8221; &#8211; James M. Vreeland Jr.<\/p>\n<p>Ein weiterer sehr wichtiger Punkt ist, dass Peru keine genetisch ver\u00e4nderten Saatgut oder Pflanzen, die mit genetisch ver\u00e4nderten Organismen (GVO) hergestellt wurden, nicht ins Land. So besteht kein Risiko einer Kreuzkontamination, und die Fasern bleiben ohne Risiko biologisch. GMOs sind eine vollst\u00e4ndige Verw\u00fcstung f\u00fcr die nat\u00fcrlichen und biologischen Kulturen in den USA und vielen anderen L\u00e4ndern rund um die Welt.<\/p>\n","protected":false},"excerpt":{"rendered":"<p><strong>Zusammensetzung:<\/strong> 100% Baumwolle<br \/>\n<strong>Spinnvorbereitung:<\/strong> Kammzug<br \/>\n<strong>Gewicht:<\/strong> 100g \/ 3,5 oz (Ausnahme die Farbe Rare Deep Mauve hat nur 25g)<br \/>\n<strong>Level:<\/strong> Fortgeschrittene<\/p>\n<p>Die naturfarbene Baumwolle\u00a0 ist aus S\u00fcdamerika Peru. Die Baumwolle ist nat\u00fcrlich in dieser Farbe gewachsen und qualitativ hochwertig. Nach dem Spinnen sollte die Baumwolle gekocht werden, damit sie nachdunkeln kann.<\/p>\n","protected":false},"featured_media":110033,"comment_status":"open","ping_status":"closed","template":"","meta":[],"product_cat":[3150,858,2101],"product_tag":[1799,1703,2008],"class_list":{"0":"post-109987","1":"product","2":"type-product","3":"status-publish","4":"has-post-thumbnail","6":"product_brand-gots","7":"product_brand-sidispinnt","8":"product_cat-baumwolle-de","9":"product_cat-fasern","10":"product_cat-kammzuege-natur","11":"product_tag-baumwolle","12":"product_tag-kammzug","13":"product_tag-spinnen","15":"first","16":"instock","17":"shipping-taxable","18":"purchasable","19":"product-type-variable"},"_links":{"self":[{"href":"https:\/\/sidispinnt.ch\/index.php?rest_route=\/wp\/v2\/product\/109987","targetHints":{"allow":["GET"]}}],"collection":[{"href":"https:\/\/sidispinnt.ch\/index.php?rest_route=\/wp\/v2\/product"}],"about":[{"href":"https:\/\/sidispinnt.ch\/index.php?rest_route=\/wp\/v2\/types\/product"}],"replies":[{"embeddable":true,"href":"https:\/\/sidispinnt.ch\/index.php?rest_route=%2Fwp%2Fv2%2Fcomments&post=109987"}],"wp:featuredmedia":[{"embeddable":true,"href":"https:\/\/sidispinnt.ch\/index.php?rest_route=\/wp\/v2\/media\/110033"}],"wp:attachment":[{"href":"https:\/\/sidispinnt.ch\/index.php?rest_route=%2Fwp%2Fv2%2Fmedia&parent=109987"}],"wp:term":[{"taxonomy":"product_cat","embeddable":true,"href":"https:\/\/sidispinnt.ch\/index.php?rest_route=%2Fwp%2Fv2%2Fproduct_cat&post=109987"},{"taxonomy":"product_tag","embeddable":true,"href":"https:\/\/sidispinnt.ch\/index.php?rest_route=%2Fwp%2Fv2%2Fproduct_tag&post=109987"}],"curies":[{"name":"wp","href":"https:\/\/api.w.org\/{rel}","templated":true}]}}