{"id":110128,"date":"2024-08-18T21:20:18","date_gmt":"2024-08-18T19:20:18","guid":{"rendered":"https:\/\/sidispinnt.ch\/?post_type=product&#038;p=110128"},"modified":"2025-02-19T18:46:26","modified_gmt":"2025-02-19T17:46:26","slug":"june-cardigan","status":"publish","type":"product","link":"https:\/\/sidispinnt.ch\/?product=june-cardigan","title":{"rendered":"June Cardigan Anleitung"},"content":{"rendered":"<p><strong>Gr\u00f6ssen<\/strong><br \/>\nA (B, C, D, E) (F, G, H, I)<\/p>\n<p><strong>K\u00f6rperumfang<\/strong><br \/>\n87 (97.5, 108.5, 119.5, 130.5) (133, 144, 155, 166) cm<br \/>\n34.25 (38.5, 42.75, 47, 51.5) (52.25, 56.75, 61, 65.25)\u201c<br \/>\nAlle Gr\u00f6ssenangaben findest du ganz unten in den Bildern.<\/p>\n<p><strong>Garn<\/strong><br \/>\n<a href=\"https:\/\/sidispinnt.ch\/?product=elliot-and-may-bamboo-linen-3\">Elliot und May Linen\/Bamboo<\/a> (70% Bambus, 30% Leinen &#8211; 400 m \/ 437 y per 100g) gezeigt in der Farbe \u00abOlive\u00bb<\/p>\n<p><strong>Garnalternativen<\/strong><br \/>\nJules Atelier Malin (70% Bambus, 30% Leinen &#8211; 400 m \/ 437 y per 100g)<br \/>\nKnitting for Olive Pure Silk (100% Seide &#8211; 250 m \/ 273 per 50g)<\/p>\n<p><strong>Str\u00e4nge<\/strong><br \/>\n2 (2, 3, 3, 3) (3, 3, 3, 3)<\/p>\n<p><strong>Str\u00e4nge von Knitting for Olive<\/strong><br \/>\n4 (4, 4, 4, 5) (5, 5, 5, 6)<\/p>\n<p><strong>Laufl\u00e4nge<\/strong><br \/>\n754 (800, 848, 895, 936) (998, 1050, 1111, 1164) m<br \/>\n821 (872, 924, 976, 1021) (1088, 1145, 1211, 1268) y<\/p>\n<p>Diese Anleitung ist tech-editiert und getestet<\/p>\n","protected":false},"excerpt":{"rendered":"<p>Der June Cardigan wird nahtlos von oben nach unten in einem St\u00fcck gestrickt. Er hat ein Spitzenmotiv an den Kanten der Vorderseite. Das Muster beginnt mit einem provisorischen Maschenanschlag f\u00fcr den oberen R\u00fccken und wird bis zum Ende der Armausschnitte fortgesetzt, w\u00e4hrend eine Schulterform mit verk\u00fcrzten Reihen gearbeitet wird. Nach dem \u00d6ffnen des provisorischen Anschlags werden beide Vorderseiten getrennt gearbeitet. Die Vorderseiten werden entlang des hinteren Halsausschnitts geteilt und ziehen sich \u00fcber die Schultern bis zum Vorderteil. An den Seiten des K\u00f6rpers gibt es keine formgebenden Abnahmen oder Zunahmen. Sie wird mit ca. 10-15 cm \/ 4-6\u201d zus\u00e4tzlicher Weite um die Brust getragen. Das abgebildete Muster zeigt die Gr\u00f6sse B bei einer Oberweite von 84 cm \/ 33\u201d.<\/p>\n<p>Die Strickanleitung beinhaltet PDFs in Deutsch und Englisch zum direkten Download.<\/p>\n","protected":false},"featured_media":110127,"comment_status":"open","ping_status":"closed","template":"","meta":[],"product_cat":[4167],"product_tag":[4258,4184,4171],"class_list":{"0":"post-110128","1":"product","2":"type-product","3":"status-publish","4":"has-post-thumbnail","6":"product_brand-sidispinnt","7":"product_cat-strickanleitungen","8":"product_tag-elliott-and-may-bamboo-linen","9":"product_tag-jacke","10":"product_tag-strickanleitungen","12":"first","13":"instock","14":"downloadable","15":"virtual","16":"purchasable","17":"product-type-simple"},"_links":{"self":[{"href":"https:\/\/sidispinnt.ch\/index.php?rest_route=\/wp\/v2\/product\/110128","targetHints":{"allow":["GET"]}}],"collection":[{"href":"https:\/\/sidispinnt.ch\/index.php?rest_route=\/wp\/v2\/product"}],"about":[{"href":"https:\/\/sidispinnt.ch\/index.php?rest_route=\/wp\/v2\/types\/product"}],"replies":[{"embeddable":true,"href":"https:\/\/sidispinnt.ch\/index.php?rest_route=%2Fwp%2Fv2%2Fcomments&post=110128"}],"wp:featuredmedia":[{"embeddable":true,"href":"https:\/\/sidispinnt.ch\/index.php?rest_route=\/wp\/v2\/media\/110127"}],"wp:attachment":[{"href":"https:\/\/sidispinnt.ch\/index.php?rest_route=%2Fwp%2Fv2%2Fmedia&parent=110128"}],"wp:term":[{"taxonomy":"product_cat","embeddable":true,"href":"https:\/\/sidispinnt.ch\/index.php?rest_route=%2Fwp%2Fv2%2Fproduct_cat&post=110128"},{"taxonomy":"product_tag","embeddable":true,"href":"https:\/\/sidispinnt.ch\/index.php?rest_route=%2Fwp%2Fv2%2Fproduct_tag&post=110128"}],"curies":[{"name":"wp","href":"https:\/\/api.w.org\/{rel}","templated":true}]}}