{"id":110161,"date":"2024-08-19T13:37:33","date_gmt":"2024-08-19T11:37:33","guid":{"rendered":"https:\/\/sidispinnt.ch\/?post_type=product&#038;p=110161"},"modified":"2024-08-20T21:53:47","modified_gmt":"2024-08-20T19:53:47","slug":"nightfall-shawl","status":"publish","type":"product","link":"https:\/\/sidispinnt.ch\/?product=nightfall-shawl","title":{"rendered":"Nightfall Shawl Anleitung"},"content":{"rendered":"<p><em>Tipp: Wenn das Mosaik eher locker gestrickt wird, kann eine Ausbeulung oben in der Mitte des Tuchs verhindert werden. Falls diese trotzdem auftritt kann sie nach dem Waschen ausgespannt werden.<\/em><\/p>\n<p><strong>Garn<\/strong><br \/>\n333m (364y) \/ 100g \u2013<a href=\"https:\/\/sidispinnt.ch\/?product=yarnadelic\"> John Arbon Yarnadelic<\/a> 100 % Falkland Corridale gezeigt in den Farben HF \u00abNobody Knows\u00bb, KF1 \u00abBlack Gold of the Sun\u00bb, KF2 \u00abThe Beautiful Ones\u00bb<\/p>\n<p><strong>Str\u00e4nge<\/strong><br \/>\n1 Strange pro Farbe<\/p>\n<p><strong>Laufmeter<\/strong><br \/>\nHF: 300m \/ 328y<br \/>\nKF1: 266m \/ 291y<br \/>\nKF2: 233m \/ 255y<\/p>\n<p><strong>Gr\u00f6sse<\/strong><br \/>\nL\u00e4nge: 180 cm \/ 70.9\u201d<br \/>\nBreite: 40 cm \/ 15.7\u201d<\/p>\n<p><strong>Verwendete Techniken in dieser Anleitung<\/strong><\/p>\n<ul>\n<li>Mosaic stricken<\/li>\n<li>Garter tab cast on<\/li>\n<li>Zunahmen m1l and m1r<\/li>\n<\/ul>\n","protected":false},"excerpt":{"rendered":"<p>Der Nightfall Shawl ist ein Tuch das flach mit Hin- und R\u00fcckreihen gestrickt wird. Seine Form ist in der Mitte ein Dreieck das sp\u00e4ter diagonal auf beide Seiten w\u00e4chst. Es beginnt in der Mitte der oberen Kante mit einem garter tab cast on. Alternierend werden glatt rechts und Mosaik Abschnitte gearbeitet und mit einem 1\/1 verschr\u00e4nkten Rippchen geendet.<\/p>\n<p>Die Strickanleitung beinhaltet PDFs in Deutsch und Englisch zum direkten Download.<\/p>\n","protected":false},"featured_media":110139,"comment_status":"open","ping_status":"closed","template":"","meta":[],"product_cat":[4167],"product_tag":[4171,4180,4193],"class_list":{"0":"post-110161","1":"product","2":"type-product","3":"status-publish","4":"has-post-thumbnail","6":"product_brand-sidispinnt","7":"product_cat-strickanleitungen","8":"product_tag-strickanleitungen","9":"product_tag-tuch","10":"product_tag-yarnadelic","12":"first","13":"instock","14":"downloadable","15":"virtual","16":"purchasable","17":"product-type-simple"},"_links":{"self":[{"href":"https:\/\/sidispinnt.ch\/index.php?rest_route=\/wp\/v2\/product\/110161","targetHints":{"allow":["GET"]}}],"collection":[{"href":"https:\/\/sidispinnt.ch\/index.php?rest_route=\/wp\/v2\/product"}],"about":[{"href":"https:\/\/sidispinnt.ch\/index.php?rest_route=\/wp\/v2\/types\/product"}],"replies":[{"embeddable":true,"href":"https:\/\/sidispinnt.ch\/index.php?rest_route=%2Fwp%2Fv2%2Fcomments&post=110161"}],"wp:featuredmedia":[{"embeddable":true,"href":"https:\/\/sidispinnt.ch\/index.php?rest_route=\/wp\/v2\/media\/110139"}],"wp:attachment":[{"href":"https:\/\/sidispinnt.ch\/index.php?rest_route=%2Fwp%2Fv2%2Fmedia&parent=110161"}],"wp:term":[{"taxonomy":"product_cat","embeddable":true,"href":"https:\/\/sidispinnt.ch\/index.php?rest_route=%2Fwp%2Fv2%2Fproduct_cat&post=110161"},{"taxonomy":"product_tag","embeddable":true,"href":"https:\/\/sidispinnt.ch\/index.php?rest_route=%2Fwp%2Fv2%2Fproduct_tag&post=110161"}],"curies":[{"name":"wp","href":"https:\/\/api.w.org\/{rel}","templated":true}]}}