{"id":110168,"date":"2024-08-19T13:59:50","date_gmt":"2024-08-19T11:59:50","guid":{"rendered":"https:\/\/sidispinnt.ch\/?post_type=product&#038;p=110168"},"modified":"2025-05-09T14:51:50","modified_gmt":"2025-05-09T12:51:50","slug":"little-red-panda-sweater-anleitung","status":"publish","type":"product","link":"https:\/\/sidispinnt.ch\/?product=little-red-panda-sweater-anleitung","title":{"rendered":"Little Red Panda Sweater Anleitung"},"content":{"rendered":"<p><strong>Gr\u00f6ssen<\/strong><br \/>\n3mo (6mo, 12mo) 2y 4y, 6y<\/p>\n<p><strong>Garn<\/strong><br \/>\n<a href=\"https:\/\/sidispinnt.ch\/?product=yarnadelic\">John Arbon Textiles Yarnadelic Sport<\/a> (100% Corridale; 333m \/ 364y per 100g gezeigt in den Farben HF: \u00abGaletta Guitar\u00bb<br \/>\nKF1: \u00abBlack Gold of the Sun\u00bb, KF2: \u00abOrdinary Joe\u00bb<\/p>\n<p><strong>Str\u00e4nge<\/strong><br \/>\nHF: 1 (1, 1) 1.25 1.25, 1.25,<br \/>\nKF1 und KF2: je 1 x 25g Ministrange f\u00fcr jede Gr\u00f6sse<\/p>\n<p><strong>In Laufmeter<\/strong><br \/>\nHF: 290 (310, 333) 360 390, 410 m \/ 317 (339, 364) 393 426, 448 y<br \/>\nKF1: 40 (44, 47) 50 53, 57 m \/ 44 (48, 51) 55 58, 62 y<br \/>\nKF2: 33 (35, 38) 41 58, 62 m \/ 36 (38, 42) 45 63, 68 y<\/p>\n<p><strong>K\u00f6rperumfang<\/strong><br \/>\n51 (55, 60) 65 69, 74 cm<br \/>\n20.0 (21.8, 23.6) 25.4 27.3, 29.1\u201c<br \/>\nAlle Gr\u00f6ssenangaben findest du ganz unten in den Bildern<\/p>\n<p><strong>Verwendete Techniken in dieser Anleitung<\/strong><\/p>\n<ul>\n<li>Verk\u00fcrzte Reihen mit wrap &amp; turn<\/li>\n<li>Three needle bind off<\/li>\n<li>Zweifarbiges Stricken<\/li>\n<\/ul>\n","protected":false},"excerpt":{"rendered":"<p>Der Little Red Panda Sweater ist fast nahtlos von unten nach oben in der Runde gestrickt, mit einem Bund aus zwei Kontrastfarben. Er beginnt mit der Hauptfarbe und einem einfachen 1&#215;1-B\u00fcndchen, gefolgt von dem zweifarbigen Abschnitt. Nachdem Vorder- und R\u00fcckenteil f\u00fcr die \u00c4rmel geteilt wurden, folgt eine Schulterformung mit verk\u00fcrzten Reihen. Die Schultern werden durch einen 3-needle bind-off zusammengef\u00fcgt. Es gibt keine Abnahmen und Zunahmen entlang der K\u00f6rperseiten. Er wird mit ca. 5-10cm (2-4\u201d) zus\u00e4tzlicher Weite um die Oberweite getragen. Gezeigt in Gr\u00f6sse 2y an einem 17 Monate alten Kind.<\/p>\n<p>Die Strickanleitung beinhaltet PDFs in Deutsch und Englisch zum direkten Download.<\/p>\n","protected":false},"featured_media":110145,"comment_status":"open","ping_status":"closed","template":"","meta":[],"product_cat":[4167],"product_tag":[4541,4535,4171,4193],"class_list":{"0":"post-110168","1":"product","2":"type-product","3":"status-publish","4":"has-post-thumbnail","6":"product_brand-sidispinnt","7":"product_cat-strickanleitungen","8":"product_tag-kinder-de","9":"product_tag-pullover","10":"product_tag-strickanleitungen","11":"product_tag-yarnadelic","13":"first","14":"instock","15":"downloadable","16":"virtual","17":"purchasable","18":"product-type-simple"},"_links":{"self":[{"href":"https:\/\/sidispinnt.ch\/index.php?rest_route=\/wp\/v2\/product\/110168","targetHints":{"allow":["GET"]}}],"collection":[{"href":"https:\/\/sidispinnt.ch\/index.php?rest_route=\/wp\/v2\/product"}],"about":[{"href":"https:\/\/sidispinnt.ch\/index.php?rest_route=\/wp\/v2\/types\/product"}],"replies":[{"embeddable":true,"href":"https:\/\/sidispinnt.ch\/index.php?rest_route=%2Fwp%2Fv2%2Fcomments&post=110168"}],"wp:featuredmedia":[{"embeddable":true,"href":"https:\/\/sidispinnt.ch\/index.php?rest_route=\/wp\/v2\/media\/110145"}],"wp:attachment":[{"href":"https:\/\/sidispinnt.ch\/index.php?rest_route=%2Fwp%2Fv2%2Fmedia&parent=110168"}],"wp:term":[{"taxonomy":"product_cat","embeddable":true,"href":"https:\/\/sidispinnt.ch\/index.php?rest_route=%2Fwp%2Fv2%2Fproduct_cat&post=110168"},{"taxonomy":"product_tag","embeddable":true,"href":"https:\/\/sidispinnt.ch\/index.php?rest_route=%2Fwp%2Fv2%2Fproduct_tag&post=110168"}],"curies":[{"name":"wp","href":"https:\/\/api.w.org\/{rel}","templated":true}]}}