{"id":110171,"date":"2024-08-19T14:10:34","date_gmt":"2024-08-19T12:10:34","guid":{"rendered":"https:\/\/sidispinnt.ch\/?post_type=product&#038;p=110171"},"modified":"2024-08-20T21:53:48","modified_gmt":"2024-08-20T19:53:48","slug":"little-loris-vest-anleitung","status":"publish","type":"product","link":"https:\/\/sidispinnt.ch\/?product=little-loris-vest-anleitung","title":{"rendered":"Little Loris Vest Anleitung"},"content":{"rendered":"<p><strong>K\u00f6rperumfang<\/strong><br \/>\n53.5, 57 (60.5, 64.5, 68) (71.5, 75, 78.5) cm<br \/>\n21, 22.5 (23.75, 25.5, 26.75) (28.25, 29.5, 31)\u201c<br \/>\nAlle Gr\u00f6ssenangaben findest du ganz unten in den Bildern.<\/p>\n<p><strong>Garn<\/strong><br \/>\nIllimani Sabri (85% Bio Baumwolle, 15% Alpaka, 400m \/ 437y per 100g) gezeigt in der Farbe \u00abAsh\u00bb<br \/>\nor<br \/>\nKnitting f\u00fcr Olive Cotton Merino (70% Baumwolle and 30% Merino 250 m \/ 273y per 50g) gezeigt in der Farbe \u00abRust\u00bb<\/p>\n<p><strong>Str\u00e4nge<\/strong><br \/>\nIllimani Sabri: 1, 1 (1, 1, 2) (2, 2, 2)<br \/>\nKnitting f\u00fcr Olive: 2, 2 (2, 2, 2) (2, 3, 3)<\/p>\n<p><strong>Laufl\u00e4nge<\/strong><br \/>\n264, 306 (364, 400, 440) 488, 526, 582 m<br \/>\n289, 335 398, 437, 481) 534, 575, 636 y<\/p>\n<p>Diese Anleitung ist tech-editiert und getestet<\/p>\n","protected":false},"excerpt":{"rendered":"<p>Die Little Loris Vest wird gr\u00f6sstenteils nahtlos von unten nach oben in Runden gestrickt, mit einem durchg\u00e4ngig gebrochenen Rippenmuster. Sie beginnt mit einem einfachen 1&#215;1-Rippenb\u00fcndchen, gefolgt von dem strukturierten K\u00f6rper. Nach der Teilung von Vorder- und R\u00fcckenteil f\u00fcr die Armausschnitte werden einige Abnahmen f\u00fcr die Armausschnittformung vorgenommen. Die Schultern werden mit einer 3-Needle-Bind-off geschlossen. An den Seiten des K\u00f6rpers gibt es keine formgebenden Abnahmen und Zunahmen. Es wird mit ca. 5-10cm (2-4\u201d) zus\u00e4tzlicher Weite um den K\u00f6rper getragen. Abgebildetes Muster in Gr\u00f6sse 3j an einem 2,5 Jahre alten Kind.<\/p>\n<p>Die Strickanleitung beinhaltet PDFs in Deutsch und Englisch zum direkten Download.<\/p>\n","protected":false},"featured_media":110158,"comment_status":"open","ping_status":"closed","template":"","meta":[],"product_cat":[4167],"product_tag":[4344,4541,4171,4544],"class_list":{"0":"post-110171","1":"product","2":"type-product","3":"status-publish","4":"has-post-thumbnail","6":"product_brand-sidispinnt","7":"product_cat-strickanleitungen","8":"product_tag-illimanisabri","9":"product_tag-kinder-de","10":"product_tag-strickanleitungen","11":"product_tag-weste","13":"first","14":"instock","15":"downloadable","16":"virtual","17":"purchasable","18":"product-type-simple"},"_links":{"self":[{"href":"https:\/\/sidispinnt.ch\/index.php?rest_route=\/wp\/v2\/product\/110171","targetHints":{"allow":["GET"]}}],"collection":[{"href":"https:\/\/sidispinnt.ch\/index.php?rest_route=\/wp\/v2\/product"}],"about":[{"href":"https:\/\/sidispinnt.ch\/index.php?rest_route=\/wp\/v2\/types\/product"}],"replies":[{"embeddable":true,"href":"https:\/\/sidispinnt.ch\/index.php?rest_route=%2Fwp%2Fv2%2Fcomments&post=110171"}],"wp:featuredmedia":[{"embeddable":true,"href":"https:\/\/sidispinnt.ch\/index.php?rest_route=\/wp\/v2\/media\/110158"}],"wp:attachment":[{"href":"https:\/\/sidispinnt.ch\/index.php?rest_route=%2Fwp%2Fv2%2Fmedia&parent=110171"}],"wp:term":[{"taxonomy":"product_cat","embeddable":true,"href":"https:\/\/sidispinnt.ch\/index.php?rest_route=%2Fwp%2Fv2%2Fproduct_cat&post=110171"},{"taxonomy":"product_tag","embeddable":true,"href":"https:\/\/sidispinnt.ch\/index.php?rest_route=%2Fwp%2Fv2%2Fproduct_tag&post=110171"}],"curies":[{"name":"wp","href":"https:\/\/api.w.org\/{rel}","templated":true}]}}