{"id":110202,"date":"2024-08-19T17:08:55","date_gmt":"2024-08-19T15:08:55","guid":{"rendered":"https:\/\/sidispinnt.ch\/?post_type=product&#038;p=110202"},"modified":"2024-08-20T21:53:48","modified_gmt":"2024-08-20T19:53:48","slug":"fjallfoss-cardigan-anleitung","status":"publish","type":"product","link":"https:\/\/sidispinnt.ch\/?product=fjallfoss-cardigan-anleitung","title":{"rendered":"Fjallfoss Cardigan Anleitung"},"content":{"rendered":"<p><strong>Brustumfang<\/strong><br \/>\n87 (97, 102, 111) 122, 131, 142 cm<br \/>\n34.3 (38.2, 40.2, 43.7) 48.0, 51.6, 55.9 \u201c<br \/>\nAlle Gr\u00f6ssenangaben findest du ganz unten in den Bildern.<\/p>\n<p><strong>Garn<\/strong><br \/>\n240m (262y) \/ 100g \u2013 Sidispinnt Merino Superfine 100% Merino oder Wollspinnerei Vetsch Munja, gezeigt in Sidispinnt Merino Superfine in der Farbe \u00abStormy Sky\u00bb.<\/p>\n<p><strong>Str\u00e4nge<\/strong><br \/>\n4 (5, 5, 6) 6, 7, 7<\/p>\n<p><strong>Laufmeter<\/strong><br \/>\n960 (1080, 1137, 1232) 1364, 1459, 1592 m \/ 1050 (1181, 1243, 1347) 1492, 1596, 1741 y<\/p>\n<p><strong>Verwendete Techniken in dieser Anleitung<\/strong><\/p>\n<ul>\n<li>Z\u00f6pfe stricken<\/li>\n<li>Zunahmen und Abnahmen<\/li>\n<li>Kreuzanschlag<\/li>\n<\/ul>\n","protected":false},"excerpt":{"rendered":"<p>Der Fjallfoss Cardigan wird flach von oben nach unten gestrickt mit einem Zopfmuster im Raglan. Das Zopfmuster w\u00e4chst bis zur H\u00fcfte hinunter, w\u00e4hrend es nach der Abtrennung der \u00c4rmel vom K\u00f6rper zu einem grossen Wasserfall-Zopf zusammenfliesst. Die R\u00e4nder werden kraus rechts gearbeitet und der Halsausschnitt und der Saum in einem 1\/1-Rippenmuster. Am vorderen Oberteil befinden sich ein paar Kn\u00f6pfe bis unter die Brust, nach unten hin wird die Strickjacke offen getragen. Entlang der K\u00f6rperseiten befinden sich Zunahmen f\u00fcr die H\u00fcfte. Die Strickjacke wird mit ca. 5-10cm (2.0-4.0\u201d) zus\u00e4tzlicher Weite um die Brust getragen. Gezeigt in Gr\u00f6sse S mit einer 91cm (35.8\u201d) Oberweite.<\/p>\n<p>Die Strickanleitung beinhaltet PDFs in Deutsch und Englisch zum direkten Download.<\/p>\n","protected":false},"featured_media":110175,"comment_status":"open","ping_status":"closed","template":"","meta":[],"product_cat":[4167],"product_tag":[1687,4184,4171,3090],"class_list":{"0":"post-110202","1":"product","2":"type-product","3":"status-publish","4":"has-post-thumbnail","6":"product_brand-sidispinnt","7":"product_cat-strickanleitungen","8":"product_tag-dk","9":"product_tag-jacke","10":"product_tag-strickanleitungen","11":"product_tag-stricken","13":"first","14":"instock","15":"downloadable","16":"virtual","17":"purchasable","18":"product-type-simple"},"_links":{"self":[{"href":"https:\/\/sidispinnt.ch\/index.php?rest_route=\/wp\/v2\/product\/110202","targetHints":{"allow":["GET"]}}],"collection":[{"href":"https:\/\/sidispinnt.ch\/index.php?rest_route=\/wp\/v2\/product"}],"about":[{"href":"https:\/\/sidispinnt.ch\/index.php?rest_route=\/wp\/v2\/types\/product"}],"replies":[{"embeddable":true,"href":"https:\/\/sidispinnt.ch\/index.php?rest_route=%2Fwp%2Fv2%2Fcomments&post=110202"}],"wp:featuredmedia":[{"embeddable":true,"href":"https:\/\/sidispinnt.ch\/index.php?rest_route=\/wp\/v2\/media\/110175"}],"wp:attachment":[{"href":"https:\/\/sidispinnt.ch\/index.php?rest_route=%2Fwp%2Fv2%2Fmedia&parent=110202"}],"wp:term":[{"taxonomy":"product_cat","embeddable":true,"href":"https:\/\/sidispinnt.ch\/index.php?rest_route=%2Fwp%2Fv2%2Fproduct_cat&post=110202"},{"taxonomy":"product_tag","embeddable":true,"href":"https:\/\/sidispinnt.ch\/index.php?rest_route=%2Fwp%2Fv2%2Fproduct_tag&post=110202"}],"curies":[{"name":"wp","href":"https:\/\/api.w.org\/{rel}","templated":true}]}}