{"id":110205,"date":"2024-08-19T17:15:37","date_gmt":"2024-08-19T15:15:37","guid":{"rendered":"https:\/\/sidispinnt.ch\/?post_type=product&#038;p=110205"},"modified":"2024-08-20T21:53:48","modified_gmt":"2024-08-20T19:53:48","slug":"snowy-mountain-sweater-anleitung","status":"publish","type":"product","link":"https:\/\/sidispinnt.ch\/?product=snowy-mountain-sweater-anleitung","title":{"rendered":"Snowy Mountain Sweater Anleitung"},"content":{"rendered":"<p>Gr\u00f6ssen: XS (S1, S2, M1, M2) L1, L2, XL, 2XL, 3XL<\/p>\n<p><strong>Str\u00e4nge<\/strong><br \/>\nHF: 4 (4, 4, 5, 5) 6, 6, 6, 7, 7, KF1: 1 (1, 1, 1, 1) 1, 1, 2, 2, 2, KF2: f\u00fcr alle Gr\u00f6ssen 1 Strange<\/p>\n<p><strong>In Laufmeter<\/strong><br \/>\nHF: 617 (678, 740, 802, 863) 925, 987, 1048, 1110, 1172m<br \/>\n672 (739, 807, 874, 941) 1008, 1075, 1143, 1210, 1277y<br \/>\nKF1: 93 (112, 122, 132, 142) 153, 163, 173, 183, 193m<br \/>\n102 (122, 133, 144, 155) 166, 177, 188, 199, 211y<br \/>\nKF2: 70 (84, 92, 100, 107) 115, 123, 130, 138, 146m<br \/>\n77 (92, 100, 109, 117) 125, 134, 142, 150, 159y<\/p>\n<p><strong>Brustumfang<\/strong><br \/>\n83 (92, 100, 108, 117) 125, 133, 142, 150, 158cm<br \/>\n32.8 (36.1, 39.4, 42.7, 45.9) 49.2, 52.5, 55.8, 59.1, 62.3\u201c<br \/>\nAlle Gr\u00f6ssenangaben findest du ganz unten in den Bildern<\/p>\n<p><strong>Verwendete Techniken in dieser Anleitung<\/strong><\/p>\n<ul>\n<li>Verk\u00fcrzte Reihen mit wrap &amp; turn<\/li>\n<li>Three needle bind off<\/li>\n<li>Zweifarbiges Stricken<\/li>\n<\/ul>\n","protected":false},"excerpt":{"rendered":"<p><em>\u00abSchneeflocken fallen dicht an dicht auf die Berggipfel\u00bb<\/em><\/p>\n<p>Der Snowy Mountain Sweater wird, mit einem zweifarbigen Bund aus Schneemuster, nahtlos von unten nach oben in Runden gestrickt. Er beginnt mit einem 1&#215;1 B\u00fcndchen, gefolgt von dem zweifarbigen Muster. Nach der Trennung von der Vorder- und R\u00fcckseite werden mit verk\u00fcrzten Reihen die Schultern geformt. Es gibt keine Zu- oder Abnahmen an den K\u00f6rperseiten. Er wird mit ca. 10-20cm (5-10\u201d) zus\u00e4tzlicher Weite um die Oberweite getragen. Gezeigt in Gr\u00f6sse S2 mit einer 84cm (33\u201d) Oberweite.<\/p>\n<p>Die Strickanleitung beinhaltet PDFs in Deutsch und Englisch zum direkten Download.<\/p>\n","protected":false},"featured_media":110188,"comment_status":"open","ping_status":"closed","template":"","meta":[],"product_cat":[4167],"product_tag":[4535,4171,3090],"class_list":{"0":"post-110205","1":"product","2":"type-product","3":"status-publish","4":"has-post-thumbnail","6":"product_brand-sidispinnt","7":"product_cat-strickanleitungen","8":"product_tag-pullover","9":"product_tag-strickanleitungen","10":"product_tag-stricken","12":"first","13":"instock","14":"downloadable","15":"virtual","16":"purchasable","17":"product-type-simple"},"_links":{"self":[{"href":"https:\/\/sidispinnt.ch\/index.php?rest_route=\/wp\/v2\/product\/110205","targetHints":{"allow":["GET"]}}],"collection":[{"href":"https:\/\/sidispinnt.ch\/index.php?rest_route=\/wp\/v2\/product"}],"about":[{"href":"https:\/\/sidispinnt.ch\/index.php?rest_route=\/wp\/v2\/types\/product"}],"replies":[{"embeddable":true,"href":"https:\/\/sidispinnt.ch\/index.php?rest_route=%2Fwp%2Fv2%2Fcomments&post=110205"}],"wp:featuredmedia":[{"embeddable":true,"href":"https:\/\/sidispinnt.ch\/index.php?rest_route=\/wp\/v2\/media\/110188"}],"wp:attachment":[{"href":"https:\/\/sidispinnt.ch\/index.php?rest_route=%2Fwp%2Fv2%2Fmedia&parent=110205"}],"wp:term":[{"taxonomy":"product_cat","embeddable":true,"href":"https:\/\/sidispinnt.ch\/index.php?rest_route=%2Fwp%2Fv2%2Fproduct_cat&post=110205"},{"taxonomy":"product_tag","embeddable":true,"href":"https:\/\/sidispinnt.ch\/index.php?rest_route=%2Fwp%2Fv2%2Fproduct_tag&post=110205"}],"curies":[{"name":"wp","href":"https:\/\/api.w.org\/{rel}","templated":true}]}}